{"id":93,"date":"2017-03-14T10:17:37","date_gmt":"2017-03-14T09:17:37","guid":{"rendered":"https:\/\/www.domainedurayol.org\/plan-du-site\/"},"modified":"2017-04-13T16:28:38","modified_gmt":"2017-04-13T14:28:38","slug":"plan-du-site","status":"publish","type":"page","link":"https:\/\/www.domainedurayol.org\/en\/plan-du-site\/","title":{"rendered":"Plan du site"},"content":{"rendered":"<ul><li class=\"page_item page-item-10285\"><a href=\"https:\/\/www.domainedurayol.org\/en\/newsletter\/\">Newsletter<\/a><\/li>\n<li class=\"page_item page-item-2\"><a href=\"https:\/\/www.domainedurayol.org\/en\/\">Accueil<\/a><\/li>\n<li class=\"page_item page-item-52 page_item_has_children\"><a href=\"https:\/\/www.domainedurayol.org\/en\/maternelles\/\">Maternelles<\/a>\n<ul class='children'>\n\t<li class=\"page_item page-item-2888\"><a href=\"https:\/\/www.domainedurayol.org\/en\/maternelles\/eveil-sens-jardin\/\">Eveil des sens au jardin<\/a><\/li>\n\t<li class=\"page_item page-item-2889\"><a href=\"https:\/\/www.domainedurayol.org\/en\/maternelles\/eveil-sens-a-mer\/\">Eveil des sens \u00e0 la mer<\/a><\/li>\n<\/ul>\n<\/li>\n<li class=\"page_item page-item-3 page_item_has_children\"><a href=\"https:\/\/www.domainedurayol.org\/en\/the-garden\/\">More than a garden<\/a>\n<ul class='children'>\n\t<li class=\"page_item page-item-1948\"><a href=\"https:\/\/www.domainedurayol.org\/en\/the-garden\/the-concept\/\">The concept of the Garden<\/a><\/li>\n\t<li class=\"page_item page-item-7 page_item_has_children\"><a href=\"https:\/\/www.domainedurayol.org\/en\/the-garden\/map\/\">Garden&#8217;s map<\/a>\n\t<ul class='children'>\n\t\t<li class=\"page_item page-item-8\"><a href=\"https:\/\/www.domainedurayol.org\/en\/the-garden\/map\/the-canary-islands-garden\/\">The Canary Islands Garden<\/a><\/li>\n\t\t<li class=\"page_item page-item-9\"><a href=\"https:\/\/www.domainedurayol.org\/en\/the-garden\/map\/the-californian-garden\/\">The Californian Garden<\/a><\/li>\n\t\t<li class=\"page_item page-item-10\"><a href=\"https:\/\/www.domainedurayol.org\/en\/the-garden\/map\/the-south-african-garden\/\">The South African Garden<\/a><\/li>\n\t\t<li class=\"page_item page-item-11\"><a href=\"https:\/\/www.domainedurayol.org\/en\/the-garden\/map\/the-australian-garden\/\">The Australian Garden<\/a><\/li>\n\t\t<li class=\"page_item page-item-12\"><a href=\"https:\/\/www.domainedurayol.org\/en\/the-garden\/map\/the-subtropical-asian-garden\/\">The Subtropical Asian Garden<\/a><\/li>\n\t\t<li class=\"page_item page-item-13\"><a href=\"https:\/\/www.domainedurayol.org\/en\/the-garden\/map\/the-new-zealand-garden\/\">The New Zealand Garden<\/a><\/li>\n\t\t<li class=\"page_item page-item-14\"><a href=\"https:\/\/www.domainedurayol.org\/en\/the-garden\/map\/the-arid-american-garden\/\">The Arid American Garden<\/a><\/li>\n\t\t<li class=\"page_item page-item-15\"><a href=\"https:\/\/www.domainedurayol.org\/en\/the-garden\/map\/the-subtropical-american-garden\/\">The Subtropical American Garden<\/a><\/li>\n\t\t<li class=\"page_item page-item-16\"><a href=\"https:\/\/www.domainedurayol.org\/en\/the-garden\/map\/the-chilean-garden\/\">The Chilean Garden<\/a><\/li>\n\t\t<li class=\"page_item page-item-17\"><a href=\"https:\/\/www.domainedurayol.org\/en\/the-garden\/map\/the-mediterranean-gardens\/\">The Mediterranean Gardens<\/a><\/li>\n\t\t<li class=\"page_item page-item-18\"><a href=\"https:\/\/www.domainedurayol.org\/en\/the-garden\/map\/the-marine-garden\/\">The Marine Garden<\/a><\/li>\n\t\t<li class=\"page_item page-item-19\"><a href=\"https:\/\/www.domainedurayol.org\/en\/the-garden\/map\/rock-roses\/\">Rock roses<\/a><\/li>\n\t\t<li class=\"page_item page-item-20\"><a href=\"https:\/\/www.domainedurayol.org\/en\/the-garden\/map\/the-maquis\/\">The maquis<\/a><\/li>\n\t\t<li class=\"page_item page-item-21\"><a href=\"https:\/\/www.domainedurayol.org\/en\/the-garden\/map\/the-buildings\/\">The buildings<\/a><\/li>\n\t<\/ul>\n<\/li>\n\t<li class=\"page_item page-item-22\"><a href=\"https:\/\/www.domainedurayol.org\/en\/the-garden\/the-four-seasons\/\">Each season its wonder<\/a><\/li>\n\t<li class=\"page_item page-item-28\"><a href=\"https:\/\/www.domainedurayol.org\/en\/the-garden\/the-cafe-des-jardiniers\/\">The Gardeners&#8217; Caf\u00e9-Restaurant<\/a><\/li>\n\t<li class=\"page_item page-item-29\"><a href=\"https:\/\/www.domainedurayol.org\/en\/the-garden\/the-gardeners-bookshop\/\">The Gardeners&#8217; Bookshop<\/a><\/li>\n\t<li class=\"page_item page-item-1979 page_item_has_children\"><a href=\"https:\/\/www.domainedurayol.org\/en\/the-garden\/the-domaine-du-rayol-nursery\/\">The Ecological Plant shop<\/a>\n\t<ul class='children'>\n\t\t<li class=\"page_item page-item-30\"><a href=\"https:\/\/www.domainedurayol.org\/en\/the-garden\/the-domaine-du-rayol-nursery\/le-catalogue-de-la-pepiniere\/\">Le catalogue de la p\u00e9pini\u00e8re<\/a><\/li>\n\t<\/ul>\n<\/li>\n\t<li class=\"page_item page-item-85 page_item_has_children\"><a href=\"https:\/\/www.domainedurayol.org\/en\/the-garden\/business-events\/\">Business events<\/a>\n\t<ul class='children'>\n\t\t<li class=\"page_item page-item-86\"><a href=\"https:\/\/www.domainedurayol.org\/en\/the-garden\/business-events\/seminaires\/\">S\u00e9minaires<\/a><\/li>\n\t\t<li class=\"page_item page-item-87\"><a href=\"https:\/\/www.domainedurayol.org\/en\/the-garden\/business-events\/locations-despaces\/\">Locations d&#8217;espaces<\/a><\/li>\n\t\t<li class=\"page_item page-item-2308\"><a href=\"https:\/\/www.domainedurayol.org\/en\/the-garden\/business-events\/formule-seminaires\/\">Formule S\u00e9minaires<\/a><\/li>\n\t<\/ul>\n<\/li>\n\t<li class=\"page_item page-item-12334\"><a href=\"https:\/\/www.domainedurayol.org\/en\/the-garden\/shootings\/\">Shootings<\/a><\/li>\n<\/ul>\n<\/li>\n<li class=\"page_item page-item-53 page_item_has_children\"><a href=\"https:\/\/www.domainedurayol.org\/en\/primaires\/\">Primaires<\/a>\n<ul class='children'>\n\t<li class=\"page_item page-item-2890\"><a href=\"https:\/\/www.domainedurayol.org\/en\/primaires\/tresors-de-plage\/\">Les tr\u00e9sors de la plage<\/a><\/li>\n\t<li class=\"page_item page-item-2891\"><a href=\"https:\/\/www.domainedurayol.org\/en\/primaires\/voyageons-avec-les-plantes\/\">Voyageons avec les plantes<\/a><\/li>\n\t<li class=\"page_item page-item-2892\"><a href=\"https:\/\/www.domainedurayol.org\/en\/primaires\/decouverte-du-littoral\/\">D\u00e9couverte du littoral<\/a><\/li>\n<\/ul>\n<\/li>\n<li class=\"page_item page-item-31 page_item_has_children\"><a href=\"https:\/\/www.domainedurayol.org\/en\/a-century-of-history\/\">A century of history<\/a>\n<ul class='children'>\n\t<li class=\"page_item page-item-32 page_item_has_children\"><a href=\"https:\/\/www.domainedurayol.org\/en\/a-century-of-history\/from-yesterday-to-today\/\">From 1900 to 1989<\/a>\n\t<ul class='children'>\n\t\t<li class=\"page_item page-item-35\"><a href=\"https:\/\/www.domainedurayol.org\/en\/a-century-of-history\/from-yesterday-to-today\/gilles-clement\/\">Gilles Cl\u00e9ment<\/a><\/li>\n\t<\/ul>\n<\/li>\n\t<li class=\"page_item page-item-34\"><a href=\"https:\/\/www.domainedurayol.org\/en\/a-century-of-history\/coastal-protection-agency\/\">The Coastal Protection Agency and Gilles Cl\u00e9ment<\/a><\/li>\n\t<li class=\"page_item page-item-36 page_item_has_children\"><a href=\"https:\/\/www.domainedurayol.org\/en\/a-century-of-history\/the-domaine-du-rayol-association\/\">Today: the Domaine du Rayol Association<\/a>\n\t<ul class='children'>\n\t\t<li class=\"page_item page-item-37 page_item_has_children\"><a href=\"https:\/\/www.domainedurayol.org\/en\/a-century-of-history\/the-domaine-du-rayol-association\/who-are-we\/\">Who are we ?<\/a>\n\t\t<ul class='children'>\n\t\t\t<li class=\"page_item page-item-38\"><a href=\"https:\/\/www.domainedurayol.org\/en\/a-century-of-history\/the-domaine-du-rayol-association\/who-are-we\/shared-values\/\">Shared values<\/a><\/li>\n\t\t\t<li class=\"page_item page-item-39\"><a href=\"https:\/\/www.domainedurayol.org\/en\/a-century-of-history\/the-domaine-du-rayol-association\/who-are-we\/our-advisors\/\">Our advisors<\/a><\/li>\n\t\t<\/ul>\n<\/li>\n\t\t<li class=\"page_item page-item-41\"><a href=\"https:\/\/www.domainedurayol.org\/en\/a-century-of-history\/the-domaine-du-rayol-association\/support-the-domaine-du-rayol-association\/\">Support the Domaine du Rayol Association<\/a><\/li>\n\t\t<li class=\"page_item page-item-42\"><a href=\"https:\/\/www.domainedurayol.org\/en\/a-century-of-history\/the-domaine-du-rayol-association\/our-partners\/\">Our partners<\/a><\/li>\n\t<\/ul>\n<\/li>\n\t<li class=\"page_item page-item-12273\"><a href=\"https:\/\/www.domainedurayol.org\/en\/a-century-of-history\/the-villas-and-edifices\/\">The Villas and edifices<\/a><\/li>\n<\/ul>\n<\/li>\n<li class=\"page_item page-item-54 page_item_has_children\"><a href=\"https:\/\/www.domainedurayol.org\/en\/colleges\/\">Coll\u00e8ges<\/a>\n<ul class='children'>\n\t<li class=\"page_item page-item-2878\"><a href=\"https:\/\/www.domainedurayol.org\/en\/colleges\/visite-decouverte-jardin-mediterranees\/\">Visite d\u00e9couverte du Jardin des M\u00e9diterran\u00e9es<\/a><\/li>\n\t<li class=\"page_item page-item-2879\"><a href=\"https:\/\/www.domainedurayol.org\/en\/colleges\/decouverte-littoral-espace-entre-terre-mer\/\">D\u00e9couverte du littoral : un espace entre terre et mer<\/a><\/li>\n\t<li class=\"page_item page-item-2880\"><a href=\"https:\/\/www.domainedurayol.org\/en\/colleges\/climat-paysages-mediterraneens-biodiversite-adaptations-plantes\/\">Climat et paysages m\u00e9diterran\u00e9ens, biodiversit\u00e9 et adaptations des plantes<\/a><\/li>\n\t<li class=\"page_item page-item-2881\"><a href=\"https:\/\/www.domainedurayol.org\/en\/colleges\/levolution-plantes-cours-temps\/\">L&#8217;\u00e9volution des plantes au cours du temps<\/a><\/li>\n\t<li class=\"page_item page-item-2882\"><a href=\"https:\/\/www.domainedurayol.org\/en\/colleges\/relations-entre-plantes-lhomme-animaux\/\">Les relations entre les plantes, l&#8217;homme et les animaux<\/a><\/li>\n<\/ul>\n<\/li>\n<li class=\"page_item page-item-55\"><a href=\"https:\/\/www.domainedurayol.org\/en\/lycees-et-enseignement-superieur\/\">Lyc\u00e9es et Enseignement sup\u00e9rieur<\/a><\/li>\n<li class=\"page_item page-item-43 page_item_has_children\"><a href=\"https:\/\/www.domainedurayol.org\/en\/tours-and-activities\/\">Tours and Activities<\/a>\n<ul class='children'>\n\t<li class=\"page_item page-item-12288\"><a href=\"https:\/\/www.domainedurayol.org\/en\/tours-and-activities\/guided-tours\/\">Daily guided tours<\/a><\/li>\n\t<li class=\"page_item page-item-44\"><a href=\"https:\/\/www.domainedurayol.org\/en\/tours-and-activities\/self-guided-tours\/\">Self-guided tours<\/a><\/li>\n\t<li class=\"page_item page-item-49\"><a href=\"https:\/\/www.domainedurayol.org\/en\/tours-and-activities\/group-tours\/\">Group tours<\/a><\/li>\n\t<li class=\"page_item page-item-47\"><a href=\"https:\/\/www.domainedurayol.org\/en\/tours-and-activities\/themed-tours\/\">Themed tours<\/a><\/li>\n\t<li class=\"page_item page-item-58\"><a href=\"https:\/\/www.domainedurayol.org\/en\/tours-and-activities\/children-activities\/\">Children activities<\/a><\/li>\n\t<li class=\"page_item page-item-3748\"><a href=\"https:\/\/www.domainedurayol.org\/en\/tours-and-activities\/snorkeling\/\">Snorkeling<\/a><\/li>\n\t<li class=\"page_item page-item-63\"><a href=\"https:\/\/www.domainedurayol.org\/en\/tours-and-activities\/training-courses\/\">Training Courses<\/a><\/li>\n\t<li class=\"page_item page-item-51\"><a href=\"https:\/\/www.domainedurayol.org\/en\/tours-and-activities\/schools\/\">Schools<\/a><\/li>\n<\/ul>\n<\/li>\n<li class=\"page_item page-item-68 page_item_has_children\"><a href=\"https:\/\/www.domainedurayol.org\/en\/events\/\">Events<\/a>\n<ul class='children'>\n\t<li class=\"page_item page-item-12295\"><a href=\"https:\/\/www.domainedurayol.org\/en\/events\/gondwana-the-mediterranean-plant-festival\/\">Gondwana, the Mediterranean Plant Festival<\/a><\/li>\n\t<li class=\"page_item page-item-72\"><a href=\"https:\/\/www.domainedurayol.org\/en\/events\/concerts\/\">Romantic Evenings Festival<\/a><\/li>\n\t<li class=\"page_item page-item-56\"><a href=\"https:\/\/www.domainedurayol.org\/en\/events\/permanent-exhibitions\/\">Permanent exhibitions<\/a><\/li>\n\t<li class=\"page_item page-item-12309\"><a href=\"https:\/\/www.domainedurayol.org\/en\/events\/temporary-exhibitions\/\">Temporary exhibitions<\/a><\/li>\n<\/ul>\n<\/li>\n<li class=\"page_item page-item-2876\"><a href=\"https:\/\/www.domainedurayol.org\/en\/un-jardin-au-naturel\/\">Un jardin au naturel<\/a><\/li>\n<li class=\"page_item page-item-77 page_item_has_children\"><a href=\"https:\/\/www.domainedurayol.org\/en\/useful-information\/\">Useful information<\/a>\n<ul class='children'>\n\t<li class=\"page_item page-item-78\"><a href=\"https:\/\/www.domainedurayol.org\/en\/useful-information\/access-contact\/\">Access &amp; contact<\/a><\/li>\n\t<li class=\"page_item page-item-79\"><a href=\"https:\/\/www.domainedurayol.org\/en\/useful-information\/hours-admission\/\">Hours &amp; admission<\/a><\/li>\n\t<li class=\"page_item page-item-81\"><a href=\"https:\/\/www.domainedurayol.org\/en\/useful-information\/visitors-guidelines-faq\/\">Visitors\u2019 guidelines &amp; FAQs<\/a><\/li>\n\t<li class=\"page_item page-item-82\"><a href=\"https:\/\/www.domainedurayol.org\/en\/useful-information\/reduced-mobility-access\/\">Reduced mobility access<\/a><\/li>\n\t<li class=\"page_item page-item-90\"><a href=\"https:\/\/www.domainedurayol.org\/en\/useful-information\/press\/\">Press<\/a><\/li>\n<\/ul>\n<\/li>\n<li class=\"page_item page-item-2877\"><a href=\"https:\/\/www.domainedurayol.org\/en\/initiation-land-art\/\">Initiation au land-art<\/a><\/li>\n<li class=\"page_item page-item-91\"><a href=\"https:\/\/www.domainedurayol.org\/en\/conditions-generales-de-vente\/\">Conditions G\u00e9n\u00e9rales de Vente<\/a><\/li>\n<li class=\"page_item page-item-92\"><a href=\"https:\/\/www.domainedurayol.org\/en\/mentions-legales\/\">Mentions l\u00e9gales<\/a><\/li>\n<li class=\"page_item page-item-93\"><a href=\"https:\/\/www.domainedurayol.org\/en\/plan-du-site\/\">Plan du site<\/a><\/li>\n<li class=\"page_item page-item-2363\"><a href=\"https:\/\/www.domainedurayol.org\/en\/billetterie\/\">Billetterie<\/a><\/li>\n<\/ul>\n","protected":false},"excerpt":{"rendered":"","protected":false},"author":1,"featured_media":0,"parent":0,"menu_order":110,"comment_status":"closed","ping_status":"closed","template":"","meta":{"_acf_changed":false,"footnotes":""},"class_list":["post-93","page","type-page","status-publish","hentry"],"acf":[],"yoast_head":"<!-- This site is optimized with the Yoast SEO plugin v24.1 - https:\/\/yoast.com\/wordpress\/plugins\/seo\/ -->\n<title>Plan du site - Domaine du Rayol<\/title>\n<meta name=\"robots\" content=\"index, follow, max-snippet:-1, max-image-preview:large, max-video-preview:-1\" \/>\n<link rel=\"canonical\" href=\"https:\/\/www.domainedurayol.org\/en\/plan-du-site\/\" \/>\n<meta property=\"og:locale\" content=\"en_US\" \/>\n<meta property=\"og:type\" content=\"article\" \/>\n<meta property=\"og:title\" content=\"Plan du site - Domaine du Rayol\" \/>\n<meta property=\"og:url\" content=\"https:\/\/www.domainedurayol.org\/en\/plan-du-site\/\" \/>\n<meta property=\"og:site_name\" content=\"Domaine du Rayol\" \/>\n<meta property=\"article:modified_time\" content=\"2017-04-13T14:28:38+00:00\" \/>\n<meta name=\"twitter:card\" content=\"summary_large_image\" \/>\n<script type=\"application\/ld+json\" class=\"yoast-schema-graph\">{\"@context\":\"https:\/\/schema.org\",\"@graph\":[{\"@type\":\"WebPage\",\"@id\":\"https:\/\/www.domainedurayol.org\/en\/plan-du-site\/\",\"url\":\"https:\/\/www.domainedurayol.org\/en\/plan-du-site\/\",\"name\":\"Plan du site - Domaine du Rayol\",\"isPartOf\":{\"@id\":\"https:\/\/www.domainedurayol.org\/en\/#website\"},\"datePublished\":\"2017-03-14T09:17:37+00:00\",\"dateModified\":\"2017-04-13T14:28:38+00:00\",\"breadcrumb\":{\"@id\":\"https:\/\/www.domainedurayol.org\/en\/plan-du-site\/#breadcrumb\"},\"inLanguage\":\"en-EN\",\"potentialAction\":[{\"@type\":\"ReadAction\",\"target\":[\"https:\/\/www.domainedurayol.org\/en\/plan-du-site\/\"]}]},{\"@type\":\"BreadcrumbList\",\"@id\":\"https:\/\/www.domainedurayol.org\/en\/plan-du-site\/#breadcrumb\",\"itemListElement\":[{\"@type\":\"ListItem\",\"position\":1,\"name\":\"Accueil\",\"item\":\"https:\/\/www.domainedurayol.org\/en\/\"},{\"@type\":\"ListItem\",\"position\":2,\"name\":\"Plan du site\"}]},{\"@type\":\"WebSite\",\"@id\":\"https:\/\/www.domainedurayol.org\/en\/#website\",\"url\":\"https:\/\/www.domainedurayol.org\/en\/\",\"name\":\"Domaine du Rayol\",\"description\":\"Le Jardin des M\u00e9diterran\u00e9es\",\"potentialAction\":[{\"@type\":\"SearchAction\",\"target\":{\"@type\":\"EntryPoint\",\"urlTemplate\":\"https:\/\/www.domainedurayol.org\/en\/?s={search_term_string}\"},\"query-input\":{\"@type\":\"PropertyValueSpecification\",\"valueRequired\":true,\"valueName\":\"search_term_string\"}}],\"inLanguage\":\"en-EN\"}]}<\/script>\n<!-- \/ Yoast SEO plugin. -->","yoast_head_json":{"title":"Plan du site - Domaine du Rayol","robots":{"index":"index","follow":"follow","max-snippet":"max-snippet:-1","max-image-preview":"max-image-preview:large","max-video-preview":"max-video-preview:-1"},"canonical":"https:\/\/www.domainedurayol.org\/en\/plan-du-site\/","og_locale":"en_US","og_type":"article","og_title":"Plan du site - Domaine du Rayol","og_url":"https:\/\/www.domainedurayol.org\/en\/plan-du-site\/","og_site_name":"Domaine du Rayol","article_modified_time":"2017-04-13T14:28:38+00:00","twitter_card":"summary_large_image","schema":{"@context":"https:\/\/schema.org","@graph":[{"@type":"WebPage","@id":"https:\/\/www.domainedurayol.org\/en\/plan-du-site\/","url":"https:\/\/www.domainedurayol.org\/en\/plan-du-site\/","name":"Plan du site - Domaine du Rayol","isPartOf":{"@id":"https:\/\/www.domainedurayol.org\/en\/#website"},"datePublished":"2017-03-14T09:17:37+00:00","dateModified":"2017-04-13T14:28:38+00:00","breadcrumb":{"@id":"https:\/\/www.domainedurayol.org\/en\/plan-du-site\/#breadcrumb"},"inLanguage":"en-EN","potentialAction":[{"@type":"ReadAction","target":["https:\/\/www.domainedurayol.org\/en\/plan-du-site\/"]}]},{"@type":"BreadcrumbList","@id":"https:\/\/www.domainedurayol.org\/en\/plan-du-site\/#breadcrumb","itemListElement":[{"@type":"ListItem","position":1,"name":"Accueil","item":"https:\/\/www.domainedurayol.org\/en\/"},{"@type":"ListItem","position":2,"name":"Plan du site"}]},{"@type":"WebSite","@id":"https:\/\/www.domainedurayol.org\/en\/#website","url":"https:\/\/www.domainedurayol.org\/en\/","name":"Domaine du Rayol","description":"Le Jardin des M\u00e9diterran\u00e9es","potentialAction":[{"@type":"SearchAction","target":{"@type":"EntryPoint","urlTemplate":"https:\/\/www.domainedurayol.org\/en\/?s={search_term_string}"},"query-input":{"@type":"PropertyValueSpecification","valueRequired":true,"valueName":"search_term_string"}}],"inLanguage":"en-EN"}]}},"_links":{"self":[{"href":"https:\/\/www.domainedurayol.org\/en\/wp-json\/wp\/v2\/pages\/93","targetHints":{"allow":["GET"]}}],"collection":[{"href":"https:\/\/www.domainedurayol.org\/en\/wp-json\/wp\/v2\/pages"}],"about":[{"href":"https:\/\/www.domainedurayol.org\/en\/wp-json\/wp\/v2\/types\/page"}],"author":[{"embeddable":true,"href":"https:\/\/www.domainedurayol.org\/en\/wp-json\/wp\/v2\/users\/1"}],"replies":[{"embeddable":true,"href":"https:\/\/www.domainedurayol.org\/en\/wp-json\/wp\/v2\/comments?post=93"}],"version-history":[{"count":0,"href":"https:\/\/www.domainedurayol.org\/en\/wp-json\/wp\/v2\/pages\/93\/revisions"}],"wp:attachment":[{"href":"https:\/\/www.domainedurayol.org\/en\/wp-json\/wp\/v2\/media?parent=93"}],"curies":[{"name":"wp","href":"https:\/\/api.w.org\/{rel}","templated":true}]}}