{"id":85,"date":"2017-03-14T10:17:36","date_gmt":"2017-03-14T09:17:36","guid":{"rendered":"https:\/\/www.domainedurayol.org\/infos-pratiques\/seminaires-locations-despaces\/"},"modified":"2024-06-19T15:51:24","modified_gmt":"2024-06-19T13:51:24","slug":"business-events","status":"publish","type":"page","link":"https:\/\/www.domainedurayol.org\/en\/the-garden\/business-events\/","title":{"rendered":"Business events"},"content":{"rendered":"<p><del>N<\/del>estled at the foot of the Massif des Maures, opposite the \u00celes d\u2019Hy\u00e8res, the Domaine du Rayol is a privileged place for organizing business events. Whether for a seminar and\/or professional meetings, several spaces associated with packages can be made available in this exceptional setting of 7 hectares of Mediterranean Gardens.<\/p>\n<h2>They trusted us<\/h2>\n<p>Acta Vista, Botanic, Cap Kaya, Conseil g\u00e9n\u00e9ral du Var, DCNS, EDF, Envirobat M\u00e9diterran\u00e9e, F\u00e9d\u00e9ration Fran\u00e7aise du Paysage, Fondation Total, Gecina, Goliath, Groupement des Ing\u00e9nieurs ETP PACA, La Guilde des Lunetiers, Losfor, Procter &amp; Gamble, Parc national de Port-Cros, Parcs nationaux de France, R\u00e9gion Provence-Alpes-C\u00f4te d&#8217;Azur, SIDECM (Syndicat Intercommunal de Distribution d\u2019Eau de la Corniche des Maures), Someca, Uris Provence, etc.<\/p>\n<div class=\"gallery gallery-split\"><div class=\"gallery-captions\"><p class=\"gallery-captions__item\"><span class=\"gallery-captions__item__number\">01.<\/span> <\/p><p class=\"gallery-captions__item\"><span class=\"gallery-captions__item__number\">02.<\/span> <\/p><\/div><a class=\"gallery__item\" href=\"https:\/\/www.domainedurayol.org\/en\/wp-content\/uploads\/sites\/4\/2024\/06\/\u00a9-Domaine-du-Rayol-AT.jpg\" title=\"\u00a9 Domaine du Rayol, AT\">\n                    <div class=\"gallery__item__thumbnail\" style=\"background-image: url(https:\/\/www.domainedurayol.org\/en\/wp-content\/uploads\/sites\/4\/2024\/06\/\u00a9-Domaine-du-Rayol-AT.jpg)\"><\/div>\n                    <span class=\"gallery__item__number\">01<\/span>\n                <\/a><a class=\"gallery__item\" href=\"https:\/\/www.domainedurayol.org\/en\/wp-content\/uploads\/sites\/4\/2024\/06\/Colloque-Parcs-et-Jardins-PACA-\u00a9-Domaine-du-Rayol-AT-4.jpg\" title=\"Colloque Parcs et Jardins PACA \u00a9 Domaine du Rayol, AT (4)\">\n                    <div class=\"gallery__item__thumbnail\" style=\"background-image: url(https:\/\/www.domainedurayol.org\/en\/wp-content\/uploads\/sites\/4\/2024\/06\/Colloque-Parcs-et-Jardins-PACA-\u00a9-Domaine-du-Rayol-AT-4.jpg)\"><\/div>\n                    <span class=\"gallery__item__number\">02<\/span>\n                <\/a><\/div>\n<p style=\"text-align: center\"><a class=\"btn\" href=\"https:\/\/www.domainedurayol.org\/infos-pratiques\/seminaires-location-despaces\/\" target=\"_blank\" rel=\"noopener noreferrer\">Catalog (French Website)<\/a><\/p>\n<h2>Contact us<\/h2>\n<p style=\"text-align: left\">\n<div class=\"wpcf7 no-js\" id=\"wpcf7-f2588-o1\" lang=\"fr-FR\" dir=\"ltr\" data-wpcf7-id=\"2588\">\n<div class=\"screen-reader-response\"><p role=\"status\" aria-live=\"polite\" aria-atomic=\"true\"><\/p> <ul><\/ul><\/div>\n<form action=\"\/en\/wp-json\/wp\/v2\/pages\/85#wpcf7-f2588-o1\" method=\"post\" class=\"wpcf7-form init\" aria-label=\"Contact form\" novalidate=\"novalidate\" data-status=\"init\">\n<div style=\"display: none;\">\n<input type=\"hidden\" name=\"_wpcf7\" value=\"2588\" \/>\n<input type=\"hidden\" name=\"_wpcf7_version\" value=\"6.0.2\" \/>\n<input type=\"hidden\" name=\"_wpcf7_locale\" value=\"fr_FR\" \/>\n<input type=\"hidden\" name=\"_wpcf7_unit_tag\" value=\"wpcf7-f2588-o1\" \/>\n<input type=\"hidden\" name=\"_wpcf7_container_post\" value=\"0\" \/>\n<input type=\"hidden\" name=\"_wpcf7_posted_data_hash\" value=\"\" \/>\n<input type=\"hidden\" name=\"_wpcf7_recaptcha_response\" value=\"\" \/>\n<\/div>\n<div class=\"form form--cf7\">\n\t<div class=\"form-group\">\n\t\t<p><label class=\"u-sr-only\">Nom<\/label><span class=\"wpcf7-form-control-wrap\" data-name=\"contact-nom\"><input size=\"40\" maxlength=\"400\" class=\"wpcf7-form-control wpcf7-text wpcf7-validates-as-required\" aria-required=\"true\" aria-invalid=\"false\" placeholder=\"Nom*\" value=\"\" type=\"text\" name=\"contact-nom\" \/><\/span>\n\t\t<\/p>\n\t<\/div>\n\t<div class=\"form-group\">\n\t\t<p><label class=\"u-sr-only\">Pr\u00e9nom<\/label><span class=\"wpcf7-form-control-wrap\" data-name=\"contact-prenom\"><input size=\"40\" maxlength=\"400\" class=\"wpcf7-form-control wpcf7-text wpcf7-validates-as-required\" aria-required=\"true\" aria-invalid=\"false\" placeholder=\"Pr\u00e9nom*\" value=\"\" type=\"text\" name=\"contact-prenom\" \/><\/span>\n\t\t<\/p>\n\t<\/div>\n\t<div class=\"form-group\">\n\t\t<p><label class=\"u-sr-only\">Structure<\/label><span class=\"wpcf7-form-control-wrap\" data-name=\"nom-structure\"><input size=\"40\" maxlength=\"400\" class=\"wpcf7-form-control wpcf7-text\" aria-invalid=\"false\" placeholder=\"Structure\" value=\"\" type=\"text\" name=\"nom-structure\" \/><\/span>\n\t\t<\/p>\n\t<\/div>\n\t<div class=\"form-group\">\n\t\t<p><label class=\"u-sr-only\">E-mail<\/label><span class=\"wpcf7-form-control-wrap\" data-name=\"contact-email\"><input size=\"40\" maxlength=\"400\" class=\"wpcf7-form-control wpcf7-email wpcf7-validates-as-required wpcf7-text wpcf7-validates-as-email\" aria-required=\"true\" aria-invalid=\"false\" placeholder=\"E-mail*\" value=\"\" type=\"email\" name=\"contact-email\" \/><\/span>\n\t\t<\/p>\n\t<\/div>\n\t<div class=\"form-group\">\n\t\t<p><label class=\"u-sr-only\">Message<\/label><span class=\"wpcf7-form-control-wrap\" data-name=\"contact-message\"><textarea cols=\"40\" rows=\"10\" maxlength=\"2000\" class=\"wpcf7-form-control wpcf7-textarea wpcf7-validates-as-required\" aria-required=\"true\" aria-invalid=\"false\" placeholder=\"Message*\" name=\"contact-message\"><\/textarea><\/span>\n\t\t<\/p>\n\t<\/div>\n\t<div class=\"form-group form-group--no-label\">\n\t\t<p><span class=\"wpcf7-form-control-wrap\" data-name=\"contact-newsletter\"><span class=\"wpcf7-form-control wpcf7-checkbox\"><span class=\"wpcf7-list-item first last\"><input type=\"checkbox\" name=\"contact-newsletter[]\" value=\"Je m&#039;abonne \u00e0 la newsletter du Domaine du Rayol\" \/><span class=\"wpcf7-list-item-label\">Je m&#039;abonne \u00e0 la newsletter du Domaine du Rayol<\/span><\/span><\/span><\/span>\n\t\t<\/p>\n\t<\/div>\n\t<div class=\"form-group form-group--no-label\">\n\t\t<p class=\"required\">* Les champs marqu\u00e9s par un ast\u00e9risque sont obligatoires.\n\t\t<\/p>\n\t<\/div>\n\t<div class=\"form-group form-group--no-label\">\n\t\n\t<\/div>\n\t<div class=\"form-group form-group--no-label\">\n\t\t<p><button class=\"btn btn--submit\" type=\"submit\">Envoyer<\/button>\n\t\t<\/p>\n\t<\/div>\n<\/div><div class=\"wpcf7-response-output\" aria-hidden=\"true\"><\/div>\n<\/form>\n<\/div>\n<\/p>\n","protected":false},"excerpt":{"rendered":"Nestled at the foot of the Massif des Maures, opposite the \u00celes d\u2019Hy\u00e8res, the Domaine du Rayol is a privileged place for organizing business events. Whether for a seminar and\/or professional meetings, several spaces associated with packages can be made available in this exceptional setting of 7 hectares of Mediterranean Gardens. They trusted us Acta {&#8230;}","protected":false},"author":1,"featured_media":12317,"parent":3,"menu_order":80,"comment_status":"closed","ping_status":"closed","template":"","meta":{"_acf_changed":false,"footnotes":""},"class_list":["post-85","page","type-page","status-publish","has-post-thumbnail","hentry"],"acf":[],"yoast_head":"<!-- This site is optimized with the Yoast SEO plugin v24.1 - https:\/\/yoast.com\/wordpress\/plugins\/seo\/ -->\n<title>Business events - Domaine du Rayol<\/title>\n<meta name=\"robots\" content=\"index, follow, max-snippet:-1, max-image-preview:large, max-video-preview:-1\" \/>\n<link rel=\"canonical\" href=\"https:\/\/www.domainedurayol.org\/en\/the-garden\/business-events\/\" \/>\n<meta property=\"og:locale\" content=\"en_US\" \/>\n<meta property=\"og:type\" content=\"article\" \/>\n<meta property=\"og:title\" content=\"Business events - Domaine du Rayol\" \/>\n<meta property=\"og:description\" content=\"Nestled at the foot of the Massif des Maures, opposite the \u00celes d\u2019Hy\u00e8res, the Domaine du Rayol is a privileged place for organizing business events. Whether for a seminar and\/or professional meetings, several spaces associated with packages can be made available in this exceptional setting of 7 hectares of Mediterranean Gardens. They trusted us Acta {...}\" \/>\n<meta property=\"og:url\" content=\"https:\/\/www.domainedurayol.org\/en\/the-garden\/business-events\/\" \/>\n<meta property=\"og:site_name\" content=\"Domaine du Rayol\" \/>\n<meta property=\"article:modified_time\" content=\"2024-06-19T13:51:24+00:00\" \/>\n<meta property=\"og:image\" content=\"https:\/\/www.domainedurayol.org\/en\/wp-content\/uploads\/sites\/4\/2024\/06\/La-Villa-Rayolet-\u00a9-Guillaume-Exer-exer6.fr_.png\" \/>\n\t<meta property=\"og:image:width\" content=\"922\" \/>\n\t<meta property=\"og:image:height\" content=\"629\" \/>\n\t<meta property=\"og:image:type\" content=\"image\/png\" \/>\n<meta name=\"twitter:card\" content=\"summary_large_image\" \/>\n<meta name=\"twitter:label1\" content=\"Est. reading time\" \/>\n\t<meta name=\"twitter:data1\" content=\"1 minute\" \/>\n<script type=\"application\/ld+json\" class=\"yoast-schema-graph\">{\"@context\":\"https:\/\/schema.org\",\"@graph\":[{\"@type\":\"WebPage\",\"@id\":\"https:\/\/www.domainedurayol.org\/en\/the-garden\/business-events\/\",\"url\":\"https:\/\/www.domainedurayol.org\/en\/the-garden\/business-events\/\",\"name\":\"Business events - Domaine du Rayol\",\"isPartOf\":{\"@id\":\"https:\/\/www.domainedurayol.org\/en\/#website\"},\"primaryImageOfPage\":{\"@id\":\"https:\/\/www.domainedurayol.org\/en\/the-garden\/business-events\/#primaryimage\"},\"image\":{\"@id\":\"https:\/\/www.domainedurayol.org\/en\/the-garden\/business-events\/#primaryimage\"},\"thumbnailUrl\":\"https:\/\/www.domainedurayol.org\/en\/wp-content\/uploads\/sites\/4\/2024\/06\/La-Villa-Rayolet-\u00a9-Guillaume-Exer-exer6.fr_.png\",\"datePublished\":\"2017-03-14T09:17:36+00:00\",\"dateModified\":\"2024-06-19T13:51:24+00:00\",\"breadcrumb\":{\"@id\":\"https:\/\/www.domainedurayol.org\/en\/the-garden\/business-events\/#breadcrumb\"},\"inLanguage\":\"en-EN\",\"potentialAction\":[{\"@type\":\"ReadAction\",\"target\":[\"https:\/\/www.domainedurayol.org\/en\/the-garden\/business-events\/\"]}]},{\"@type\":\"ImageObject\",\"inLanguage\":\"en-EN\",\"@id\":\"https:\/\/www.domainedurayol.org\/en\/the-garden\/business-events\/#primaryimage\",\"url\":\"https:\/\/www.domainedurayol.org\/en\/wp-content\/uploads\/sites\/4\/2024\/06\/La-Villa-Rayolet-\u00a9-Guillaume-Exer-exer6.fr_.png\",\"contentUrl\":\"https:\/\/www.domainedurayol.org\/en\/wp-content\/uploads\/sites\/4\/2024\/06\/La-Villa-Rayolet-\u00a9-Guillaume-Exer-exer6.fr_.png\",\"width\":922,\"height\":629},{\"@type\":\"BreadcrumbList\",\"@id\":\"https:\/\/www.domainedurayol.org\/en\/the-garden\/business-events\/#breadcrumb\",\"itemListElement\":[{\"@type\":\"ListItem\",\"position\":1,\"name\":\"Accueil\",\"item\":\"https:\/\/www.domainedurayol.org\/en\/\"},{\"@type\":\"ListItem\",\"position\":2,\"name\":\"More than a garden\",\"item\":\"https:\/\/www.domainedurayol.org\/en\/the-garden\/\"},{\"@type\":\"ListItem\",\"position\":3,\"name\":\"Business events\"}]},{\"@type\":\"WebSite\",\"@id\":\"https:\/\/www.domainedurayol.org\/en\/#website\",\"url\":\"https:\/\/www.domainedurayol.org\/en\/\",\"name\":\"Domaine du Rayol\",\"description\":\"Le Jardin des M\u00e9diterran\u00e9es\",\"potentialAction\":[{\"@type\":\"SearchAction\",\"target\":{\"@type\":\"EntryPoint\",\"urlTemplate\":\"https:\/\/www.domainedurayol.org\/en\/?s={search_term_string}\"},\"query-input\":{\"@type\":\"PropertyValueSpecification\",\"valueRequired\":true,\"valueName\":\"search_term_string\"}}],\"inLanguage\":\"en-EN\"}]}<\/script>\n<!-- \/ Yoast SEO plugin. -->","yoast_head_json":{"title":"Business events - Domaine du Rayol","robots":{"index":"index","follow":"follow","max-snippet":"max-snippet:-1","max-image-preview":"max-image-preview:large","max-video-preview":"max-video-preview:-1"},"canonical":"https:\/\/www.domainedurayol.org\/en\/the-garden\/business-events\/","og_locale":"en_US","og_type":"article","og_title":"Business events - Domaine du Rayol","og_description":"Nestled at the foot of the Massif des Maures, opposite the \u00celes d\u2019Hy\u00e8res, the Domaine du Rayol is a privileged place for organizing business events. Whether for a seminar and\/or professional meetings, several spaces associated with packages can be made available in this exceptional setting of 7 hectares of Mediterranean Gardens. They trusted us Acta {...}","og_url":"https:\/\/www.domainedurayol.org\/en\/the-garden\/business-events\/","og_site_name":"Domaine du Rayol","article_modified_time":"2024-06-19T13:51:24+00:00","og_image":[{"width":922,"height":629,"url":"https:\/\/www.domainedurayol.org\/en\/wp-content\/uploads\/sites\/4\/2024\/06\/La-Villa-Rayolet-\u00a9-Guillaume-Exer-exer6.fr_.png","type":"image\/png"}],"twitter_card":"summary_large_image","twitter_misc":{"Est. reading time":"1 minute"},"schema":{"@context":"https:\/\/schema.org","@graph":[{"@type":"WebPage","@id":"https:\/\/www.domainedurayol.org\/en\/the-garden\/business-events\/","url":"https:\/\/www.domainedurayol.org\/en\/the-garden\/business-events\/","name":"Business events - Domaine du Rayol","isPartOf":{"@id":"https:\/\/www.domainedurayol.org\/en\/#website"},"primaryImageOfPage":{"@id":"https:\/\/www.domainedurayol.org\/en\/the-garden\/business-events\/#primaryimage"},"image":{"@id":"https:\/\/www.domainedurayol.org\/en\/the-garden\/business-events\/#primaryimage"},"thumbnailUrl":"https:\/\/www.domainedurayol.org\/en\/wp-content\/uploads\/sites\/4\/2024\/06\/La-Villa-Rayolet-\u00a9-Guillaume-Exer-exer6.fr_.png","datePublished":"2017-03-14T09:17:36+00:00","dateModified":"2024-06-19T13:51:24+00:00","breadcrumb":{"@id":"https:\/\/www.domainedurayol.org\/en\/the-garden\/business-events\/#breadcrumb"},"inLanguage":"en-EN","potentialAction":[{"@type":"ReadAction","target":["https:\/\/www.domainedurayol.org\/en\/the-garden\/business-events\/"]}]},{"@type":"ImageObject","inLanguage":"en-EN","@id":"https:\/\/www.domainedurayol.org\/en\/the-garden\/business-events\/#primaryimage","url":"https:\/\/www.domainedurayol.org\/en\/wp-content\/uploads\/sites\/4\/2024\/06\/La-Villa-Rayolet-\u00a9-Guillaume-Exer-exer6.fr_.png","contentUrl":"https:\/\/www.domainedurayol.org\/en\/wp-content\/uploads\/sites\/4\/2024\/06\/La-Villa-Rayolet-\u00a9-Guillaume-Exer-exer6.fr_.png","width":922,"height":629},{"@type":"BreadcrumbList","@id":"https:\/\/www.domainedurayol.org\/en\/the-garden\/business-events\/#breadcrumb","itemListElement":[{"@type":"ListItem","position":1,"name":"Accueil","item":"https:\/\/www.domainedurayol.org\/en\/"},{"@type":"ListItem","position":2,"name":"More than a garden","item":"https:\/\/www.domainedurayol.org\/en\/the-garden\/"},{"@type":"ListItem","position":3,"name":"Business events"}]},{"@type":"WebSite","@id":"https:\/\/www.domainedurayol.org\/en\/#website","url":"https:\/\/www.domainedurayol.org\/en\/","name":"Domaine du Rayol","description":"Le Jardin des M\u00e9diterran\u00e9es","potentialAction":[{"@type":"SearchAction","target":{"@type":"EntryPoint","urlTemplate":"https:\/\/www.domainedurayol.org\/en\/?s={search_term_string}"},"query-input":{"@type":"PropertyValueSpecification","valueRequired":true,"valueName":"search_term_string"}}],"inLanguage":"en-EN"}]}},"_links":{"self":[{"href":"https:\/\/www.domainedurayol.org\/en\/wp-json\/wp\/v2\/pages\/85","targetHints":{"allow":["GET"]}}],"collection":[{"href":"https:\/\/www.domainedurayol.org\/en\/wp-json\/wp\/v2\/pages"}],"about":[{"href":"https:\/\/www.domainedurayol.org\/en\/wp-json\/wp\/v2\/types\/page"}],"author":[{"embeddable":true,"href":"https:\/\/www.domainedurayol.org\/en\/wp-json\/wp\/v2\/users\/1"}],"replies":[{"embeddable":true,"href":"https:\/\/www.domainedurayol.org\/en\/wp-json\/wp\/v2\/comments?post=85"}],"version-history":[{"count":0,"href":"https:\/\/www.domainedurayol.org\/en\/wp-json\/wp\/v2\/pages\/85\/revisions"}],"up":[{"embeddable":true,"href":"https:\/\/www.domainedurayol.org\/en\/wp-json\/wp\/v2\/pages\/3"}],"wp:featuredmedia":[{"embeddable":true,"href":"https:\/\/www.domainedurayol.org\/en\/wp-json\/wp\/v2\/media\/12317"}],"wp:attachment":[{"href":"https:\/\/www.domainedurayol.org\/en\/wp-json\/wp\/v2\/media?parent=85"}],"curies":[{"name":"wp","href":"https:\/\/api.w.org\/{rel}","templated":true}]}}