{"id":78,"date":"2017-03-14T10:17:35","date_gmt":"2017-03-14T09:17:35","guid":{"rendered":"https:\/\/www.domainedurayol.org\/infos-pratiques\/acces\/"},"modified":"2025-09-18T11:45:40","modified_gmt":"2025-09-18T09:45:40","slug":"access-contact","status":"publish","type":"page","link":"https:\/\/www.domainedurayol.org\/en\/useful-information\/access-contact\/","title":{"rendered":"Access &amp; contact"},"content":{"rendered":"<p><strong>Domaine du Rayol,<em><br \/>\nLe Jardin des M\u00e9diterran\u00e9es<br \/>\n<\/em><\/strong>Avenue Jacques Chirac<br \/>\n(formerly Av. des Belges)<br \/>\n83820 RAYOL-CANADEL-SUR-MER<br \/>\nT\u00e9l. <a href=\"tel:04 98 04 44 00\">+33 (0)4 98 04 44 00<br \/>\n<\/a>On the coast road D559 between Le Lavandou and Saint-Tropez<br \/>\nD\u00e9partement du Var<br \/>\nR\u00e9gion Sud Provence-Alpes-C\u00f4te d&#8217;Azur<\/p>\n<p>&nbsp;<\/p>\n","protected":false},"excerpt":{"rendered":"Domaine du Rayol, Le Jardin des M\u00e9diterran\u00e9es Avenue Jacques Chirac (formerly Av. des Belges) 83820 RAYOL-CANADEL-SUR-MER T\u00e9l. +33 (0)4 98 04 44 00 On the coast road D559 between Le Lavandou and Saint-Tropez D\u00e9partement du Var R\u00e9gion Sud Provence-Alpes-C\u00f4te d&#8217;Azur &nbsp;","protected":false},"author":1,"featured_media":12320,"parent":77,"menu_order":10,"comment_status":"closed","ping_status":"closed","template":"template-contact.php","meta":{"_acf_changed":false,"footnotes":""},"class_list":["post-78","page","type-page","status-publish","has-post-thumbnail","hentry"],"acf":[],"yoast_head":"<!-- This site is optimized with the Yoast SEO plugin v24.1 - https:\/\/yoast.com\/wordpress\/plugins\/seo\/ -->\n<title>Access &amp; contact - Domaine du Rayol<\/title>\n<meta name=\"robots\" content=\"index, follow, max-snippet:-1, max-image-preview:large, max-video-preview:-1\" \/>\n<link rel=\"canonical\" href=\"https:\/\/www.domainedurayol.org\/en\/useful-information\/access-contact\/\" \/>\n<meta property=\"og:locale\" content=\"en_US\" \/>\n<meta property=\"og:type\" content=\"article\" \/>\n<meta property=\"og:title\" content=\"Access &amp; contact - Domaine du Rayol\" \/>\n<meta property=\"og:description\" content=\"Domaine du Rayol, Le Jardin des M\u00e9diterran\u00e9es Avenue Jacques Chirac (formerly Av. des Belges) 83820 RAYOL-CANADEL-SUR-MER T\u00e9l. +33 (0)4 98 04 44 00 On the coast road D559 between Le Lavandou and Saint-Tropez D\u00e9partement du Var R\u00e9gion Sud Provence-Alpes-C\u00f4te d&#8217;Azur &nbsp;\" \/>\n<meta property=\"og:url\" content=\"https:\/\/www.domainedurayol.org\/en\/useful-information\/access-contact\/\" \/>\n<meta property=\"og:site_name\" content=\"Domaine du Rayol\" \/>\n<meta property=\"article:modified_time\" content=\"2025-09-18T09:45:40+00:00\" \/>\n<meta property=\"og:image\" content=\"https:\/\/www.domainedurayol.org\/en\/wp-content\/uploads\/sites\/4\/2024\/06\/Jardin-dAsie-subtropicale-\u00a9-Guillaume-Exer-exer6.jpg\" \/>\n\t<meta property=\"og:image:width\" content=\"3704\" \/>\n\t<meta property=\"og:image:height\" content=\"2242\" \/>\n\t<meta property=\"og:image:type\" content=\"image\/jpeg\" \/>\n<meta name=\"twitter:card\" content=\"summary_large_image\" \/>\n<meta name=\"twitter:label1\" content=\"Est. reading time\" \/>\n\t<meta name=\"twitter:data1\" content=\"1 minute\" \/>\n<script type=\"application\/ld+json\" class=\"yoast-schema-graph\">{\"@context\":\"https:\/\/schema.org\",\"@graph\":[{\"@type\":\"WebPage\",\"@id\":\"https:\/\/www.domainedurayol.org\/en\/useful-information\/access-contact\/\",\"url\":\"https:\/\/www.domainedurayol.org\/en\/useful-information\/access-contact\/\",\"name\":\"Access &amp; contact - Domaine du Rayol\",\"isPartOf\":{\"@id\":\"https:\/\/www.domainedurayol.org\/en\/#website\"},\"primaryImageOfPage\":{\"@id\":\"https:\/\/www.domainedurayol.org\/en\/useful-information\/access-contact\/#primaryimage\"},\"image\":{\"@id\":\"https:\/\/www.domainedurayol.org\/en\/useful-information\/access-contact\/#primaryimage\"},\"thumbnailUrl\":\"https:\/\/www.domainedurayol.org\/en\/wp-content\/uploads\/sites\/4\/2024\/06\/Jardin-dAsie-subtropicale-\u00a9-Guillaume-Exer-exer6.jpg\",\"datePublished\":\"2017-03-14T09:17:35+00:00\",\"dateModified\":\"2025-09-18T09:45:40+00:00\",\"breadcrumb\":{\"@id\":\"https:\/\/www.domainedurayol.org\/en\/useful-information\/access-contact\/#breadcrumb\"},\"inLanguage\":\"en-EN\",\"potentialAction\":[{\"@type\":\"ReadAction\",\"target\":[\"https:\/\/www.domainedurayol.org\/en\/useful-information\/access-contact\/\"]}]},{\"@type\":\"ImageObject\",\"inLanguage\":\"en-EN\",\"@id\":\"https:\/\/www.domainedurayol.org\/en\/useful-information\/access-contact\/#primaryimage\",\"url\":\"https:\/\/www.domainedurayol.org\/en\/wp-content\/uploads\/sites\/4\/2024\/06\/Jardin-dAsie-subtropicale-\u00a9-Guillaume-Exer-exer6.jpg\",\"contentUrl\":\"https:\/\/www.domainedurayol.org\/en\/wp-content\/uploads\/sites\/4\/2024\/06\/Jardin-dAsie-subtropicale-\u00a9-Guillaume-Exer-exer6.jpg\",\"width\":3704,\"height\":2242,\"caption\":\"Subtropical Asia Garden\"},{\"@type\":\"BreadcrumbList\",\"@id\":\"https:\/\/www.domainedurayol.org\/en\/useful-information\/access-contact\/#breadcrumb\",\"itemListElement\":[{\"@type\":\"ListItem\",\"position\":1,\"name\":\"Accueil\",\"item\":\"https:\/\/www.domainedurayol.org\/en\/\"},{\"@type\":\"ListItem\",\"position\":2,\"name\":\"Useful information\",\"item\":\"https:\/\/www.domainedurayol.org\/en\/useful-information\/\"},{\"@type\":\"ListItem\",\"position\":3,\"name\":\"Access &amp; contact\"}]},{\"@type\":\"WebSite\",\"@id\":\"https:\/\/www.domainedurayol.org\/en\/#website\",\"url\":\"https:\/\/www.domainedurayol.org\/en\/\",\"name\":\"Domaine du Rayol\",\"description\":\"Le Jardin des M\u00e9diterran\u00e9es\",\"potentialAction\":[{\"@type\":\"SearchAction\",\"target\":{\"@type\":\"EntryPoint\",\"urlTemplate\":\"https:\/\/www.domainedurayol.org\/en\/?s={search_term_string}\"},\"query-input\":{\"@type\":\"PropertyValueSpecification\",\"valueRequired\":true,\"valueName\":\"search_term_string\"}}],\"inLanguage\":\"en-EN\"}]}<\/script>\n<!-- \/ Yoast SEO plugin. -->","yoast_head_json":{"title":"Access &amp; contact - Domaine du Rayol","robots":{"index":"index","follow":"follow","max-snippet":"max-snippet:-1","max-image-preview":"max-image-preview:large","max-video-preview":"max-video-preview:-1"},"canonical":"https:\/\/www.domainedurayol.org\/en\/useful-information\/access-contact\/","og_locale":"en_US","og_type":"article","og_title":"Access &amp; contact - Domaine du Rayol","og_description":"Domaine du Rayol, Le Jardin des M\u00e9diterran\u00e9es Avenue Jacques Chirac (formerly Av. des Belges) 83820 RAYOL-CANADEL-SUR-MER T\u00e9l. +33 (0)4 98 04 44 00 On the coast road D559 between Le Lavandou and Saint-Tropez D\u00e9partement du Var R\u00e9gion Sud Provence-Alpes-C\u00f4te d&#8217;Azur &nbsp;","og_url":"https:\/\/www.domainedurayol.org\/en\/useful-information\/access-contact\/","og_site_name":"Domaine du Rayol","article_modified_time":"2025-09-18T09:45:40+00:00","og_image":[{"width":3704,"height":2242,"url":"https:\/\/www.domainedurayol.org\/en\/wp-content\/uploads\/sites\/4\/2024\/06\/Jardin-dAsie-subtropicale-\u00a9-Guillaume-Exer-exer6.jpg","type":"image\/jpeg"}],"twitter_card":"summary_large_image","twitter_misc":{"Est. reading time":"1 minute"},"schema":{"@context":"https:\/\/schema.org","@graph":[{"@type":"WebPage","@id":"https:\/\/www.domainedurayol.org\/en\/useful-information\/access-contact\/","url":"https:\/\/www.domainedurayol.org\/en\/useful-information\/access-contact\/","name":"Access &amp; contact - Domaine du Rayol","isPartOf":{"@id":"https:\/\/www.domainedurayol.org\/en\/#website"},"primaryImageOfPage":{"@id":"https:\/\/www.domainedurayol.org\/en\/useful-information\/access-contact\/#primaryimage"},"image":{"@id":"https:\/\/www.domainedurayol.org\/en\/useful-information\/access-contact\/#primaryimage"},"thumbnailUrl":"https:\/\/www.domainedurayol.org\/en\/wp-content\/uploads\/sites\/4\/2024\/06\/Jardin-dAsie-subtropicale-\u00a9-Guillaume-Exer-exer6.jpg","datePublished":"2017-03-14T09:17:35+00:00","dateModified":"2025-09-18T09:45:40+00:00","breadcrumb":{"@id":"https:\/\/www.domainedurayol.org\/en\/useful-information\/access-contact\/#breadcrumb"},"inLanguage":"en-EN","potentialAction":[{"@type":"ReadAction","target":["https:\/\/www.domainedurayol.org\/en\/useful-information\/access-contact\/"]}]},{"@type":"ImageObject","inLanguage":"en-EN","@id":"https:\/\/www.domainedurayol.org\/en\/useful-information\/access-contact\/#primaryimage","url":"https:\/\/www.domainedurayol.org\/en\/wp-content\/uploads\/sites\/4\/2024\/06\/Jardin-dAsie-subtropicale-\u00a9-Guillaume-Exer-exer6.jpg","contentUrl":"https:\/\/www.domainedurayol.org\/en\/wp-content\/uploads\/sites\/4\/2024\/06\/Jardin-dAsie-subtropicale-\u00a9-Guillaume-Exer-exer6.jpg","width":3704,"height":2242,"caption":"Subtropical Asia Garden"},{"@type":"BreadcrumbList","@id":"https:\/\/www.domainedurayol.org\/en\/useful-information\/access-contact\/#breadcrumb","itemListElement":[{"@type":"ListItem","position":1,"name":"Accueil","item":"https:\/\/www.domainedurayol.org\/en\/"},{"@type":"ListItem","position":2,"name":"Useful information","item":"https:\/\/www.domainedurayol.org\/en\/useful-information\/"},{"@type":"ListItem","position":3,"name":"Access &amp; contact"}]},{"@type":"WebSite","@id":"https:\/\/www.domainedurayol.org\/en\/#website","url":"https:\/\/www.domainedurayol.org\/en\/","name":"Domaine du Rayol","description":"Le Jardin des M\u00e9diterran\u00e9es","potentialAction":[{"@type":"SearchAction","target":{"@type":"EntryPoint","urlTemplate":"https:\/\/www.domainedurayol.org\/en\/?s={search_term_string}"},"query-input":{"@type":"PropertyValueSpecification","valueRequired":true,"valueName":"search_term_string"}}],"inLanguage":"en-EN"}]}},"_links":{"self":[{"href":"https:\/\/www.domainedurayol.org\/en\/wp-json\/wp\/v2\/pages\/78","targetHints":{"allow":["GET"]}}],"collection":[{"href":"https:\/\/www.domainedurayol.org\/en\/wp-json\/wp\/v2\/pages"}],"about":[{"href":"https:\/\/www.domainedurayol.org\/en\/wp-json\/wp\/v2\/types\/page"}],"author":[{"embeddable":true,"href":"https:\/\/www.domainedurayol.org\/en\/wp-json\/wp\/v2\/users\/1"}],"replies":[{"embeddable":true,"href":"https:\/\/www.domainedurayol.org\/en\/wp-json\/wp\/v2\/comments?post=78"}],"version-history":[{"count":0,"href":"https:\/\/www.domainedurayol.org\/en\/wp-json\/wp\/v2\/pages\/78\/revisions"}],"up":[{"embeddable":true,"href":"https:\/\/www.domainedurayol.org\/en\/wp-json\/wp\/v2\/pages\/77"}],"wp:featuredmedia":[{"embeddable":true,"href":"https:\/\/www.domainedurayol.org\/en\/wp-json\/wp\/v2\/media\/12320"}],"wp:attachment":[{"href":"https:\/\/www.domainedurayol.org\/en\/wp-json\/wp\/v2\/media?parent=78"}],"curies":[{"name":"wp","href":"https:\/\/api.w.org\/{rel}","templated":true}]}}