{"id":72,"date":"2017-03-14T10:17:34","date_gmt":"2017-03-14T09:17:34","guid":{"rendered":"https:\/\/www.domainedurayol.org\/evenements\/concerts\/"},"modified":"2024-06-19T16:22:29","modified_gmt":"2024-06-19T14:22:29","slug":"concerts","status":"publish","type":"page","link":"https:\/\/www.domainedurayol.org\/en\/events\/concerts\/","title":{"rendered":"Romantic Evenings Festival"},"content":{"rendered":"<p><del>E<\/del>very summer, the Domaine du Rayol organises the <strong>\u201cRomantic Evenings\u201d Festival<\/strong>: five <strong>classical music<\/strong> concerts and one <strong>Mediterranean music<\/strong> concert, every week from July to mid-August. It is in an exceptional setting, in the open air, facing the sea, that all your senses will be engaged. The balmy summer nights are indeed ideal for enjoying the works of the greatest classical composers (Chopin, Brahms, Beethoven, Debussy, Mozart and Schumann) and sharing a moment of pleasure and conviviality. Come to the heart of the Mediterranean Gardens, and let the magic happen!<\/p>\n<h2><div class=\"gallery gallery-split\"><div class=\"gallery-captions\"><p class=\"gallery-captions__item\"><span class=\"gallery-captions__item__number\">01.<\/span> <\/p><p class=\"gallery-captions__item\"><span class=\"gallery-captions__item__number\">02.<\/span> Festival Soir\u00e9es romantiques \u00a9 Anne-Fran\u00e7oise P\u00e9lissier photographe<\/p><\/div><a class=\"gallery__item\" href=\"https:\/\/www.domainedurayol.org\/en\/wp-content\/uploads\/sites\/4\/2024\/04\/Festival-Soir\u00e9es-romantiques-2022-Quatuor-hanson-\u00a9-Domaine-du-Rayol-Elo\u00efse-Paque-Vallon.jpg\" title=\"Festival Soir\u00e9es romantiques 2022 - Quatuor hanson \u00a9 Domaine du Rayol, Elo\u00efse Paque-Vallon\">\n                    <div class=\"gallery__item__thumbnail\" style=\"background-image: url(https:\/\/www.domainedurayol.org\/en\/wp-content\/uploads\/sites\/4\/2024\/04\/Festival-Soir\u00e9es-romantiques-2022-Quatuor-hanson-\u00a9-Domaine-du-Rayol-Elo\u00efse-Paque-Vallon.jpg)\"><\/div>\n                    <span class=\"gallery__item__number\">01<\/span>\n                <\/a><a class=\"gallery__item\" href=\"https:\/\/www.domainedurayol.org\/en\/wp-content\/uploads\/sites\/4\/2024\/04\/\u00a9-Anne-Fran\u00e7oise-P\u00e9lissier-photographe.jpg\" title=\"\u00a9 Anne-Fran\u00e7oise P\u00e9lissier photographe\">\n                    <div class=\"gallery__item__thumbnail\" style=\"background-image: url(https:\/\/www.domainedurayol.org\/en\/wp-content\/uploads\/sites\/4\/2024\/04\/\u00a9-Anne-Fran\u00e7oise-P\u00e9lissier-photographe.jpg)\"><\/div>\n                    <span class=\"gallery__item__number\">02<\/span>\n                <\/a><\/div><\/h2>\n<h3>Classical artists of international reputation<\/h3>\n<p>For 30 years, the Mediterranean Gardens has welcomed pianists, violinists and cellists of international reputation, including Anne Queff\u00e9lec, Fran\u00e7ois-Ren\u00e9 Duch\u00e2ble, Jean-Marc Luisada, Dominique Merlet, Philippe Bianconi, Abdel Rahman El Bacha, Marie-Jos\u00e8phe Jude , Cyril Huv\u00e9&#8230; and many others who delight music lovers at the Domaine du Rayol every year.<\/p>\n<h3>A journey to the heart of the Mediterranean<\/h3>\n<p>The Mediterranean Gardens are a meeting place that welcome musicians from all around the Mediterranean, on the last date of the festival. These take us on a journey, discovering the diversity of cultures that coexist on the shores of the Deep Blue. Among the guest groups of recent years, we can cite: the Compagnie Rassegna (popular songs from the Mediterranean), the Corsican group Alba, Forabandit (lyrical tradition of the troubadours of Occitanie), Barbara Fortuna (Corsican polyphonies), Lula Pena (fado) , the magical duo Titi Robin and Mehdi Nassouli, and other artists who thrilled the audience who came to marvel under the starry Mediterranean sky.<\/p>\n<p style=\"text-align: center\"><a class=\"btn\" href=\"https:\/\/www.domainedurayol.org\/evenements\/concerts\/\" target=\"_blank\" rel=\"noopener noreferrer\">See this year&#8217;s programme and book your tickets on the French Website<\/a><\/p>\n","protected":false},"excerpt":{"rendered":"Every summer, the Domaine du Rayol organises the \u201cRomantic Evenings\u201d Festival: five classical music concerts and one Mediterranean music concert, every week from July to mid-August. It is in an exceptional setting, in the open air, facing the sea, that all your senses will be engaged. The balmy summer nights are indeed ideal for enjoying {&#8230;}","protected":false},"author":1,"featured_media":12201,"parent":68,"menu_order":2,"comment_status":"closed","ping_status":"closed","template":"template-agenda.php","meta":{"_acf_changed":false,"footnotes":""},"class_list":["post-72","page","type-page","status-publish","has-post-thumbnail","hentry"],"acf":[],"yoast_head":"<!-- This site is optimized with the Yoast SEO plugin v24.1 - https:\/\/yoast.com\/wordpress\/plugins\/seo\/ -->\n<title>Romantic Evenings Festival : concerts facing the sea - Domaine du Rayol<\/title>\n<meta name=\"description\" content=\"Every summer, the Domaine du Rayol organizes the Romantic Evenings Festival: five classical music concerts and one Mediterranean music concert.\" \/>\n<meta name=\"robots\" content=\"index, follow, max-snippet:-1, max-image-preview:large, max-video-preview:-1\" \/>\n<link rel=\"canonical\" href=\"https:\/\/www.domainedurayol.org\/en\/events\/concerts\/\" \/>\n<meta property=\"og:locale\" content=\"en_US\" \/>\n<meta property=\"og:type\" content=\"article\" \/>\n<meta property=\"og:title\" content=\"Romantic Evenings Festival : concerts facing the sea - Domaine du Rayol\" \/>\n<meta property=\"og:description\" content=\"Every summer, the Domaine du Rayol organizes the Romantic Evenings Festival: five classical music concerts and one Mediterranean music concert.\" \/>\n<meta property=\"og:url\" content=\"https:\/\/www.domainedurayol.org\/en\/events\/concerts\/\" \/>\n<meta property=\"og:site_name\" content=\"Domaine du Rayol\" \/>\n<meta property=\"article:modified_time\" content=\"2024-06-19T14:22:29+00:00\" \/>\n<meta property=\"og:image\" content=\"https:\/\/www.domainedurayol.org\/en\/wp-content\/uploads\/sites\/4\/2024\/04\/\u00a9-Domaine-du-Rayol-Christine-Rom\u00e9ro-61.jpg\" \/>\n\t<meta property=\"og:image:width\" content=\"1670\" \/>\n\t<meta property=\"og:image:height\" content=\"2500\" \/>\n\t<meta property=\"og:image:type\" content=\"image\/jpeg\" \/>\n<meta name=\"twitter:card\" content=\"summary_large_image\" \/>\n<meta name=\"twitter:label1\" content=\"Est. reading time\" \/>\n\t<meta name=\"twitter:data1\" content=\"1 minute\" \/>\n<script type=\"application\/ld+json\" class=\"yoast-schema-graph\">{\"@context\":\"https:\/\/schema.org\",\"@graph\":[{\"@type\":\"WebPage\",\"@id\":\"https:\/\/www.domainedurayol.org\/en\/events\/concerts\/\",\"url\":\"https:\/\/www.domainedurayol.org\/en\/events\/concerts\/\",\"name\":\"Romantic Evenings Festival : concerts facing the sea - Domaine du Rayol\",\"isPartOf\":{\"@id\":\"https:\/\/www.domainedurayol.org\/en\/#website\"},\"primaryImageOfPage\":{\"@id\":\"https:\/\/www.domainedurayol.org\/en\/events\/concerts\/#primaryimage\"},\"image\":{\"@id\":\"https:\/\/www.domainedurayol.org\/en\/events\/concerts\/#primaryimage\"},\"thumbnailUrl\":\"https:\/\/www.domainedurayol.org\/en\/wp-content\/uploads\/sites\/4\/2024\/04\/\u00a9-Domaine-du-Rayol-Christine-Rom\u00e9ro-61.jpg\",\"datePublished\":\"2017-03-14T09:17:34+00:00\",\"dateModified\":\"2024-06-19T14:22:29+00:00\",\"description\":\"Every summer, the Domaine du Rayol organizes the Romantic Evenings Festival: five classical music concerts and one Mediterranean music concert.\",\"breadcrumb\":{\"@id\":\"https:\/\/www.domainedurayol.org\/en\/events\/concerts\/#breadcrumb\"},\"inLanguage\":\"en-EN\",\"potentialAction\":[{\"@type\":\"ReadAction\",\"target\":[\"https:\/\/www.domainedurayol.org\/en\/events\/concerts\/\"]}]},{\"@type\":\"ImageObject\",\"inLanguage\":\"en-EN\",\"@id\":\"https:\/\/www.domainedurayol.org\/en\/events\/concerts\/#primaryimage\",\"url\":\"https:\/\/www.domainedurayol.org\/en\/wp-content\/uploads\/sites\/4\/2024\/04\/\u00a9-Domaine-du-Rayol-Christine-Rom\u00e9ro-61.jpg\",\"contentUrl\":\"https:\/\/www.domainedurayol.org\/en\/wp-content\/uploads\/sites\/4\/2024\/04\/\u00a9-Domaine-du-Rayol-Christine-Rom\u00e9ro-61.jpg\",\"width\":1670,\"height\":2500},{\"@type\":\"BreadcrumbList\",\"@id\":\"https:\/\/www.domainedurayol.org\/en\/events\/concerts\/#breadcrumb\",\"itemListElement\":[{\"@type\":\"ListItem\",\"position\":1,\"name\":\"Accueil\",\"item\":\"https:\/\/www.domainedurayol.org\/en\/\"},{\"@type\":\"ListItem\",\"position\":2,\"name\":\"Events\",\"item\":\"https:\/\/www.domainedurayol.org\/en\/events\/\"},{\"@type\":\"ListItem\",\"position\":3,\"name\":\"Romantic Evenings Festival\"}]},{\"@type\":\"WebSite\",\"@id\":\"https:\/\/www.domainedurayol.org\/en\/#website\",\"url\":\"https:\/\/www.domainedurayol.org\/en\/\",\"name\":\"Domaine du Rayol\",\"description\":\"Le Jardin des M\u00e9diterran\u00e9es\",\"potentialAction\":[{\"@type\":\"SearchAction\",\"target\":{\"@type\":\"EntryPoint\",\"urlTemplate\":\"https:\/\/www.domainedurayol.org\/en\/?s={search_term_string}\"},\"query-input\":{\"@type\":\"PropertyValueSpecification\",\"valueRequired\":true,\"valueName\":\"search_term_string\"}}],\"inLanguage\":\"en-EN\"}]}<\/script>\n<!-- \/ Yoast SEO plugin. -->","yoast_head_json":{"title":"Romantic Evenings Festival : concerts facing the sea - Domaine du Rayol","description":"Every summer, the Domaine du Rayol organizes the Romantic Evenings Festival: five classical music concerts and one Mediterranean music concert.","robots":{"index":"index","follow":"follow","max-snippet":"max-snippet:-1","max-image-preview":"max-image-preview:large","max-video-preview":"max-video-preview:-1"},"canonical":"https:\/\/www.domainedurayol.org\/en\/events\/concerts\/","og_locale":"en_US","og_type":"article","og_title":"Romantic Evenings Festival : concerts facing the sea - Domaine du Rayol","og_description":"Every summer, the Domaine du Rayol organizes the Romantic Evenings Festival: five classical music concerts and one Mediterranean music concert.","og_url":"https:\/\/www.domainedurayol.org\/en\/events\/concerts\/","og_site_name":"Domaine du Rayol","article_modified_time":"2024-06-19T14:22:29+00:00","og_image":[{"width":1670,"height":2500,"url":"https:\/\/www.domainedurayol.org\/en\/wp-content\/uploads\/sites\/4\/2024\/04\/\u00a9-Domaine-du-Rayol-Christine-Rom\u00e9ro-61.jpg","type":"image\/jpeg"}],"twitter_card":"summary_large_image","twitter_misc":{"Est. reading time":"1 minute"},"schema":{"@context":"https:\/\/schema.org","@graph":[{"@type":"WebPage","@id":"https:\/\/www.domainedurayol.org\/en\/events\/concerts\/","url":"https:\/\/www.domainedurayol.org\/en\/events\/concerts\/","name":"Romantic Evenings Festival : concerts facing the sea - Domaine du Rayol","isPartOf":{"@id":"https:\/\/www.domainedurayol.org\/en\/#website"},"primaryImageOfPage":{"@id":"https:\/\/www.domainedurayol.org\/en\/events\/concerts\/#primaryimage"},"image":{"@id":"https:\/\/www.domainedurayol.org\/en\/events\/concerts\/#primaryimage"},"thumbnailUrl":"https:\/\/www.domainedurayol.org\/en\/wp-content\/uploads\/sites\/4\/2024\/04\/\u00a9-Domaine-du-Rayol-Christine-Rom\u00e9ro-61.jpg","datePublished":"2017-03-14T09:17:34+00:00","dateModified":"2024-06-19T14:22:29+00:00","description":"Every summer, the Domaine du Rayol organizes the Romantic Evenings Festival: five classical music concerts and one Mediterranean music concert.","breadcrumb":{"@id":"https:\/\/www.domainedurayol.org\/en\/events\/concerts\/#breadcrumb"},"inLanguage":"en-EN","potentialAction":[{"@type":"ReadAction","target":["https:\/\/www.domainedurayol.org\/en\/events\/concerts\/"]}]},{"@type":"ImageObject","inLanguage":"en-EN","@id":"https:\/\/www.domainedurayol.org\/en\/events\/concerts\/#primaryimage","url":"https:\/\/www.domainedurayol.org\/en\/wp-content\/uploads\/sites\/4\/2024\/04\/\u00a9-Domaine-du-Rayol-Christine-Rom\u00e9ro-61.jpg","contentUrl":"https:\/\/www.domainedurayol.org\/en\/wp-content\/uploads\/sites\/4\/2024\/04\/\u00a9-Domaine-du-Rayol-Christine-Rom\u00e9ro-61.jpg","width":1670,"height":2500},{"@type":"BreadcrumbList","@id":"https:\/\/www.domainedurayol.org\/en\/events\/concerts\/#breadcrumb","itemListElement":[{"@type":"ListItem","position":1,"name":"Accueil","item":"https:\/\/www.domainedurayol.org\/en\/"},{"@type":"ListItem","position":2,"name":"Events","item":"https:\/\/www.domainedurayol.org\/en\/events\/"},{"@type":"ListItem","position":3,"name":"Romantic Evenings Festival"}]},{"@type":"WebSite","@id":"https:\/\/www.domainedurayol.org\/en\/#website","url":"https:\/\/www.domainedurayol.org\/en\/","name":"Domaine du Rayol","description":"Le Jardin des M\u00e9diterran\u00e9es","potentialAction":[{"@type":"SearchAction","target":{"@type":"EntryPoint","urlTemplate":"https:\/\/www.domainedurayol.org\/en\/?s={search_term_string}"},"query-input":{"@type":"PropertyValueSpecification","valueRequired":true,"valueName":"search_term_string"}}],"inLanguage":"en-EN"}]}},"_links":{"self":[{"href":"https:\/\/www.domainedurayol.org\/en\/wp-json\/wp\/v2\/pages\/72","targetHints":{"allow":["GET"]}}],"collection":[{"href":"https:\/\/www.domainedurayol.org\/en\/wp-json\/wp\/v2\/pages"}],"about":[{"href":"https:\/\/www.domainedurayol.org\/en\/wp-json\/wp\/v2\/types\/page"}],"author":[{"embeddable":true,"href":"https:\/\/www.domainedurayol.org\/en\/wp-json\/wp\/v2\/users\/1"}],"replies":[{"embeddable":true,"href":"https:\/\/www.domainedurayol.org\/en\/wp-json\/wp\/v2\/comments?post=72"}],"version-history":[{"count":0,"href":"https:\/\/www.domainedurayol.org\/en\/wp-json\/wp\/v2\/pages\/72\/revisions"}],"up":[{"embeddable":true,"href":"https:\/\/www.domainedurayol.org\/en\/wp-json\/wp\/v2\/pages\/68"}],"wp:featuredmedia":[{"embeddable":true,"href":"https:\/\/www.domainedurayol.org\/en\/wp-json\/wp\/v2\/media\/12201"}],"wp:attachment":[{"href":"https:\/\/www.domainedurayol.org\/en\/wp-json\/wp\/v2\/media?parent=72"}],"curies":[{"name":"wp","href":"https:\/\/api.w.org\/{rel}","templated":true}]}}