{"id":55,"date":"2017-03-14T10:17:32","date_gmt":"2017-03-14T09:17:32","guid":{"rendered":"https:\/\/www.domainedurayol.org\/visites-et-activites\/visites\/visites-scolaires\/lycees-et-enseignement-superieur\/"},"modified":"2022-02-08T23:12:15","modified_gmt":"2022-02-08T22:12:15","slug":"lycees-et-enseignement-superieur","status":"publish","type":"page","link":"https:\/\/www.domainedurayol.org\/en\/lycees-et-enseignement-superieur\/","title":{"rendered":"Lyc\u00e9es et Enseignement sup\u00e9rieur"},"content":{"rendered":"<p><del>P<\/del>our les \u00e9tudiants et lyc\u00e9ens, les visites sont organis\u00e9es directement avec les professeurs et r\u00e9pondent ainsi \u00e0 de nombreuses probl\u00e9matiques. L\u2019\u00e9tude du travail de Gilles Cl\u00e9ment, l\u2019\u00e9volution de l\u2019art des jardins au XXe si\u00e8cle et l\u2019\u00e9tude des paysages soumis au climat m\u00e9diterran\u00e9en constituent les principaux sujets de visites d\u00e9di\u00e9s \u00e0 ces classes. Selon la saison, bien d\u2019autres th\u00e8mes peuvent illustrer ou compl\u00e9ter le travail des enseignants : plantes sauvages comestibles, adaptation au climat m\u00e9diterran\u00e9en, botanique \u2026<\/p>\n<h2 style=\"text-align: center\">&#8220;Visite d\u00e9couverte du <em>Jardin des M\u00e9diterran\u00e9es<\/em>&#8220;<\/h2>\n<hr \/>\n<h3>Objectif<\/h3>\n<p>D\u00e9couvrir le Jardin des M\u00e9diterran\u00e9es et sa mosa\u00efque de paysages \u00e9voquant les r\u00e9gions m\u00e9diterran\u00e9ennes du monde.\u00a0Con\u00e7u par le paysagiste Gilles Cl\u00e9ment, le site offre un nouveau regard sur la conception et la gestion des jardins ainsi que sur les rapports de l&#8217;homme avec la nature.<\/p>\n<hr \/>\n<h3>Contenu<\/h3>\n<h4>Pr\u00e9sentation du Domaine du Rayol :<\/h4>\n<ul>\n<li>Histoire du lieu.<\/li>\n<li>Origine du concept du <em>Jardin des M\u00e9diterran\u00e9es<\/em>.<\/li>\n<li>Caract\u00e9ristiques du climat m\u00e9diterran\u00e9en.<\/li>\n<\/ul>\n<h4>Visite guid\u00e9e du <em>Jardin des M\u00e9diterran\u00e9es<\/em>, \u00e0 travers ses paysages :<\/h4>\n<ul>\n<li>Le jardin des Canaries,<\/li>\n<li>Le jardin d&#8217;Australie,<\/li>\n<li>Le jardin du Chili,<\/li>\n<li>Etc.<\/li>\n<\/ul>\n<div class=\"gallery gallery-split\"><div class=\"gallery-captions\"><p class=\"gallery-captions__item\"><span class=\"gallery-captions__item__number\">01.<\/span> Visites scolaires, lyc\u00e9e\n<\/p><p class=\"gallery-captions__item\"><span class=\"gallery-captions__item__number\">02.<\/span> Visites scolaires, lyc\u00e9e\n<\/p><\/div><a class=\"gallery__item\" href=\"https:\/\/www.domainedurayol.org\/en\/wp-content\/uploads\/sites\/4\/2017\/05\/accueil-lyc\u00e9e-domaine-du-rayol-Nais-Coscia-4-e1494927574215.jpg\" title=\"\u00a9 Domaine du Rayol, Na\u00efs Coscia\">\n                    <div class=\"gallery__item__thumbnail\" style=\"background-image: url(https:\/\/www.domainedurayol.org\/en\/wp-content\/uploads\/sites\/4\/2017\/05\/accueil-lyc\u00e9e-domaine-du-rayol-Nais-Coscia-4-e1494927574215.jpg)\"><\/div>\n                    <span class=\"gallery__item__number\">01<\/span>\n                <\/a><a class=\"gallery__item\" href=\"https:\/\/www.domainedurayol.org\/en\/wp-content\/uploads\/sites\/4\/2017\/05\/accueil-lyc\u00e9e-domaine-du-rayol-Nais-Coscia-3-e1494927510692.jpg\" title=\"\u00a9 Domaine du Rayol, Na\u00efs Coscia\">\n                    <div class=\"gallery__item__thumbnail\" style=\"background-image: url(https:\/\/www.domainedurayol.org\/en\/wp-content\/uploads\/sites\/4\/2017\/05\/accueil-lyc\u00e9e-domaine-du-rayol-Nais-Coscia-3-e1494927510692.jpg)\"><\/div>\n                    <span class=\"gallery__item__number\">02<\/span>\n                <\/a><\/div>\n<h3>Th\u00e8mes \u00e9voqu\u00e9s :<\/h3>\n<ul>\n<li>D\u00e9couverte de la flore m\u00e9diterran\u00e9enne du monde.<\/li>\n<li>L&#8217;adaptation des plantes \u00e0 la s\u00e9cheresse et au feu.<\/li>\n<li>Une gestion \u00e9co-responsable du jardin.<\/li>\n<\/ul>\n<p><strong>Dur\u00e9e de l&#8217;activit\u00e9 :<\/strong> 1h30 \u00e0 2 heures<\/p>\n<pre>Tarif : 6 \u20ac \/ lyc\u00e9en ou \u00e9tudiant<\/pre>\n<p style=\"text-align: center\"><a class=\"btn\" href=\"https:\/\/www.domainedurayol.org\/visites-et-activites\/visites-scolaires\/\">CONTACTEZ NOTRE SERVICE R\u00c9SERVATION<\/a><\/p>\n<p><em>Toutes les activit\u00e9s sont soumises \u00e0 r\u00e9servation. Les possibilit\u00e9s de visite guid\u00e9e d\u00e9pendent de la disponibilit\u00e9 de nos guides, veuillez nous consulter.<\/em><\/p>\n","protected":false},"excerpt":{"rendered":"Pour les \u00e9tudiants et lyc\u00e9ens, les visites sont organis\u00e9es directement avec les professeurs et r\u00e9pondent ainsi \u00e0 de nombreuses probl\u00e9matiques. L\u2019\u00e9tude du travail de Gilles Cl\u00e9ment, l\u2019\u00e9volution de l\u2019art des jardins au XXe si\u00e8cle et l\u2019\u00e9tude des paysages soumis au climat m\u00e9diterran\u00e9en constituent les principaux sujets de visites d\u00e9di\u00e9s \u00e0 ces classes. Selon la saison, {&#8230;}","protected":false},"author":1,"featured_media":2344,"parent":0,"menu_order":40,"comment_status":"closed","ping_status":"closed","template":"","meta":{"_acf_changed":false,"footnotes":""},"class_list":["post-55","page","type-page","status-publish","has-post-thumbnail","hentry"],"acf":[],"yoast_head":"<!-- This site is optimized with the Yoast SEO plugin v24.1 - https:\/\/yoast.com\/wordpress\/plugins\/seo\/ -->\n<title>Lyc\u00e9es et Enseignement sup\u00e9rieur - Domaine du Rayol<\/title>\n<meta name=\"robots\" content=\"index, follow, max-snippet:-1, max-image-preview:large, max-video-preview:-1\" \/>\n<link rel=\"canonical\" href=\"https:\/\/www.domainedurayol.org\/en\/lycees-et-enseignement-superieur\/\" \/>\n<meta property=\"og:locale\" content=\"en_US\" \/>\n<meta property=\"og:type\" content=\"article\" \/>\n<meta property=\"og:title\" content=\"Lyc\u00e9es et Enseignement sup\u00e9rieur - Domaine du Rayol\" \/>\n<meta property=\"og:description\" content=\"Pour les \u00e9tudiants et lyc\u00e9ens, les visites sont organis\u00e9es directement avec les professeurs et r\u00e9pondent ainsi \u00e0 de nombreuses probl\u00e9matiques. L\u2019\u00e9tude du travail de Gilles Cl\u00e9ment, l\u2019\u00e9volution de l\u2019art des jardins au XXe si\u00e8cle et l\u2019\u00e9tude des paysages soumis au climat m\u00e9diterran\u00e9en constituent les principaux sujets de visites d\u00e9di\u00e9s \u00e0 ces classes. Selon la saison, {...}\" \/>\n<meta property=\"og:url\" content=\"https:\/\/www.domainedurayol.org\/en\/lycees-et-enseignement-superieur\/\" \/>\n<meta property=\"og:site_name\" content=\"Domaine du Rayol\" \/>\n<meta property=\"article:modified_time\" content=\"2022-02-08T22:12:15+00:00\" \/>\n<meta property=\"og:image\" content=\"https:\/\/www.domainedurayol.org\/en\/wp-content\/uploads\/sites\/4\/2017\/05\/18.Visite-lycee-agricole-25-04-2017-\u00a9Domaine-du-Rayol-e1493736014691.jpg\" \/>\n\t<meta property=\"og:image:width\" content=\"1000\" \/>\n\t<meta property=\"og:image:height\" content=\"750\" \/>\n\t<meta property=\"og:image:type\" content=\"image\/jpeg\" \/>\n<meta name=\"twitter:card\" content=\"summary_large_image\" \/>\n<meta name=\"twitter:label1\" content=\"Est. reading time\" \/>\n\t<meta name=\"twitter:data1\" content=\"1 minute\" \/>\n<script type=\"application\/ld+json\" class=\"yoast-schema-graph\">{\"@context\":\"https:\/\/schema.org\",\"@graph\":[{\"@type\":\"WebPage\",\"@id\":\"https:\/\/www.domainedurayol.org\/en\/lycees-et-enseignement-superieur\/\",\"url\":\"https:\/\/www.domainedurayol.org\/en\/lycees-et-enseignement-superieur\/\",\"name\":\"Lyc\u00e9es et Enseignement sup\u00e9rieur - Domaine du Rayol\",\"isPartOf\":{\"@id\":\"https:\/\/www.domainedurayol.org\/en\/#website\"},\"primaryImageOfPage\":{\"@id\":\"https:\/\/www.domainedurayol.org\/en\/lycees-et-enseignement-superieur\/#primaryimage\"},\"image\":{\"@id\":\"https:\/\/www.domainedurayol.org\/en\/lycees-et-enseignement-superieur\/#primaryimage\"},\"thumbnailUrl\":\"https:\/\/www.domainedurayol.org\/en\/wp-content\/uploads\/sites\/4\/2017\/05\/18.Visite-lycee-agricole-25-04-2017-\u00a9Domaine-du-Rayol-e1493736014691.jpg\",\"datePublished\":\"2017-03-14T09:17:32+00:00\",\"dateModified\":\"2022-02-08T22:12:15+00:00\",\"breadcrumb\":{\"@id\":\"https:\/\/www.domainedurayol.org\/en\/lycees-et-enseignement-superieur\/#breadcrumb\"},\"inLanguage\":\"en-EN\",\"potentialAction\":[{\"@type\":\"ReadAction\",\"target\":[\"https:\/\/www.domainedurayol.org\/en\/lycees-et-enseignement-superieur\/\"]}]},{\"@type\":\"ImageObject\",\"inLanguage\":\"en-EN\",\"@id\":\"https:\/\/www.domainedurayol.org\/en\/lycees-et-enseignement-superieur\/#primaryimage\",\"url\":\"https:\/\/www.domainedurayol.org\/en\/wp-content\/uploads\/sites\/4\/2017\/05\/18.Visite-lycee-agricole-25-04-2017-\u00a9Domaine-du-Rayol-e1493736014691.jpg\",\"contentUrl\":\"https:\/\/www.domainedurayol.org\/en\/wp-content\/uploads\/sites\/4\/2017\/05\/18.Visite-lycee-agricole-25-04-2017-\u00a9Domaine-du-Rayol-e1493736014691.jpg\",\"width\":1000,\"height\":750,\"caption\":\"Visite des lyc\u00e9ens \u00a9 Domaine du Rayol\"},{\"@type\":\"BreadcrumbList\",\"@id\":\"https:\/\/www.domainedurayol.org\/en\/lycees-et-enseignement-superieur\/#breadcrumb\",\"itemListElement\":[{\"@type\":\"ListItem\",\"position\":1,\"name\":\"Accueil\",\"item\":\"https:\/\/www.domainedurayol.org\/en\/\"},{\"@type\":\"ListItem\",\"position\":2,\"name\":\"Lyc\u00e9es et Enseignement sup\u00e9rieur\"}]},{\"@type\":\"WebSite\",\"@id\":\"https:\/\/www.domainedurayol.org\/en\/#website\",\"url\":\"https:\/\/www.domainedurayol.org\/en\/\",\"name\":\"Domaine du Rayol\",\"description\":\"Le Jardin des M\u00e9diterran\u00e9es\",\"potentialAction\":[{\"@type\":\"SearchAction\",\"target\":{\"@type\":\"EntryPoint\",\"urlTemplate\":\"https:\/\/www.domainedurayol.org\/en\/?s={search_term_string}\"},\"query-input\":{\"@type\":\"PropertyValueSpecification\",\"valueRequired\":true,\"valueName\":\"search_term_string\"}}],\"inLanguage\":\"en-EN\"}]}<\/script>\n<!-- \/ Yoast SEO plugin. -->","yoast_head_json":{"title":"Lyc\u00e9es et Enseignement sup\u00e9rieur - Domaine du Rayol","robots":{"index":"index","follow":"follow","max-snippet":"max-snippet:-1","max-image-preview":"max-image-preview:large","max-video-preview":"max-video-preview:-1"},"canonical":"https:\/\/www.domainedurayol.org\/en\/lycees-et-enseignement-superieur\/","og_locale":"en_US","og_type":"article","og_title":"Lyc\u00e9es et Enseignement sup\u00e9rieur - Domaine du Rayol","og_description":"Pour les \u00e9tudiants et lyc\u00e9ens, les visites sont organis\u00e9es directement avec les professeurs et r\u00e9pondent ainsi \u00e0 de nombreuses probl\u00e9matiques. L\u2019\u00e9tude du travail de Gilles Cl\u00e9ment, l\u2019\u00e9volution de l\u2019art des jardins au XXe si\u00e8cle et l\u2019\u00e9tude des paysages soumis au climat m\u00e9diterran\u00e9en constituent les principaux sujets de visites d\u00e9di\u00e9s \u00e0 ces classes. Selon la saison, {...}","og_url":"https:\/\/www.domainedurayol.org\/en\/lycees-et-enseignement-superieur\/","og_site_name":"Domaine du Rayol","article_modified_time":"2022-02-08T22:12:15+00:00","og_image":[{"width":1000,"height":750,"url":"https:\/\/www.domainedurayol.org\/en\/wp-content\/uploads\/sites\/4\/2017\/05\/18.Visite-lycee-agricole-25-04-2017-\u00a9Domaine-du-Rayol-e1493736014691.jpg","type":"image\/jpeg"}],"twitter_card":"summary_large_image","twitter_misc":{"Est. reading time":"1 minute"},"schema":{"@context":"https:\/\/schema.org","@graph":[{"@type":"WebPage","@id":"https:\/\/www.domainedurayol.org\/en\/lycees-et-enseignement-superieur\/","url":"https:\/\/www.domainedurayol.org\/en\/lycees-et-enseignement-superieur\/","name":"Lyc\u00e9es et Enseignement sup\u00e9rieur - Domaine du Rayol","isPartOf":{"@id":"https:\/\/www.domainedurayol.org\/en\/#website"},"primaryImageOfPage":{"@id":"https:\/\/www.domainedurayol.org\/en\/lycees-et-enseignement-superieur\/#primaryimage"},"image":{"@id":"https:\/\/www.domainedurayol.org\/en\/lycees-et-enseignement-superieur\/#primaryimage"},"thumbnailUrl":"https:\/\/www.domainedurayol.org\/en\/wp-content\/uploads\/sites\/4\/2017\/05\/18.Visite-lycee-agricole-25-04-2017-\u00a9Domaine-du-Rayol-e1493736014691.jpg","datePublished":"2017-03-14T09:17:32+00:00","dateModified":"2022-02-08T22:12:15+00:00","breadcrumb":{"@id":"https:\/\/www.domainedurayol.org\/en\/lycees-et-enseignement-superieur\/#breadcrumb"},"inLanguage":"en-EN","potentialAction":[{"@type":"ReadAction","target":["https:\/\/www.domainedurayol.org\/en\/lycees-et-enseignement-superieur\/"]}]},{"@type":"ImageObject","inLanguage":"en-EN","@id":"https:\/\/www.domainedurayol.org\/en\/lycees-et-enseignement-superieur\/#primaryimage","url":"https:\/\/www.domainedurayol.org\/en\/wp-content\/uploads\/sites\/4\/2017\/05\/18.Visite-lycee-agricole-25-04-2017-\u00a9Domaine-du-Rayol-e1493736014691.jpg","contentUrl":"https:\/\/www.domainedurayol.org\/en\/wp-content\/uploads\/sites\/4\/2017\/05\/18.Visite-lycee-agricole-25-04-2017-\u00a9Domaine-du-Rayol-e1493736014691.jpg","width":1000,"height":750,"caption":"Visite des lyc\u00e9ens \u00a9 Domaine du Rayol"},{"@type":"BreadcrumbList","@id":"https:\/\/www.domainedurayol.org\/en\/lycees-et-enseignement-superieur\/#breadcrumb","itemListElement":[{"@type":"ListItem","position":1,"name":"Accueil","item":"https:\/\/www.domainedurayol.org\/en\/"},{"@type":"ListItem","position":2,"name":"Lyc\u00e9es et Enseignement sup\u00e9rieur"}]},{"@type":"WebSite","@id":"https:\/\/www.domainedurayol.org\/en\/#website","url":"https:\/\/www.domainedurayol.org\/en\/","name":"Domaine du Rayol","description":"Le Jardin des M\u00e9diterran\u00e9es","potentialAction":[{"@type":"SearchAction","target":{"@type":"EntryPoint","urlTemplate":"https:\/\/www.domainedurayol.org\/en\/?s={search_term_string}"},"query-input":{"@type":"PropertyValueSpecification","valueRequired":true,"valueName":"search_term_string"}}],"inLanguage":"en-EN"}]}},"_links":{"self":[{"href":"https:\/\/www.domainedurayol.org\/en\/wp-json\/wp\/v2\/pages\/55","targetHints":{"allow":["GET"]}}],"collection":[{"href":"https:\/\/www.domainedurayol.org\/en\/wp-json\/wp\/v2\/pages"}],"about":[{"href":"https:\/\/www.domainedurayol.org\/en\/wp-json\/wp\/v2\/types\/page"}],"author":[{"embeddable":true,"href":"https:\/\/www.domainedurayol.org\/en\/wp-json\/wp\/v2\/users\/1"}],"replies":[{"embeddable":true,"href":"https:\/\/www.domainedurayol.org\/en\/wp-json\/wp\/v2\/comments?post=55"}],"version-history":[{"count":0,"href":"https:\/\/www.domainedurayol.org\/en\/wp-json\/wp\/v2\/pages\/55\/revisions"}],"wp:featuredmedia":[{"embeddable":true,"href":"https:\/\/www.domainedurayol.org\/en\/wp-json\/wp\/v2\/media\/2344"}],"wp:attachment":[{"href":"https:\/\/www.domainedurayol.org\/en\/wp-json\/wp\/v2\/media?parent=55"}],"curies":[{"name":"wp","href":"https:\/\/api.w.org\/{rel}","templated":true}]}}