{"id":52,"date":"2017-03-14T10:17:31","date_gmt":"2017-03-14T09:17:31","guid":{"rendered":"https:\/\/www.domainedurayol.org\/visites-et-activites\/visites\/visites-scolaires\/maternelles\/"},"modified":"2022-02-08T22:59:16","modified_gmt":"2022-02-08T21:59:16","slug":"maternelles","status":"publish","type":"page","link":"https:\/\/www.domainedurayol.org\/en\/maternelles\/","title":{"rendered":"Maternelles"},"content":{"rendered":"<p><del>L<\/del>es jeunes enfants ont soif de d\u00e9couvrir le monde. Il est important \u00e0 leur \u00e2ge de toucher, sentir, observer pour mieux comprendre ce qui les entoure. C\u2019est dans ce but qu\u2019ont \u00e9t\u00e9 mises en place des visites bas\u00e9es sur les cinq sens pour le public de maternelles. De petits jeux sont organis\u00e9s ainsi que des d\u00e9couvertes olfactives. Ils apprennent \u00e9galement \u00e0 \u00e9couter, calmement, les bruits du jardin ou de la mer.<\/p>\n","protected":false},"excerpt":{"rendered":"Les jeunes enfants ont soif de d\u00e9couvrir le monde. Il est important \u00e0 leur \u00e2ge de toucher, sentir, observer pour mieux comprendre ce qui les entoure. C\u2019est dans ce but qu\u2019ont \u00e9t\u00e9 mises en place des visites bas\u00e9es sur les cinq sens pour le public de maternelles. De petits jeux sont organis\u00e9s ainsi que des {&#8230;}","protected":false},"author":1,"featured_media":2127,"parent":0,"menu_order":10,"comment_status":"closed","ping_status":"closed","template":"","meta":{"_acf_changed":false,"footnotes":""},"class_list":["post-52","page","type-page","status-publish","has-post-thumbnail","hentry"],"acf":[],"yoast_head":"<!-- This site is optimized with the Yoast SEO plugin v24.1 - https:\/\/yoast.com\/wordpress\/plugins\/seo\/ -->\n<title>Maternelles - Domaine du Rayol<\/title>\n<meta name=\"robots\" content=\"index, follow, max-snippet:-1, max-image-preview:large, max-video-preview:-1\" \/>\n<link rel=\"canonical\" href=\"https:\/\/www.domainedurayol.org\/en\/maternelles\/\" \/>\n<meta property=\"og:locale\" content=\"en_US\" \/>\n<meta property=\"og:type\" content=\"article\" \/>\n<meta property=\"og:title\" content=\"Maternelles - Domaine du Rayol\" \/>\n<meta property=\"og:description\" content=\"Les jeunes enfants ont soif de d\u00e9couvrir le monde. Il est important \u00e0 leur \u00e2ge de toucher, sentir, observer pour mieux comprendre ce qui les entoure. C\u2019est dans ce but qu\u2019ont \u00e9t\u00e9 mises en place des visites bas\u00e9es sur les cinq sens pour le public de maternelles. De petits jeux sont organis\u00e9s ainsi que des {...}\" \/>\n<meta property=\"og:url\" content=\"https:\/\/www.domainedurayol.org\/en\/maternelles\/\" \/>\n<meta property=\"og:site_name\" content=\"Domaine du Rayol\" \/>\n<meta property=\"article:modified_time\" content=\"2022-02-08T21:59:16+00:00\" \/>\n<meta property=\"og:image\" content=\"https:\/\/www.domainedurayol.org\/en\/wp-content\/uploads\/sites\/4\/2017\/04\/Accueil-de-scolaires-\u00a9-Domaine-du-Rayol-1-e1493039375999.jpg\" \/>\n\t<meta property=\"og:image:width\" content=\"1000\" \/>\n\t<meta property=\"og:image:height\" content=\"750\" \/>\n\t<meta property=\"og:image:type\" content=\"image\/jpeg\" \/>\n<meta name=\"twitter:card\" content=\"summary_large_image\" \/>\n<script type=\"application\/ld+json\" class=\"yoast-schema-graph\">{\"@context\":\"https:\/\/schema.org\",\"@graph\":[{\"@type\":\"WebPage\",\"@id\":\"https:\/\/www.domainedurayol.org\/en\/maternelles\/\",\"url\":\"https:\/\/www.domainedurayol.org\/en\/maternelles\/\",\"name\":\"Maternelles - Domaine du Rayol\",\"isPartOf\":{\"@id\":\"https:\/\/www.domainedurayol.org\/en\/#website\"},\"primaryImageOfPage\":{\"@id\":\"https:\/\/www.domainedurayol.org\/en\/maternelles\/#primaryimage\"},\"image\":{\"@id\":\"https:\/\/www.domainedurayol.org\/en\/maternelles\/#primaryimage\"},\"thumbnailUrl\":\"https:\/\/www.domainedurayol.org\/en\/wp-content\/uploads\/sites\/4\/2017\/04\/Accueil-de-scolaires-\u00a9-Domaine-du-Rayol-1-e1493039375999.jpg\",\"datePublished\":\"2017-03-14T09:17:31+00:00\",\"dateModified\":\"2022-02-08T21:59:16+00:00\",\"breadcrumb\":{\"@id\":\"https:\/\/www.domainedurayol.org\/en\/maternelles\/#breadcrumb\"},\"inLanguage\":\"en-EN\",\"potentialAction\":[{\"@type\":\"ReadAction\",\"target\":[\"https:\/\/www.domainedurayol.org\/en\/maternelles\/\"]}]},{\"@type\":\"ImageObject\",\"inLanguage\":\"en-EN\",\"@id\":\"https:\/\/www.domainedurayol.org\/en\/maternelles\/#primaryimage\",\"url\":\"https:\/\/www.domainedurayol.org\/en\/wp-content\/uploads\/sites\/4\/2017\/04\/Accueil-de-scolaires-\u00a9-Domaine-du-Rayol-1-e1493039375999.jpg\",\"contentUrl\":\"https:\/\/www.domainedurayol.org\/en\/wp-content\/uploads\/sites\/4\/2017\/04\/Accueil-de-scolaires-\u00a9-Domaine-du-Rayol-1-e1493039375999.jpg\",\"width\":1000,\"height\":750,\"caption\":\"Groupes scolaires \u00a9 Domaine du Rayol\"},{\"@type\":\"BreadcrumbList\",\"@id\":\"https:\/\/www.domainedurayol.org\/en\/maternelles\/#breadcrumb\",\"itemListElement\":[{\"@type\":\"ListItem\",\"position\":1,\"name\":\"Accueil\",\"item\":\"https:\/\/www.domainedurayol.org\/en\/\"},{\"@type\":\"ListItem\",\"position\":2,\"name\":\"Maternelles\"}]},{\"@type\":\"WebSite\",\"@id\":\"https:\/\/www.domainedurayol.org\/en\/#website\",\"url\":\"https:\/\/www.domainedurayol.org\/en\/\",\"name\":\"Domaine du Rayol\",\"description\":\"Le Jardin des M\u00e9diterran\u00e9es\",\"potentialAction\":[{\"@type\":\"SearchAction\",\"target\":{\"@type\":\"EntryPoint\",\"urlTemplate\":\"https:\/\/www.domainedurayol.org\/en\/?s={search_term_string}\"},\"query-input\":{\"@type\":\"PropertyValueSpecification\",\"valueRequired\":true,\"valueName\":\"search_term_string\"}}],\"inLanguage\":\"en-EN\"}]}<\/script>\n<!-- \/ Yoast SEO plugin. -->","yoast_head_json":{"title":"Maternelles - Domaine du Rayol","robots":{"index":"index","follow":"follow","max-snippet":"max-snippet:-1","max-image-preview":"max-image-preview:large","max-video-preview":"max-video-preview:-1"},"canonical":"https:\/\/www.domainedurayol.org\/en\/maternelles\/","og_locale":"en_US","og_type":"article","og_title":"Maternelles - Domaine du Rayol","og_description":"Les jeunes enfants ont soif de d\u00e9couvrir le monde. Il est important \u00e0 leur \u00e2ge de toucher, sentir, observer pour mieux comprendre ce qui les entoure. C\u2019est dans ce but qu\u2019ont \u00e9t\u00e9 mises en place des visites bas\u00e9es sur les cinq sens pour le public de maternelles. De petits jeux sont organis\u00e9s ainsi que des {...}","og_url":"https:\/\/www.domainedurayol.org\/en\/maternelles\/","og_site_name":"Domaine du Rayol","article_modified_time":"2022-02-08T21:59:16+00:00","og_image":[{"width":1000,"height":750,"url":"https:\/\/www.domainedurayol.org\/en\/wp-content\/uploads\/sites\/4\/2017\/04\/Accueil-de-scolaires-\u00a9-Domaine-du-Rayol-1-e1493039375999.jpg","type":"image\/jpeg"}],"twitter_card":"summary_large_image","schema":{"@context":"https:\/\/schema.org","@graph":[{"@type":"WebPage","@id":"https:\/\/www.domainedurayol.org\/en\/maternelles\/","url":"https:\/\/www.domainedurayol.org\/en\/maternelles\/","name":"Maternelles - Domaine du Rayol","isPartOf":{"@id":"https:\/\/www.domainedurayol.org\/en\/#website"},"primaryImageOfPage":{"@id":"https:\/\/www.domainedurayol.org\/en\/maternelles\/#primaryimage"},"image":{"@id":"https:\/\/www.domainedurayol.org\/en\/maternelles\/#primaryimage"},"thumbnailUrl":"https:\/\/www.domainedurayol.org\/en\/wp-content\/uploads\/sites\/4\/2017\/04\/Accueil-de-scolaires-\u00a9-Domaine-du-Rayol-1-e1493039375999.jpg","datePublished":"2017-03-14T09:17:31+00:00","dateModified":"2022-02-08T21:59:16+00:00","breadcrumb":{"@id":"https:\/\/www.domainedurayol.org\/en\/maternelles\/#breadcrumb"},"inLanguage":"en-EN","potentialAction":[{"@type":"ReadAction","target":["https:\/\/www.domainedurayol.org\/en\/maternelles\/"]}]},{"@type":"ImageObject","inLanguage":"en-EN","@id":"https:\/\/www.domainedurayol.org\/en\/maternelles\/#primaryimage","url":"https:\/\/www.domainedurayol.org\/en\/wp-content\/uploads\/sites\/4\/2017\/04\/Accueil-de-scolaires-\u00a9-Domaine-du-Rayol-1-e1493039375999.jpg","contentUrl":"https:\/\/www.domainedurayol.org\/en\/wp-content\/uploads\/sites\/4\/2017\/04\/Accueil-de-scolaires-\u00a9-Domaine-du-Rayol-1-e1493039375999.jpg","width":1000,"height":750,"caption":"Groupes scolaires \u00a9 Domaine du Rayol"},{"@type":"BreadcrumbList","@id":"https:\/\/www.domainedurayol.org\/en\/maternelles\/#breadcrumb","itemListElement":[{"@type":"ListItem","position":1,"name":"Accueil","item":"https:\/\/www.domainedurayol.org\/en\/"},{"@type":"ListItem","position":2,"name":"Maternelles"}]},{"@type":"WebSite","@id":"https:\/\/www.domainedurayol.org\/en\/#website","url":"https:\/\/www.domainedurayol.org\/en\/","name":"Domaine du Rayol","description":"Le Jardin des M\u00e9diterran\u00e9es","potentialAction":[{"@type":"SearchAction","target":{"@type":"EntryPoint","urlTemplate":"https:\/\/www.domainedurayol.org\/en\/?s={search_term_string}"},"query-input":{"@type":"PropertyValueSpecification","valueRequired":true,"valueName":"search_term_string"}}],"inLanguage":"en-EN"}]}},"_links":{"self":[{"href":"https:\/\/www.domainedurayol.org\/en\/wp-json\/wp\/v2\/pages\/52","targetHints":{"allow":["GET"]}}],"collection":[{"href":"https:\/\/www.domainedurayol.org\/en\/wp-json\/wp\/v2\/pages"}],"about":[{"href":"https:\/\/www.domainedurayol.org\/en\/wp-json\/wp\/v2\/types\/page"}],"author":[{"embeddable":true,"href":"https:\/\/www.domainedurayol.org\/en\/wp-json\/wp\/v2\/users\/1"}],"replies":[{"embeddable":true,"href":"https:\/\/www.domainedurayol.org\/en\/wp-json\/wp\/v2\/comments?post=52"}],"version-history":[{"count":0,"href":"https:\/\/www.domainedurayol.org\/en\/wp-json\/wp\/v2\/pages\/52\/revisions"}],"wp:featuredmedia":[{"embeddable":true,"href":"https:\/\/www.domainedurayol.org\/en\/wp-json\/wp\/v2\/media\/2127"}],"wp:attachment":[{"href":"https:\/\/www.domainedurayol.org\/en\/wp-json\/wp\/v2\/media?parent=52"}],"curies":[{"name":"wp","href":"https:\/\/api.w.org\/{rel}","templated":true}]}}