{"id":35,"date":"2017-03-14T10:17:29","date_gmt":"2017-03-14T09:17:29","guid":{"rendered":"https:\/\/www.domainedurayol.org\/un-siecle-dhistoire\/dhier-a-aujourdhui\/gilles-clement\/"},"modified":"2018-04-30T15:32:41","modified_gmt":"2018-04-30T13:32:41","slug":"gilles-clement","status":"publish","type":"page","link":"https:\/\/www.domainedurayol.org\/en\/a-century-of-history\/from-yesterday-to-today\/gilles-clement\/","title":{"rendered":"Gilles Cl\u00e9ment"},"content":{"rendered":"<p><del>G<\/del>illes Cl\u00e9ment, the gardener, botanist and landscape designer, has developed a new approach to the art of garden design. A careful and tireless observer of the natural environment the world over, he designs gardens which reflect the dynamics and biological diversity of plants and their perpetual evolution in space and in time.<\/p>\n<h2>A garden is for living in<\/h2>\n<p>He rejects the concept of a garden as a sort of museum where nature should be kept under control and plants are just a series of exhibits. He believes gardens should be spaces for living in, where discoveries are made and where a sense of wonder prevails; they serve as a bridge between two worlds, that of humans and that of plants.<\/p>\n<blockquote><p>By embracing the Earth in all its fragile self-reliance, Gilles Cl\u00e9ment is calling for greater awareness before we interfere, asking us to look first before we act and to work with, rather than against, nature. (\u2026) The gardener is surrounded by the whole wealth of the natural world as it evolves in all its great diversity, and is able to see the interconnectedness of all living things. (\u2026) It is possible to live taking only what we need, to consume without damage to the environment, to cultivate the soil without depleting natural resources and to live without destroying our planet.<br \/>\nGilles Cl\u00e9ment, Le Jardin Plan\u00e9taire (The Global Garden)<\/p><\/blockquote>\n<p>&nbsp;<\/p>\n<p><iframe loading=\"lazy\" width=\"900\" height=\"506\" src=\"https:\/\/www.youtube.com\/embed\/KSayGVSumCs?feature=oembed\" frameborder=\"0\" allow=\"autoplay; encrypted-media\" allowfullscreen><\/iframe><\/p>\n<hr \/>\n<p>Gilles Cl\u00e9ment also teaches at the \u00c9cole Nationale Sup\u00e9rieure du Paysage (The National Institute of Landscape Design) in Versailles and has created many public and private gardens. He has designed or co-designed many gardens including the Jardin Andr\u00e9-Citro\u00ebn in Paris, the Jardin du Mus\u00e9e des Arts Premiers at the Quai Branly in Paris, the Jardins de la Grande Arche at La D\u00e9fense (Paris), the Jardin de l\u2019\u00c9cole Normale Sup\u00e9rieure in Lyon, the Jardin du Sixi\u00e8me Continent in P\u00e9ronne (Somme), the Jardin de l\u2019\u00cele Derborence at the Parc Matisse in Lille, the jardin de r\u00e9sistance the Jardin d\u2019Orties in Melle (Deux-S\u00e8vres), the Jardin Fontaine d\u2019Herbe in St-Denis de la R\u00e9union, the Jardin de l\u2019\u00c9volution and the Jardins de l\u2019Abbaye de Valloires (Somme), and the Jardin du Ch\u00e2teau de Beauregard in Cellettes (Loir-et-Cher), to mention a few.<\/p>\n<p>&nbsp;<\/p>\n","protected":false},"excerpt":{"rendered":"Gilles Cl\u00e9ment, the gardener, botanist and landscape designer, has developed a new approach to the art of garden design. A careful and tireless observer of the natural environment the world over, he designs gardens which reflect the dynamics and biological diversity of plants and their perpetual evolution in space and in time. A garden is {&#8230;}","protected":false},"author":1,"featured_media":2222,"parent":32,"menu_order":30,"comment_status":"closed","ping_status":"closed","template":"","meta":{"_acf_changed":false,"footnotes":""},"class_list":["post-35","page","type-page","status-publish","has-post-thumbnail","hentry"],"acf":[],"yoast_head":"<!-- This site is optimized with the Yoast SEO plugin v24.1 - https:\/\/yoast.com\/wordpress\/plugins\/seo\/ -->\n<title>Gilles Cl\u00e9ment - Domaine du Rayol<\/title>\n<meta name=\"robots\" content=\"index, follow, max-snippet:-1, max-image-preview:large, max-video-preview:-1\" \/>\n<link rel=\"canonical\" href=\"https:\/\/www.domainedurayol.org\/en\/a-century-of-history\/from-yesterday-to-today\/gilles-clement\/\" \/>\n<meta property=\"og:locale\" content=\"en_US\" \/>\n<meta property=\"og:type\" content=\"article\" \/>\n<meta property=\"og:title\" content=\"Gilles Cl\u00e9ment - Domaine du Rayol\" \/>\n<meta property=\"og:description\" content=\"Gilles Cl\u00e9ment, the gardener, botanist and landscape designer, has developed a new approach to the art of garden design. A careful and tireless observer of the natural environment the world over, he designs gardens which reflect the dynamics and biological diversity of plants and their perpetual evolution in space and in time. A garden is {...}\" \/>\n<meta property=\"og:url\" content=\"https:\/\/www.domainedurayol.org\/en\/a-century-of-history\/from-yesterday-to-today\/gilles-clement\/\" \/>\n<meta property=\"og:site_name\" content=\"Domaine du Rayol\" \/>\n<meta property=\"article:modified_time\" content=\"2018-04-30T13:32:41+00:00\" \/>\n<meta property=\"og:image\" content=\"https:\/\/www.domainedurayol.org\/en\/wp-content\/uploads\/sites\/4\/2017\/04\/Gilles-clement-paysagiste-domaine-du-rayol-e1493131265649.jpg\" \/>\n\t<meta property=\"og:image:width\" content=\"900\" \/>\n\t<meta property=\"og:image:height\" content=\"1200\" \/>\n\t<meta property=\"og:image:type\" content=\"image\/jpeg\" \/>\n<meta name=\"twitter:card\" content=\"summary_large_image\" \/>\n<meta name=\"twitter:label1\" content=\"Est. reading time\" \/>\n\t<meta name=\"twitter:data1\" content=\"2 minutes\" \/>\n<script type=\"application\/ld+json\" class=\"yoast-schema-graph\">{\"@context\":\"https:\/\/schema.org\",\"@graph\":[{\"@type\":\"WebPage\",\"@id\":\"https:\/\/www.domainedurayol.org\/en\/a-century-of-history\/from-yesterday-to-today\/gilles-clement\/\",\"url\":\"https:\/\/www.domainedurayol.org\/en\/a-century-of-history\/from-yesterday-to-today\/gilles-clement\/\",\"name\":\"Gilles Cl\u00e9ment - Domaine du Rayol\",\"isPartOf\":{\"@id\":\"https:\/\/www.domainedurayol.org\/en\/#website\"},\"primaryImageOfPage\":{\"@id\":\"https:\/\/www.domainedurayol.org\/en\/a-century-of-history\/from-yesterday-to-today\/gilles-clement\/#primaryimage\"},\"image\":{\"@id\":\"https:\/\/www.domainedurayol.org\/en\/a-century-of-history\/from-yesterday-to-today\/gilles-clement\/#primaryimage\"},\"thumbnailUrl\":\"https:\/\/www.domainedurayol.org\/en\/wp-content\/uploads\/sites\/4\/2017\/04\/Gilles-clement-paysagiste-domaine-du-rayol-e1493131265649.jpg\",\"datePublished\":\"2017-03-14T09:17:29+00:00\",\"dateModified\":\"2018-04-30T13:32:41+00:00\",\"breadcrumb\":{\"@id\":\"https:\/\/www.domainedurayol.org\/en\/a-century-of-history\/from-yesterday-to-today\/gilles-clement\/#breadcrumb\"},\"inLanguage\":\"en-EN\",\"potentialAction\":[{\"@type\":\"ReadAction\",\"target\":[\"https:\/\/www.domainedurayol.org\/en\/a-century-of-history\/from-yesterday-to-today\/gilles-clement\/\"]}]},{\"@type\":\"ImageObject\",\"inLanguage\":\"en-EN\",\"@id\":\"https:\/\/www.domainedurayol.org\/en\/a-century-of-history\/from-yesterday-to-today\/gilles-clement\/#primaryimage\",\"url\":\"https:\/\/www.domainedurayol.org\/en\/wp-content\/uploads\/sites\/4\/2017\/04\/Gilles-clement-paysagiste-domaine-du-rayol-e1493131265649.jpg\",\"contentUrl\":\"https:\/\/www.domainedurayol.org\/en\/wp-content\/uploads\/sites\/4\/2017\/04\/Gilles-clement-paysagiste-domaine-du-rayol-e1493131265649.jpg\",\"width\":900,\"height\":1200,\"caption\":\"Gilles Cl\u00e9ment, paysagiste \u00a9 Domaine du Rayol\"},{\"@type\":\"BreadcrumbList\",\"@id\":\"https:\/\/www.domainedurayol.org\/en\/a-century-of-history\/from-yesterday-to-today\/gilles-clement\/#breadcrumb\",\"itemListElement\":[{\"@type\":\"ListItem\",\"position\":1,\"name\":\"Accueil\",\"item\":\"https:\/\/www.domainedurayol.org\/en\/\"},{\"@type\":\"ListItem\",\"position\":2,\"name\":\"A century of history\",\"item\":\"https:\/\/www.domainedurayol.org\/en\/a-century-of-history\/\"},{\"@type\":\"ListItem\",\"position\":3,\"name\":\"From 1900 to 1989\",\"item\":\"https:\/\/www.domainedurayol.org\/en\/a-century-of-history\/from-yesterday-to-today\/\"},{\"@type\":\"ListItem\",\"position\":4,\"name\":\"Gilles Cl\u00e9ment\"}]},{\"@type\":\"WebSite\",\"@id\":\"https:\/\/www.domainedurayol.org\/en\/#website\",\"url\":\"https:\/\/www.domainedurayol.org\/en\/\",\"name\":\"Domaine du Rayol\",\"description\":\"Le Jardin des M\u00e9diterran\u00e9es\",\"potentialAction\":[{\"@type\":\"SearchAction\",\"target\":{\"@type\":\"EntryPoint\",\"urlTemplate\":\"https:\/\/www.domainedurayol.org\/en\/?s={search_term_string}\"},\"query-input\":{\"@type\":\"PropertyValueSpecification\",\"valueRequired\":true,\"valueName\":\"search_term_string\"}}],\"inLanguage\":\"en-EN\"}]}<\/script>\n<!-- \/ Yoast SEO plugin. -->","yoast_head_json":{"title":"Gilles Cl\u00e9ment - Domaine du Rayol","robots":{"index":"index","follow":"follow","max-snippet":"max-snippet:-1","max-image-preview":"max-image-preview:large","max-video-preview":"max-video-preview:-1"},"canonical":"https:\/\/www.domainedurayol.org\/en\/a-century-of-history\/from-yesterday-to-today\/gilles-clement\/","og_locale":"en_US","og_type":"article","og_title":"Gilles Cl\u00e9ment - Domaine du Rayol","og_description":"Gilles Cl\u00e9ment, the gardener, botanist and landscape designer, has developed a new approach to the art of garden design. A careful and tireless observer of the natural environment the world over, he designs gardens which reflect the dynamics and biological diversity of plants and their perpetual evolution in space and in time. A garden is {...}","og_url":"https:\/\/www.domainedurayol.org\/en\/a-century-of-history\/from-yesterday-to-today\/gilles-clement\/","og_site_name":"Domaine du Rayol","article_modified_time":"2018-04-30T13:32:41+00:00","og_image":[{"width":900,"height":1200,"url":"https:\/\/www.domainedurayol.org\/en\/wp-content\/uploads\/sites\/4\/2017\/04\/Gilles-clement-paysagiste-domaine-du-rayol-e1493131265649.jpg","type":"image\/jpeg"}],"twitter_card":"summary_large_image","twitter_misc":{"Est. reading time":"2 minutes"},"schema":{"@context":"https:\/\/schema.org","@graph":[{"@type":"WebPage","@id":"https:\/\/www.domainedurayol.org\/en\/a-century-of-history\/from-yesterday-to-today\/gilles-clement\/","url":"https:\/\/www.domainedurayol.org\/en\/a-century-of-history\/from-yesterday-to-today\/gilles-clement\/","name":"Gilles Cl\u00e9ment - Domaine du Rayol","isPartOf":{"@id":"https:\/\/www.domainedurayol.org\/en\/#website"},"primaryImageOfPage":{"@id":"https:\/\/www.domainedurayol.org\/en\/a-century-of-history\/from-yesterday-to-today\/gilles-clement\/#primaryimage"},"image":{"@id":"https:\/\/www.domainedurayol.org\/en\/a-century-of-history\/from-yesterday-to-today\/gilles-clement\/#primaryimage"},"thumbnailUrl":"https:\/\/www.domainedurayol.org\/en\/wp-content\/uploads\/sites\/4\/2017\/04\/Gilles-clement-paysagiste-domaine-du-rayol-e1493131265649.jpg","datePublished":"2017-03-14T09:17:29+00:00","dateModified":"2018-04-30T13:32:41+00:00","breadcrumb":{"@id":"https:\/\/www.domainedurayol.org\/en\/a-century-of-history\/from-yesterday-to-today\/gilles-clement\/#breadcrumb"},"inLanguage":"en-EN","potentialAction":[{"@type":"ReadAction","target":["https:\/\/www.domainedurayol.org\/en\/a-century-of-history\/from-yesterday-to-today\/gilles-clement\/"]}]},{"@type":"ImageObject","inLanguage":"en-EN","@id":"https:\/\/www.domainedurayol.org\/en\/a-century-of-history\/from-yesterday-to-today\/gilles-clement\/#primaryimage","url":"https:\/\/www.domainedurayol.org\/en\/wp-content\/uploads\/sites\/4\/2017\/04\/Gilles-clement-paysagiste-domaine-du-rayol-e1493131265649.jpg","contentUrl":"https:\/\/www.domainedurayol.org\/en\/wp-content\/uploads\/sites\/4\/2017\/04\/Gilles-clement-paysagiste-domaine-du-rayol-e1493131265649.jpg","width":900,"height":1200,"caption":"Gilles Cl\u00e9ment, paysagiste \u00a9 Domaine du Rayol"},{"@type":"BreadcrumbList","@id":"https:\/\/www.domainedurayol.org\/en\/a-century-of-history\/from-yesterday-to-today\/gilles-clement\/#breadcrumb","itemListElement":[{"@type":"ListItem","position":1,"name":"Accueil","item":"https:\/\/www.domainedurayol.org\/en\/"},{"@type":"ListItem","position":2,"name":"A century of history","item":"https:\/\/www.domainedurayol.org\/en\/a-century-of-history\/"},{"@type":"ListItem","position":3,"name":"From 1900 to 1989","item":"https:\/\/www.domainedurayol.org\/en\/a-century-of-history\/from-yesterday-to-today\/"},{"@type":"ListItem","position":4,"name":"Gilles Cl\u00e9ment"}]},{"@type":"WebSite","@id":"https:\/\/www.domainedurayol.org\/en\/#website","url":"https:\/\/www.domainedurayol.org\/en\/","name":"Domaine du Rayol","description":"Le Jardin des M\u00e9diterran\u00e9es","potentialAction":[{"@type":"SearchAction","target":{"@type":"EntryPoint","urlTemplate":"https:\/\/www.domainedurayol.org\/en\/?s={search_term_string}"},"query-input":{"@type":"PropertyValueSpecification","valueRequired":true,"valueName":"search_term_string"}}],"inLanguage":"en-EN"}]}},"_links":{"self":[{"href":"https:\/\/www.domainedurayol.org\/en\/wp-json\/wp\/v2\/pages\/35","targetHints":{"allow":["GET"]}}],"collection":[{"href":"https:\/\/www.domainedurayol.org\/en\/wp-json\/wp\/v2\/pages"}],"about":[{"href":"https:\/\/www.domainedurayol.org\/en\/wp-json\/wp\/v2\/types\/page"}],"author":[{"embeddable":true,"href":"https:\/\/www.domainedurayol.org\/en\/wp-json\/wp\/v2\/users\/1"}],"replies":[{"embeddable":true,"href":"https:\/\/www.domainedurayol.org\/en\/wp-json\/wp\/v2\/comments?post=35"}],"version-history":[{"count":0,"href":"https:\/\/www.domainedurayol.org\/en\/wp-json\/wp\/v2\/pages\/35\/revisions"}],"up":[{"embeddable":true,"href":"https:\/\/www.domainedurayol.org\/en\/wp-json\/wp\/v2\/pages\/32"}],"wp:featuredmedia":[{"embeddable":true,"href":"https:\/\/www.domainedurayol.org\/en\/wp-json\/wp\/v2\/media\/2222"}],"wp:attachment":[{"href":"https:\/\/www.domainedurayol.org\/en\/wp-json\/wp\/v2\/media?parent=35"}],"curies":[{"name":"wp","href":"https:\/\/api.w.org\/{rel}","templated":true}]}}