{"id":32,"date":"2017-03-14T10:17:29","date_gmt":"2017-03-14T09:17:29","guid":{"rendered":"https:\/\/www.domainedurayol.org\/un-siecle-dhistoire\/dhier-a-aujourdhui\/"},"modified":"2024-06-19T15:52:50","modified_gmt":"2024-06-19T13:52:50","slug":"from-yesterday-to-today","status":"publish","type":"page","link":"https:\/\/www.domainedurayol.org\/en\/a-century-of-history\/from-yesterday-to-today\/","title":{"rendered":"From 1900 to 1989"},"content":{"rendered":"<p><del>A<\/del>t the beginning of the century, taking the \u2018petit train des pignes\u2019 (\u2018little pine cone train\u2019), a few wealthy families discovered the shores at the foot of the Maures. Dazzled by the beauty of this unspoilt coastline, the Adam, Eiffel, Royce, Cl\u00e9ment-Bayard and Foncin families had their holiday homes built above the blue waters amongst the heather, rock roses and arbutus&#8230;<\/p>\n<h2>The Courmes property<\/h2>\n<div class=\"gallery gallery-split\"><div class=\"gallery-captions\"><p class=\"gallery-captions__item\"><span class=\"gallery-captions__item__number\">01.<\/span> The Farm and Th\u00e9r\u00e8se Courmes<\/p><p class=\"gallery-captions__item\"><span class=\"gallery-captions__item__number\">02.<\/span> Alfred et Th\u00e9r\u00e8se sous le porche d'entr\u00e9e du Rayollet, 7 septembre 1932<\/p><\/div><a class=\"gallery__item\" href=\"https:\/\/www.domainedurayol.org\/en\/wp-content\/uploads\/sites\/4\/2018\/03\/ferme.jpg\" title=\"\u00a9 Collection particuli\u00e8re DR\">\n                    <div class=\"gallery__item__thumbnail\" style=\"background-image: url(https:\/\/www.domainedurayol.org\/en\/wp-content\/uploads\/sites\/4\/2018\/03\/ferme.jpg)\"><\/div>\n                    <span class=\"gallery__item__number\">01<\/span>\n                <\/a><a class=\"gallery__item\" href=\"https:\/\/www.domainedurayol.org\/en\/wp-content\/uploads\/sites\/4\/2024\/06\/Alfred-et-Th\u00e9r\u00e8se-sous-le-porche-dentr\u00e9e-du-Rayollet-7-septembre-1932-\u00a9Chouanard.jpg\" title=\"Alfred et Th\u00e9r\u00e8se sous le porche d'entr\u00e9e du Rayollet, 7 septembre 1932 \u00a9 Collection Chouanard\">\n                    <div class=\"gallery__item__thumbnail\" style=\"background-image: url(https:\/\/www.domainedurayol.org\/en\/wp-content\/uploads\/sites\/4\/2024\/06\/Alfred-et-Th\u00e9r\u00e8se-sous-le-porche-dentr\u00e9e-du-Rayollet-7-septembre-1932-\u00a9Chouanard.jpg)\"><\/div>\n                    <span class=\"gallery__item__number\">02<\/span>\n                <\/a><\/div>\n<p>A Parisian businessman, Alfred Th\u00e9odore Courmes, set up his retirement residence at Le Rayol in 1910. He had his house built on a headland overlooking the Baie du Figuier. He organised his ornamental gardens around an antique-inspired pergola, planting palm trees, date palms, eucalyptus, agaves and mimosa. Nearby, there was a terraced vegetable garden and an orchard on the side of a hill above a charming little farm. In 1925, whilst a real estate company was setting up a seaside resort in Le Rayol, the Courmes family sold their house which became the \u2018H\u00f4tel de la Mer\u2019. The couple then went to live in the Villa Rayolet built at the other end of the property.<\/p>\n<h2>The Potez Domaine<\/h2>\n<div class=\"gallery gallery-split\"><div class=\"gallery-captions\"><p class=\"gallery-captions__item\"><span class=\"gallery-captions__item__number\">03.<\/span> Henry et Alice Potez<\/p><p class=\"gallery-captions__item\"><span class=\"gallery-captions__item__number\">04.<\/span> Les enfants Potez et Chirac devant le Rayollet, vers 1943<\/p><\/div><a class=\"gallery__item\" href=\"https:\/\/www.domainedurayol.org\/en\/wp-content\/uploads\/sites\/4\/2024\/06\/Henry-et-Alice-Potez-archives-Chantal-Letourneur.jpg\" title=\"Henry et Alice Potez \u00a9 Archives Chantal Letourneur\">\n                    <div class=\"gallery__item__thumbnail\" style=\"background-image: url(https:\/\/www.domainedurayol.org\/en\/wp-content\/uploads\/sites\/4\/2024\/06\/Henry-et-Alice-Potez-archives-Chantal-Letourneur.jpg)\"><\/div>\n                    <span class=\"gallery__item__number\">03<\/span>\n                <\/a><a class=\"gallery__item\" href=\"https:\/\/www.domainedurayol.org\/en\/wp-content\/uploads\/sites\/4\/2018\/07\/les-enfants-Potez-et-Chirac-devant-le-Rayollet-vers-1943-archives-Mich....jpg\" title=\"Les enfants Potez et Chirac devant le Rayollet, vers 1943, archives Mich...\">\n                    <div class=\"gallery__item__thumbnail\" style=\"background-image: url(https:\/\/www.domainedurayol.org\/en\/wp-content\/uploads\/sites\/4\/2018\/07\/les-enfants-Potez-et-Chirac-devant-le-Rayollet-vers-1943-archives-Mich....jpg)\"><\/div>\n                    <span class=\"gallery__item__number\">04<\/span>\n                <\/a><\/div>\n<p>In January 1940, Madame Courmes sold the Domaine to the famous aircraft manufacturer Henry Potez. Forced by the war to abandon his factories in the Somme, Potez came to take refuge at Le Rayol with his family, at which point the houses underwent refurbishment. A number of servants attended on the family, whilst a dozen gardeners tended the garden. A majestic staircase was built under the pergola. It is during this period that the garden enjoyed its golden age. Once the war had come to an end, the Domaine du Rayol became only a summer residence. It was abandoned at the end of the sixties, for want of staff and maintenance.<\/p>\n<h2>The Domaine du Rayol safeguarded<\/h2>\n<div class=\"gallery\"><div class=\"gallery-captions\"><p class=\"gallery-captions__item\"><span class=\"gallery-captions__item__number\">05.<\/span> H\u00f4tel de la Mer in 1986<\/p><\/div><a class=\"gallery__item\" href=\"https:\/\/www.domainedurayol.org\/en\/wp-content\/uploads\/sites\/4\/2024\/06\/1DIA_1986_Ghibaudo-243.jpg\" title=\"1DIA_1986_Ghibaudo (243)\">\n                    <div class=\"gallery__item__thumbnail\" style=\"background-image: url(https:\/\/www.domainedurayol.org\/en\/wp-content\/uploads\/sites\/4\/2024\/06\/1DIA_1986_Ghibaudo-243.jpg)\"><\/div>\n                    <span class=\"gallery__item__number\">05<\/span>\n                <\/a><\/div>\n<p>The property went on to escape many property projects thanks to the action of conservationists. It was bought in 1989 by the Conservatoire du Littoral. The landscapes, flora and fauna of the last wild shores at the foot of the Maures would thus be preserved. At the request of the Conservatoire du Littoral, landscape gardener Gilles Cl\u00e9ment\u2019s proposal for the site was to evoke the flora and landscapes associated with regions of the world with Mediterranean climates, namely: the Mediterranean Basin, south-eastern California, central Chile, the Cape region in South Africa and southern Australia. Thus, from the former gardens of the Domaine, several gardens have emerged that reflect the plant environments of the Mediterranean regions of the world.<\/p>\n","protected":false},"excerpt":{"rendered":"At the beginning of the century, taking the \u2018petit train des pignes\u2019 (\u2018little pine cone train\u2019), a few wealthy families discovered the shores at the foot of the Maures. Dazzled by the beauty of this unspoilt coastline, the Adam, Eiffel, Royce, Cl\u00e9ment-Bayard and Foncin families had their holiday homes built above the blue waters amongst {&#8230;}","protected":false},"author":1,"featured_media":12223,"parent":31,"menu_order":1,"comment_status":"closed","ping_status":"closed","template":"","meta":{"_acf_changed":false,"footnotes":""},"class_list":["post-32","page","type-page","status-publish","has-post-thumbnail","hentry"],"acf":[],"yoast_head":"<!-- This site is optimized with the Yoast SEO plugin v24.1 - https:\/\/yoast.com\/wordpress\/plugins\/seo\/ -->\n<title>From 1900 to 1989 - Domaine du Rayol<\/title>\n<meta name=\"robots\" content=\"index, follow, max-snippet:-1, max-image-preview:large, max-video-preview:-1\" \/>\n<link rel=\"canonical\" href=\"https:\/\/www.domainedurayol.org\/en\/a-century-of-history\/from-yesterday-to-today\/\" \/>\n<meta property=\"og:locale\" content=\"en_US\" \/>\n<meta property=\"og:type\" content=\"article\" \/>\n<meta property=\"og:title\" content=\"From 1900 to 1989 - Domaine du Rayol\" \/>\n<meta property=\"og:description\" content=\"At the beginning of the century, taking the \u2018petit train des pignes\u2019 (\u2018little pine cone train\u2019), a few wealthy families discovered the shores at the foot of the Maures. Dazzled by the beauty of this unspoilt coastline, the Adam, Eiffel, Royce, Cl\u00e9ment-Bayard and Foncin families had their holiday homes built above the blue waters amongst {...}\" \/>\n<meta property=\"og:url\" content=\"https:\/\/www.domainedurayol.org\/en\/a-century-of-history\/from-yesterday-to-today\/\" \/>\n<meta property=\"og:site_name\" content=\"Domaine du Rayol\" \/>\n<meta property=\"article:modified_time\" content=\"2024-06-19T13:52:50+00:00\" \/>\n<meta property=\"og:image\" content=\"https:\/\/www.domainedurayol.org\/en\/wp-content\/uploads\/sites\/4\/2024\/06\/849T.jpg\" \/>\n\t<meta property=\"og:image:width\" content=\"350\" \/>\n\t<meta property=\"og:image:height\" content=\"250\" \/>\n\t<meta property=\"og:image:type\" content=\"image\/jpeg\" \/>\n<meta name=\"twitter:card\" content=\"summary_large_image\" \/>\n<meta name=\"twitter:label1\" content=\"Est. reading time\" \/>\n\t<meta name=\"twitter:data1\" content=\"2 minutes\" \/>\n<script type=\"application\/ld+json\" class=\"yoast-schema-graph\">{\"@context\":\"https:\/\/schema.org\",\"@graph\":[{\"@type\":\"WebPage\",\"@id\":\"https:\/\/www.domainedurayol.org\/en\/a-century-of-history\/from-yesterday-to-today\/\",\"url\":\"https:\/\/www.domainedurayol.org\/en\/a-century-of-history\/from-yesterday-to-today\/\",\"name\":\"From 1900 to 1989 - Domaine du Rayol\",\"isPartOf\":{\"@id\":\"https:\/\/www.domainedurayol.org\/en\/#website\"},\"primaryImageOfPage\":{\"@id\":\"https:\/\/www.domainedurayol.org\/en\/a-century-of-history\/from-yesterday-to-today\/#primaryimage\"},\"image\":{\"@id\":\"https:\/\/www.domainedurayol.org\/en\/a-century-of-history\/from-yesterday-to-today\/#primaryimage\"},\"thumbnailUrl\":\"https:\/\/www.domainedurayol.org\/en\/wp-content\/uploads\/sites\/4\/2024\/06\/849T.jpg\",\"datePublished\":\"2017-03-14T09:17:29+00:00\",\"dateModified\":\"2024-06-19T13:52:50+00:00\",\"breadcrumb\":{\"@id\":\"https:\/\/www.domainedurayol.org\/en\/a-century-of-history\/from-yesterday-to-today\/#breadcrumb\"},\"inLanguage\":\"en-EN\",\"potentialAction\":[{\"@type\":\"ReadAction\",\"target\":[\"https:\/\/www.domainedurayol.org\/en\/a-century-of-history\/from-yesterday-to-today\/\"]}]},{\"@type\":\"ImageObject\",\"inLanguage\":\"en-EN\",\"@id\":\"https:\/\/www.domainedurayol.org\/en\/a-century-of-history\/from-yesterday-to-today\/#primaryimage\",\"url\":\"https:\/\/www.domainedurayol.org\/en\/wp-content\/uploads\/sites\/4\/2024\/06\/849T.jpg\",\"contentUrl\":\"https:\/\/www.domainedurayol.org\/en\/wp-content\/uploads\/sites\/4\/2024\/06\/849T.jpg\",\"width\":350,\"height\":250},{\"@type\":\"BreadcrumbList\",\"@id\":\"https:\/\/www.domainedurayol.org\/en\/a-century-of-history\/from-yesterday-to-today\/#breadcrumb\",\"itemListElement\":[{\"@type\":\"ListItem\",\"position\":1,\"name\":\"Accueil\",\"item\":\"https:\/\/www.domainedurayol.org\/en\/\"},{\"@type\":\"ListItem\",\"position\":2,\"name\":\"A century of history\",\"item\":\"https:\/\/www.domainedurayol.org\/en\/a-century-of-history\/\"},{\"@type\":\"ListItem\",\"position\":3,\"name\":\"From 1900 to 1989\"}]},{\"@type\":\"WebSite\",\"@id\":\"https:\/\/www.domainedurayol.org\/en\/#website\",\"url\":\"https:\/\/www.domainedurayol.org\/en\/\",\"name\":\"Domaine du Rayol\",\"description\":\"Le Jardin des M\u00e9diterran\u00e9es\",\"potentialAction\":[{\"@type\":\"SearchAction\",\"target\":{\"@type\":\"EntryPoint\",\"urlTemplate\":\"https:\/\/www.domainedurayol.org\/en\/?s={search_term_string}\"},\"query-input\":{\"@type\":\"PropertyValueSpecification\",\"valueRequired\":true,\"valueName\":\"search_term_string\"}}],\"inLanguage\":\"en-EN\"}]}<\/script>\n<!-- \/ Yoast SEO plugin. -->","yoast_head_json":{"title":"From 1900 to 1989 - Domaine du Rayol","robots":{"index":"index","follow":"follow","max-snippet":"max-snippet:-1","max-image-preview":"max-image-preview:large","max-video-preview":"max-video-preview:-1"},"canonical":"https:\/\/www.domainedurayol.org\/en\/a-century-of-history\/from-yesterday-to-today\/","og_locale":"en_US","og_type":"article","og_title":"From 1900 to 1989 - Domaine du Rayol","og_description":"At the beginning of the century, taking the \u2018petit train des pignes\u2019 (\u2018little pine cone train\u2019), a few wealthy families discovered the shores at the foot of the Maures. Dazzled by the beauty of this unspoilt coastline, the Adam, Eiffel, Royce, Cl\u00e9ment-Bayard and Foncin families had their holiday homes built above the blue waters amongst {...}","og_url":"https:\/\/www.domainedurayol.org\/en\/a-century-of-history\/from-yesterday-to-today\/","og_site_name":"Domaine du Rayol","article_modified_time":"2024-06-19T13:52:50+00:00","og_image":[{"width":350,"height":250,"url":"https:\/\/www.domainedurayol.org\/en\/wp-content\/uploads\/sites\/4\/2024\/06\/849T.jpg","type":"image\/jpeg"}],"twitter_card":"summary_large_image","twitter_misc":{"Est. reading time":"2 minutes"},"schema":{"@context":"https:\/\/schema.org","@graph":[{"@type":"WebPage","@id":"https:\/\/www.domainedurayol.org\/en\/a-century-of-history\/from-yesterday-to-today\/","url":"https:\/\/www.domainedurayol.org\/en\/a-century-of-history\/from-yesterday-to-today\/","name":"From 1900 to 1989 - Domaine du Rayol","isPartOf":{"@id":"https:\/\/www.domainedurayol.org\/en\/#website"},"primaryImageOfPage":{"@id":"https:\/\/www.domainedurayol.org\/en\/a-century-of-history\/from-yesterday-to-today\/#primaryimage"},"image":{"@id":"https:\/\/www.domainedurayol.org\/en\/a-century-of-history\/from-yesterday-to-today\/#primaryimage"},"thumbnailUrl":"https:\/\/www.domainedurayol.org\/en\/wp-content\/uploads\/sites\/4\/2024\/06\/849T.jpg","datePublished":"2017-03-14T09:17:29+00:00","dateModified":"2024-06-19T13:52:50+00:00","breadcrumb":{"@id":"https:\/\/www.domainedurayol.org\/en\/a-century-of-history\/from-yesterday-to-today\/#breadcrumb"},"inLanguage":"en-EN","potentialAction":[{"@type":"ReadAction","target":["https:\/\/www.domainedurayol.org\/en\/a-century-of-history\/from-yesterday-to-today\/"]}]},{"@type":"ImageObject","inLanguage":"en-EN","@id":"https:\/\/www.domainedurayol.org\/en\/a-century-of-history\/from-yesterday-to-today\/#primaryimage","url":"https:\/\/www.domainedurayol.org\/en\/wp-content\/uploads\/sites\/4\/2024\/06\/849T.jpg","contentUrl":"https:\/\/www.domainedurayol.org\/en\/wp-content\/uploads\/sites\/4\/2024\/06\/849T.jpg","width":350,"height":250},{"@type":"BreadcrumbList","@id":"https:\/\/www.domainedurayol.org\/en\/a-century-of-history\/from-yesterday-to-today\/#breadcrumb","itemListElement":[{"@type":"ListItem","position":1,"name":"Accueil","item":"https:\/\/www.domainedurayol.org\/en\/"},{"@type":"ListItem","position":2,"name":"A century of history","item":"https:\/\/www.domainedurayol.org\/en\/a-century-of-history\/"},{"@type":"ListItem","position":3,"name":"From 1900 to 1989"}]},{"@type":"WebSite","@id":"https:\/\/www.domainedurayol.org\/en\/#website","url":"https:\/\/www.domainedurayol.org\/en\/","name":"Domaine du Rayol","description":"Le Jardin des M\u00e9diterran\u00e9es","potentialAction":[{"@type":"SearchAction","target":{"@type":"EntryPoint","urlTemplate":"https:\/\/www.domainedurayol.org\/en\/?s={search_term_string}"},"query-input":{"@type":"PropertyValueSpecification","valueRequired":true,"valueName":"search_term_string"}}],"inLanguage":"en-EN"}]}},"_links":{"self":[{"href":"https:\/\/www.domainedurayol.org\/en\/wp-json\/wp\/v2\/pages\/32","targetHints":{"allow":["GET"]}}],"collection":[{"href":"https:\/\/www.domainedurayol.org\/en\/wp-json\/wp\/v2\/pages"}],"about":[{"href":"https:\/\/www.domainedurayol.org\/en\/wp-json\/wp\/v2\/types\/page"}],"author":[{"embeddable":true,"href":"https:\/\/www.domainedurayol.org\/en\/wp-json\/wp\/v2\/users\/1"}],"replies":[{"embeddable":true,"href":"https:\/\/www.domainedurayol.org\/en\/wp-json\/wp\/v2\/comments?post=32"}],"version-history":[{"count":0,"href":"https:\/\/www.domainedurayol.org\/en\/wp-json\/wp\/v2\/pages\/32\/revisions"}],"up":[{"embeddable":true,"href":"https:\/\/www.domainedurayol.org\/en\/wp-json\/wp\/v2\/pages\/31"}],"wp:featuredmedia":[{"embeddable":true,"href":"https:\/\/www.domainedurayol.org\/en\/wp-json\/wp\/v2\/media\/12223"}],"wp:attachment":[{"href":"https:\/\/www.domainedurayol.org\/en\/wp-json\/wp\/v2\/media?parent=32"}],"curies":[{"name":"wp","href":"https:\/\/api.w.org\/{rel}","templated":true}]}}