{"id":2892,"date":"2017-05-14T18:17:58","date_gmt":"2017-05-14T16:17:58","guid":{"rendered":"https:\/\/www.domainedurayol.org\/?page_id=2892"},"modified":"2022-02-08T23:04:08","modified_gmt":"2022-02-08T22:04:08","slug":"decouverte-du-littoral","status":"publish","type":"page","link":"https:\/\/www.domainedurayol.org\/en\/primaires\/decouverte-du-littoral\/","title":{"rendered":"D\u00e9couverte du littoral"},"content":{"rendered":"<h2>Objectif<\/h2>\n<p>D\u00e9couvrir ce qu&#8217;est le littoral, un espace entre la terre et la mer, \u00e0 travers une approche \u00e9cologique.<\/p>\n<hr \/>\n<h2>Programme<\/h2>\n<h3>Pr\u00e9sentation des diff\u00e9rents milieux existant sur le littoral :<\/h3>\n<ul>\n<li>la c\u00f4te rocheuse : les plantes du littoral et leur adaptation \u00e0 des conditions de vie difficiles.<\/li>\n<li>la c\u00f4te sableuse : la laisse de mer et son utilit\u00e9.<\/li>\n<\/ul>\n<h3>Sensibilisation \u00e0 l&#8217;\u00e9cologie :<\/h3>\n<ul>\n<li>le parcours de l&#8217;eau et des pollutions,<\/li>\n<li>la dur\u00e9e de vie des d\u00e9chets,<\/li>\n<li>les gestes essentiels \u00e0 avoir sur la plage.<\/li>\n<\/ul>\n<hr \/>\n<div class=\"gallery\"><div class=\"gallery-captions\"><p class=\"gallery-captions__item\"><span class=\"gallery-captions__item__number\">01.<\/span> Visite scolaire, primaires <\/p><\/div><a class=\"gallery__item\" href=\"https:\/\/www.domainedurayol.org\/en\/wp-content\/uploads\/sites\/4\/2017\/05\/accueil-de-primaire-domaine-du-rayol17-e1494927892577.jpg\" title=\"\u00a9 Domaine du Rayol\">\n                    <div class=\"gallery__item__thumbnail\" style=\"background-image: url(https:\/\/www.domainedurayol.org\/en\/wp-content\/uploads\/sites\/4\/2017\/05\/accueil-de-primaire-domaine-du-rayol17-e1494927892577.jpg)\"><\/div>\n                    <span class=\"gallery__item__number\">01<\/span>\n                <\/a><\/div>\n<h2>Mat\u00e9riel fourni<\/h2>\n<p>Livret p\u00e9dagogique remis \u00e0 l&#8217;enseignant pour assurer un prolongement de l\u2019activit\u00e9 en classe.<br \/>\nPr\u00eat de loupes aux participants.<\/p>\n<hr \/>\n<h2>Comp\u00e9tences abord\u00e9es<\/h2>\n<ul>\n<li>Observer le vivant.<\/li>\n<li>Pratiquer des d\u00e9marches scientifiques.<\/li>\n<li>Se rep\u00e9rer dans l\u2019espace et dans le temps.<\/li>\n<li>Adopter un comportement \u00e9thique et responsable.<\/li>\n<\/ul>\n<p><strong>Dur\u00e9e de l&#8217;activit\u00e9<\/strong> : environ 2h<\/p>\n<pre>Tarif : 4,50 \u20ac \/ enfant<\/pre>\n<p style=\"text-align: center\"><a class=\"btn\" href=\"https:\/\/www.domainedurayol.org\/visites-et-activites\/visites-scolaires\/\">CONTACTEZ NOTRE SERVICE R\u00c9SERVATION<\/a><\/p>\n<p><em>Toutes les activit\u00e9s sont soumises \u00e0 r\u00e9servation. Les possibilit\u00e9s de visite guid\u00e9e d\u00e9pendent de la disponibilit\u00e9 de nos guides, veuillez nous consulter.<\/em><\/p>\n<p>&nbsp;<\/p>\n","protected":false},"excerpt":{"rendered":"Objectif D\u00e9couvrir ce qu&#8217;est le littoral, un espace entre la terre et la mer, \u00e0 travers une approche \u00e9cologique. Programme Pr\u00e9sentation des diff\u00e9rents milieux existant sur le littoral : la c\u00f4te rocheuse : les plantes du littoral et leur adaptation \u00e0 des conditions de vie difficiles. la c\u00f4te sableuse : la laisse de mer et {&#8230;}","protected":false},"author":2,"featured_media":3356,"parent":53,"menu_order":40,"comment_status":"closed","ping_status":"closed","template":"","meta":{"_acf_changed":false,"footnotes":""},"class_list":["post-2892","page","type-page","status-publish","has-post-thumbnail","hentry"],"acf":[],"yoast_head":"<!-- This site is optimized with the Yoast SEO plugin v24.1 - https:\/\/yoast.com\/wordpress\/plugins\/seo\/ -->\n<title>D\u00e9couverte du littoral - Domaine du Rayol<\/title>\n<meta name=\"robots\" content=\"index, follow, max-snippet:-1, max-image-preview:large, max-video-preview:-1\" \/>\n<link rel=\"canonical\" href=\"https:\/\/www.domainedurayol.org\/en\/primaires\/decouverte-du-littoral\/\" \/>\n<meta property=\"og:locale\" content=\"en_US\" \/>\n<meta property=\"og:type\" content=\"article\" \/>\n<meta property=\"og:title\" content=\"D\u00e9couverte du littoral - Domaine du Rayol\" \/>\n<meta property=\"og:description\" content=\"Objectif D\u00e9couvrir ce qu&#8217;est le littoral, un espace entre la terre et la mer, \u00e0 travers une approche \u00e9cologique. Programme Pr\u00e9sentation des diff\u00e9rents milieux existant sur le littoral : la c\u00f4te rocheuse : les plantes du littoral et leur adaptation \u00e0 des conditions de vie difficiles. la c\u00f4te sableuse : la laisse de mer et {...}\" \/>\n<meta property=\"og:url\" content=\"https:\/\/www.domainedurayol.org\/en\/primaires\/decouverte-du-littoral\/\" \/>\n<meta property=\"og:site_name\" content=\"Domaine du Rayol\" \/>\n<meta property=\"article:modified_time\" content=\"2022-02-08T22:04:08+00:00\" \/>\n<meta property=\"og:image\" content=\"https:\/\/www.domainedurayol.org\/en\/wp-content\/uploads\/sites\/4\/2017\/06\/decouverte-du-littoral-visite-guidee-domaine-du-rayol.jpg\" \/>\n\t<meta property=\"og:image:width\" content=\"1000\" \/>\n\t<meta property=\"og:image:height\" content=\"750\" \/>\n\t<meta property=\"og:image:type\" content=\"image\/jpeg\" \/>\n<meta name=\"twitter:card\" content=\"summary_large_image\" \/>\n<meta name=\"twitter:label1\" content=\"Est. reading time\" \/>\n\t<meta name=\"twitter:data1\" content=\"1 minute\" \/>\n<script type=\"application\/ld+json\" class=\"yoast-schema-graph\">{\"@context\":\"https:\/\/schema.org\",\"@graph\":[{\"@type\":\"WebPage\",\"@id\":\"https:\/\/www.domainedurayol.org\/en\/primaires\/decouverte-du-littoral\/\",\"url\":\"https:\/\/www.domainedurayol.org\/en\/primaires\/decouverte-du-littoral\/\",\"name\":\"D\u00e9couverte du littoral - Domaine du Rayol\",\"isPartOf\":{\"@id\":\"https:\/\/www.domainedurayol.org\/en\/#website\"},\"primaryImageOfPage\":{\"@id\":\"https:\/\/www.domainedurayol.org\/en\/primaires\/decouverte-du-littoral\/#primaryimage\"},\"image\":{\"@id\":\"https:\/\/www.domainedurayol.org\/en\/primaires\/decouverte-du-littoral\/#primaryimage\"},\"thumbnailUrl\":\"https:\/\/www.domainedurayol.org\/en\/wp-content\/uploads\/sites\/4\/2017\/06\/decouverte-du-littoral-visite-guidee-domaine-du-rayol.jpg\",\"datePublished\":\"2017-05-14T16:17:58+00:00\",\"dateModified\":\"2022-02-08T22:04:08+00:00\",\"breadcrumb\":{\"@id\":\"https:\/\/www.domainedurayol.org\/en\/primaires\/decouverte-du-littoral\/#breadcrumb\"},\"inLanguage\":\"en-EN\",\"potentialAction\":[{\"@type\":\"ReadAction\",\"target\":[\"https:\/\/www.domainedurayol.org\/en\/primaires\/decouverte-du-littoral\/\"]}]},{\"@type\":\"ImageObject\",\"inLanguage\":\"en-EN\",\"@id\":\"https:\/\/www.domainedurayol.org\/en\/primaires\/decouverte-du-littoral\/#primaryimage\",\"url\":\"https:\/\/www.domainedurayol.org\/en\/wp-content\/uploads\/sites\/4\/2017\/06\/decouverte-du-littoral-visite-guidee-domaine-du-rayol.jpg\",\"contentUrl\":\"https:\/\/www.domainedurayol.org\/en\/wp-content\/uploads\/sites\/4\/2017\/06\/decouverte-du-littoral-visite-guidee-domaine-du-rayol.jpg\",\"width\":1000,\"height\":750,\"caption\":\"Visite scolaire d\u00e9couverte du littoral\"},{\"@type\":\"BreadcrumbList\",\"@id\":\"https:\/\/www.domainedurayol.org\/en\/primaires\/decouverte-du-littoral\/#breadcrumb\",\"itemListElement\":[{\"@type\":\"ListItem\",\"position\":1,\"name\":\"Accueil\",\"item\":\"https:\/\/www.domainedurayol.org\/en\/\"},{\"@type\":\"ListItem\",\"position\":2,\"name\":\"Primaires\",\"item\":\"https:\/\/www.domainedurayol.org\/en\/primaires\/\"},{\"@type\":\"ListItem\",\"position\":3,\"name\":\"D\u00e9couverte du littoral\"}]},{\"@type\":\"WebSite\",\"@id\":\"https:\/\/www.domainedurayol.org\/en\/#website\",\"url\":\"https:\/\/www.domainedurayol.org\/en\/\",\"name\":\"Domaine du Rayol\",\"description\":\"Le Jardin des M\u00e9diterran\u00e9es\",\"potentialAction\":[{\"@type\":\"SearchAction\",\"target\":{\"@type\":\"EntryPoint\",\"urlTemplate\":\"https:\/\/www.domainedurayol.org\/en\/?s={search_term_string}\"},\"query-input\":{\"@type\":\"PropertyValueSpecification\",\"valueRequired\":true,\"valueName\":\"search_term_string\"}}],\"inLanguage\":\"en-EN\"}]}<\/script>\n<!-- \/ Yoast SEO plugin. -->","yoast_head_json":{"title":"D\u00e9couverte du littoral - Domaine du Rayol","robots":{"index":"index","follow":"follow","max-snippet":"max-snippet:-1","max-image-preview":"max-image-preview:large","max-video-preview":"max-video-preview:-1"},"canonical":"https:\/\/www.domainedurayol.org\/en\/primaires\/decouverte-du-littoral\/","og_locale":"en_US","og_type":"article","og_title":"D\u00e9couverte du littoral - Domaine du Rayol","og_description":"Objectif D\u00e9couvrir ce qu&#8217;est le littoral, un espace entre la terre et la mer, \u00e0 travers une approche \u00e9cologique. Programme Pr\u00e9sentation des diff\u00e9rents milieux existant sur le littoral : la c\u00f4te rocheuse : les plantes du littoral et leur adaptation \u00e0 des conditions de vie difficiles. la c\u00f4te sableuse : la laisse de mer et {...}","og_url":"https:\/\/www.domainedurayol.org\/en\/primaires\/decouverte-du-littoral\/","og_site_name":"Domaine du Rayol","article_modified_time":"2022-02-08T22:04:08+00:00","og_image":[{"width":1000,"height":750,"url":"https:\/\/www.domainedurayol.org\/en\/wp-content\/uploads\/sites\/4\/2017\/06\/decouverte-du-littoral-visite-guidee-domaine-du-rayol.jpg","type":"image\/jpeg"}],"twitter_card":"summary_large_image","twitter_misc":{"Est. reading time":"1 minute"},"schema":{"@context":"https:\/\/schema.org","@graph":[{"@type":"WebPage","@id":"https:\/\/www.domainedurayol.org\/en\/primaires\/decouverte-du-littoral\/","url":"https:\/\/www.domainedurayol.org\/en\/primaires\/decouverte-du-littoral\/","name":"D\u00e9couverte du littoral - Domaine du Rayol","isPartOf":{"@id":"https:\/\/www.domainedurayol.org\/en\/#website"},"primaryImageOfPage":{"@id":"https:\/\/www.domainedurayol.org\/en\/primaires\/decouverte-du-littoral\/#primaryimage"},"image":{"@id":"https:\/\/www.domainedurayol.org\/en\/primaires\/decouverte-du-littoral\/#primaryimage"},"thumbnailUrl":"https:\/\/www.domainedurayol.org\/en\/wp-content\/uploads\/sites\/4\/2017\/06\/decouverte-du-littoral-visite-guidee-domaine-du-rayol.jpg","datePublished":"2017-05-14T16:17:58+00:00","dateModified":"2022-02-08T22:04:08+00:00","breadcrumb":{"@id":"https:\/\/www.domainedurayol.org\/en\/primaires\/decouverte-du-littoral\/#breadcrumb"},"inLanguage":"en-EN","potentialAction":[{"@type":"ReadAction","target":["https:\/\/www.domainedurayol.org\/en\/primaires\/decouverte-du-littoral\/"]}]},{"@type":"ImageObject","inLanguage":"en-EN","@id":"https:\/\/www.domainedurayol.org\/en\/primaires\/decouverte-du-littoral\/#primaryimage","url":"https:\/\/www.domainedurayol.org\/en\/wp-content\/uploads\/sites\/4\/2017\/06\/decouverte-du-littoral-visite-guidee-domaine-du-rayol.jpg","contentUrl":"https:\/\/www.domainedurayol.org\/en\/wp-content\/uploads\/sites\/4\/2017\/06\/decouverte-du-littoral-visite-guidee-domaine-du-rayol.jpg","width":1000,"height":750,"caption":"Visite scolaire d\u00e9couverte du littoral"},{"@type":"BreadcrumbList","@id":"https:\/\/www.domainedurayol.org\/en\/primaires\/decouverte-du-littoral\/#breadcrumb","itemListElement":[{"@type":"ListItem","position":1,"name":"Accueil","item":"https:\/\/www.domainedurayol.org\/en\/"},{"@type":"ListItem","position":2,"name":"Primaires","item":"https:\/\/www.domainedurayol.org\/en\/primaires\/"},{"@type":"ListItem","position":3,"name":"D\u00e9couverte du littoral"}]},{"@type":"WebSite","@id":"https:\/\/www.domainedurayol.org\/en\/#website","url":"https:\/\/www.domainedurayol.org\/en\/","name":"Domaine du Rayol","description":"Le Jardin des M\u00e9diterran\u00e9es","potentialAction":[{"@type":"SearchAction","target":{"@type":"EntryPoint","urlTemplate":"https:\/\/www.domainedurayol.org\/en\/?s={search_term_string}"},"query-input":{"@type":"PropertyValueSpecification","valueRequired":true,"valueName":"search_term_string"}}],"inLanguage":"en-EN"}]}},"_links":{"self":[{"href":"https:\/\/www.domainedurayol.org\/en\/wp-json\/wp\/v2\/pages\/2892","targetHints":{"allow":["GET"]}}],"collection":[{"href":"https:\/\/www.domainedurayol.org\/en\/wp-json\/wp\/v2\/pages"}],"about":[{"href":"https:\/\/www.domainedurayol.org\/en\/wp-json\/wp\/v2\/types\/page"}],"author":[{"embeddable":true,"href":"https:\/\/www.domainedurayol.org\/en\/wp-json\/wp\/v2\/users\/2"}],"replies":[{"embeddable":true,"href":"https:\/\/www.domainedurayol.org\/en\/wp-json\/wp\/v2\/comments?post=2892"}],"version-history":[{"count":0,"href":"https:\/\/www.domainedurayol.org\/en\/wp-json\/wp\/v2\/pages\/2892\/revisions"}],"up":[{"embeddable":true,"href":"https:\/\/www.domainedurayol.org\/en\/wp-json\/wp\/v2\/pages\/53"}],"wp:featuredmedia":[{"embeddable":true,"href":"https:\/\/www.domainedurayol.org\/en\/wp-json\/wp\/v2\/media\/3356"}],"wp:attachment":[{"href":"https:\/\/www.domainedurayol.org\/en\/wp-json\/wp\/v2\/media?parent=2892"}],"curies":[{"name":"wp","href":"https:\/\/api.w.org\/{rel}","templated":true}]}}