{"id":2891,"date":"2017-05-14T18:16:47","date_gmt":"2017-05-14T16:16:47","guid":{"rendered":"https:\/\/www.domainedurayol.org\/?page_id=2891"},"modified":"2022-02-08T23:03:27","modified_gmt":"2022-02-08T22:03:27","slug":"voyageons-avec-les-plantes","status":"publish","type":"page","link":"https:\/\/www.domainedurayol.org\/en\/primaires\/voyageons-avec-les-plantes\/","title":{"rendered":"Voyageons avec les plantes"},"content":{"rendered":"<h2>Objectif<\/h2>\n<p>Proposer aux enfants un voyage autour du monde \u00e0 travers l&#8217;observation des plantes embl\u00e9matiques des paysages \u00e9voqu\u00e9s au Domaine du Rayol.<\/p>\n<hr \/>\n<h2>Programme<\/h2>\n<p>Pr\u00e9sentation du <em>Jardin des M\u00e9diterran\u00e9es<\/em> et travail en commun avec les \u00e9l\u00e8ves sur le mot &#8220;embl\u00e9matique&#8221;.<\/p>\n<p>Visite du Jardin organis\u00e9e autour de 7 \u00e9tapes :<\/p>\n<ul>\n<li>les Canaries avec le dragonnier,<\/li>\n<li>l&#8217;Australie avec le bunya-bunya,<\/li>\n<li>la Nouvelle-Z\u00e9lande avec la cordyline, l&#8217;arbre \u00e0 th\u00e9 et le Harakeke,<\/li>\n<li>la Chine avec ses nombreuses esp\u00e8ces de bambous,<\/li>\n<li>le pourtour m\u00e9diterran\u00e9en avec le ch\u00eane li\u00e8ge,<\/li>\n<li>le Mexique avec ses cactus,<\/li>\n<li>l&#8217;Australie avec l&#8217;eucalyptus.<br \/>\nPour chaque plante seront abord\u00e9es son utilisation par l&#8217;homme et ses relations avec les animaux.<\/li>\n<\/ul>\n<hr \/>\n<div class=\"gallery\"><div class=\"gallery-captions\"><p class=\"gallery-captions__item\"><span class=\"gallery-captions__item__number\">01.<\/span> Visite scolaire, maternelles <\/p><\/div><a class=\"gallery__item\" href=\"https:\/\/www.domainedurayol.org\/en\/wp-content\/uploads\/sites\/4\/2017\/05\/accueil-maternelles-domaine-du-rayol-3-e1494927716978.jpg\" title=\"\u00a9 Domaine du Rayol\">\n                    <div class=\"gallery__item__thumbnail\" style=\"background-image: url(https:\/\/www.domainedurayol.org\/en\/wp-content\/uploads\/sites\/4\/2017\/05\/accueil-maternelles-domaine-du-rayol-3-e1494927716978.jpg)\"><\/div>\n                    <span class=\"gallery__item__number\">01<\/span>\n                <\/a><\/div>\n<h2>Mat\u00e9riel fourni<\/h2>\n<p>Livret p\u00e9dagogique remis \u00e0 l&#8217;enseignant pour assurer un prolongement de l\u2019activit\u00e9 en classe.<\/p>\n<hr \/>\n<h2>Comp\u00e9tences abord\u00e9es<\/h2>\n<ul>\n<li>Observer le vivant.<\/li>\n<li>Pratiquer des d\u00e9marches scientifiques.<\/li>\n<li>Se rep\u00e9rer dans l\u2019espace et dans le temps.<\/li>\n<li>Adopter un comportement \u00e9thique et responsable.<\/li>\n<\/ul>\n<p>&nbsp;<\/p>\n<p><strong>Dur\u00e9e de l&#8217;activit\u00e9 :<\/strong> environ 2h<\/p>\n<pre>Tarif : 4,50 \u20ac \/ enfant<\/pre>\n<p style=\"text-align: center\"><a class=\"btn\" href=\"https:\/\/www.domainedurayol.org\/visites-et-activites\/visites-scolaires\/\">CONTACTEZ NOTRE SERVICE R\u00c9SERVATION<\/a><\/p>\n<p><em>Toutes les activit\u00e9s sont soumises \u00e0 r\u00e9servation. Les possibilit\u00e9s de visite guid\u00e9e d\u00e9pendent de la disponibilit\u00e9 de nos guides, veuillez nous consulter.<\/em><\/p>\n","protected":false},"excerpt":{"rendered":"Objectif Proposer aux enfants un voyage autour du monde \u00e0 travers l&#8217;observation des plantes embl\u00e9matiques des paysages \u00e9voqu\u00e9s au Domaine du Rayol. Programme Pr\u00e9sentation du Jardin des M\u00e9diterran\u00e9es et travail en commun avec les \u00e9l\u00e8ves sur le mot &#8220;embl\u00e9matique&#8221;. Visite du Jardin organis\u00e9e autour de 7 \u00e9tapes : les Canaries avec le dragonnier, l&#8217;Australie avec {&#8230;}","protected":false},"author":2,"featured_media":3362,"parent":53,"menu_order":30,"comment_status":"closed","ping_status":"closed","template":"","meta":{"_acf_changed":false,"footnotes":""},"class_list":["post-2891","page","type-page","status-publish","has-post-thumbnail","hentry"],"acf":[],"yoast_head":"<!-- This site is optimized with the Yoast SEO plugin v24.1 - https:\/\/yoast.com\/wordpress\/plugins\/seo\/ -->\n<title>Voyageons avec les plantes - Domaine du Rayol<\/title>\n<meta name=\"robots\" content=\"index, follow, max-snippet:-1, max-image-preview:large, max-video-preview:-1\" \/>\n<link rel=\"canonical\" href=\"https:\/\/www.domainedurayol.org\/en\/primaires\/voyageons-avec-les-plantes\/\" \/>\n<meta property=\"og:locale\" content=\"en_US\" \/>\n<meta property=\"og:type\" content=\"article\" \/>\n<meta property=\"og:title\" content=\"Voyageons avec les plantes - Domaine du Rayol\" \/>\n<meta property=\"og:description\" content=\"Objectif Proposer aux enfants un voyage autour du monde \u00e0 travers l&#8217;observation des plantes embl\u00e9matiques des paysages \u00e9voqu\u00e9s au Domaine du Rayol. Programme Pr\u00e9sentation du Jardin des M\u00e9diterran\u00e9es et travail en commun avec les \u00e9l\u00e8ves sur le mot &#8220;embl\u00e9matique&#8221;. Visite du Jardin organis\u00e9e autour de 7 \u00e9tapes : les Canaries avec le dragonnier, l&#8217;Australie avec {...}\" \/>\n<meta property=\"og:url\" content=\"https:\/\/www.domainedurayol.org\/en\/primaires\/voyageons-avec-les-plantes\/\" \/>\n<meta property=\"og:site_name\" content=\"Domaine du Rayol\" \/>\n<meta property=\"article:modified_time\" content=\"2022-02-08T22:03:27+00:00\" \/>\n<meta property=\"og:image\" content=\"https:\/\/www.domainedurayol.org\/en\/wp-content\/uploads\/sites\/4\/2017\/06\/voyageons-avec-les-plantes-visite-guidee-domaine-du-rayol.jpg\" \/>\n\t<meta property=\"og:image:width\" content=\"400\" \/>\n\t<meta property=\"og:image:height\" content=\"225\" \/>\n\t<meta property=\"og:image:type\" content=\"image\/jpeg\" \/>\n<meta name=\"twitter:card\" content=\"summary_large_image\" \/>\n<meta name=\"twitter:label1\" content=\"Est. reading time\" \/>\n\t<meta name=\"twitter:data1\" content=\"1 minute\" \/>\n<script type=\"application\/ld+json\" class=\"yoast-schema-graph\">{\"@context\":\"https:\/\/schema.org\",\"@graph\":[{\"@type\":\"WebPage\",\"@id\":\"https:\/\/www.domainedurayol.org\/en\/primaires\/voyageons-avec-les-plantes\/\",\"url\":\"https:\/\/www.domainedurayol.org\/en\/primaires\/voyageons-avec-les-plantes\/\",\"name\":\"Voyageons avec les plantes - Domaine du Rayol\",\"isPartOf\":{\"@id\":\"https:\/\/www.domainedurayol.org\/en\/#website\"},\"primaryImageOfPage\":{\"@id\":\"https:\/\/www.domainedurayol.org\/en\/primaires\/voyageons-avec-les-plantes\/#primaryimage\"},\"image\":{\"@id\":\"https:\/\/www.domainedurayol.org\/en\/primaires\/voyageons-avec-les-plantes\/#primaryimage\"},\"thumbnailUrl\":\"https:\/\/www.domainedurayol.org\/en\/wp-content\/uploads\/sites\/4\/2017\/06\/voyageons-avec-les-plantes-visite-guidee-domaine-du-rayol.jpg\",\"datePublished\":\"2017-05-14T16:16:47+00:00\",\"dateModified\":\"2022-02-08T22:03:27+00:00\",\"breadcrumb\":{\"@id\":\"https:\/\/www.domainedurayol.org\/en\/primaires\/voyageons-avec-les-plantes\/#breadcrumb\"},\"inLanguage\":\"en-EN\",\"potentialAction\":[{\"@type\":\"ReadAction\",\"target\":[\"https:\/\/www.domainedurayol.org\/en\/primaires\/voyageons-avec-les-plantes\/\"]}]},{\"@type\":\"ImageObject\",\"inLanguage\":\"en-EN\",\"@id\":\"https:\/\/www.domainedurayol.org\/en\/primaires\/voyageons-avec-les-plantes\/#primaryimage\",\"url\":\"https:\/\/www.domainedurayol.org\/en\/wp-content\/uploads\/sites\/4\/2017\/06\/voyageons-avec-les-plantes-visite-guidee-domaine-du-rayol.jpg\",\"contentUrl\":\"https:\/\/www.domainedurayol.org\/en\/wp-content\/uploads\/sites\/4\/2017\/06\/voyageons-avec-les-plantes-visite-guidee-domaine-du-rayol.jpg\",\"width\":400,\"height\":225,\"caption\":\"Visite scolaire Voyageons avec les plantes\"},{\"@type\":\"BreadcrumbList\",\"@id\":\"https:\/\/www.domainedurayol.org\/en\/primaires\/voyageons-avec-les-plantes\/#breadcrumb\",\"itemListElement\":[{\"@type\":\"ListItem\",\"position\":1,\"name\":\"Accueil\",\"item\":\"https:\/\/www.domainedurayol.org\/en\/\"},{\"@type\":\"ListItem\",\"position\":2,\"name\":\"Primaires\",\"item\":\"https:\/\/www.domainedurayol.org\/en\/primaires\/\"},{\"@type\":\"ListItem\",\"position\":3,\"name\":\"Voyageons avec les plantes\"}]},{\"@type\":\"WebSite\",\"@id\":\"https:\/\/www.domainedurayol.org\/en\/#website\",\"url\":\"https:\/\/www.domainedurayol.org\/en\/\",\"name\":\"Domaine du Rayol\",\"description\":\"Le Jardin des M\u00e9diterran\u00e9es\",\"potentialAction\":[{\"@type\":\"SearchAction\",\"target\":{\"@type\":\"EntryPoint\",\"urlTemplate\":\"https:\/\/www.domainedurayol.org\/en\/?s={search_term_string}\"},\"query-input\":{\"@type\":\"PropertyValueSpecification\",\"valueRequired\":true,\"valueName\":\"search_term_string\"}}],\"inLanguage\":\"en-EN\"}]}<\/script>\n<!-- \/ Yoast SEO plugin. -->","yoast_head_json":{"title":"Voyageons avec les plantes - Domaine du Rayol","robots":{"index":"index","follow":"follow","max-snippet":"max-snippet:-1","max-image-preview":"max-image-preview:large","max-video-preview":"max-video-preview:-1"},"canonical":"https:\/\/www.domainedurayol.org\/en\/primaires\/voyageons-avec-les-plantes\/","og_locale":"en_US","og_type":"article","og_title":"Voyageons avec les plantes - Domaine du Rayol","og_description":"Objectif Proposer aux enfants un voyage autour du monde \u00e0 travers l&#8217;observation des plantes embl\u00e9matiques des paysages \u00e9voqu\u00e9s au Domaine du Rayol. Programme Pr\u00e9sentation du Jardin des M\u00e9diterran\u00e9es et travail en commun avec les \u00e9l\u00e8ves sur le mot &#8220;embl\u00e9matique&#8221;. Visite du Jardin organis\u00e9e autour de 7 \u00e9tapes : les Canaries avec le dragonnier, l&#8217;Australie avec {...}","og_url":"https:\/\/www.domainedurayol.org\/en\/primaires\/voyageons-avec-les-plantes\/","og_site_name":"Domaine du Rayol","article_modified_time":"2022-02-08T22:03:27+00:00","og_image":[{"width":400,"height":225,"url":"https:\/\/www.domainedurayol.org\/en\/wp-content\/uploads\/sites\/4\/2017\/06\/voyageons-avec-les-plantes-visite-guidee-domaine-du-rayol.jpg","type":"image\/jpeg"}],"twitter_card":"summary_large_image","twitter_misc":{"Est. reading time":"1 minute"},"schema":{"@context":"https:\/\/schema.org","@graph":[{"@type":"WebPage","@id":"https:\/\/www.domainedurayol.org\/en\/primaires\/voyageons-avec-les-plantes\/","url":"https:\/\/www.domainedurayol.org\/en\/primaires\/voyageons-avec-les-plantes\/","name":"Voyageons avec les plantes - Domaine du Rayol","isPartOf":{"@id":"https:\/\/www.domainedurayol.org\/en\/#website"},"primaryImageOfPage":{"@id":"https:\/\/www.domainedurayol.org\/en\/primaires\/voyageons-avec-les-plantes\/#primaryimage"},"image":{"@id":"https:\/\/www.domainedurayol.org\/en\/primaires\/voyageons-avec-les-plantes\/#primaryimage"},"thumbnailUrl":"https:\/\/www.domainedurayol.org\/en\/wp-content\/uploads\/sites\/4\/2017\/06\/voyageons-avec-les-plantes-visite-guidee-domaine-du-rayol.jpg","datePublished":"2017-05-14T16:16:47+00:00","dateModified":"2022-02-08T22:03:27+00:00","breadcrumb":{"@id":"https:\/\/www.domainedurayol.org\/en\/primaires\/voyageons-avec-les-plantes\/#breadcrumb"},"inLanguage":"en-EN","potentialAction":[{"@type":"ReadAction","target":["https:\/\/www.domainedurayol.org\/en\/primaires\/voyageons-avec-les-plantes\/"]}]},{"@type":"ImageObject","inLanguage":"en-EN","@id":"https:\/\/www.domainedurayol.org\/en\/primaires\/voyageons-avec-les-plantes\/#primaryimage","url":"https:\/\/www.domainedurayol.org\/en\/wp-content\/uploads\/sites\/4\/2017\/06\/voyageons-avec-les-plantes-visite-guidee-domaine-du-rayol.jpg","contentUrl":"https:\/\/www.domainedurayol.org\/en\/wp-content\/uploads\/sites\/4\/2017\/06\/voyageons-avec-les-plantes-visite-guidee-domaine-du-rayol.jpg","width":400,"height":225,"caption":"Visite scolaire Voyageons avec les plantes"},{"@type":"BreadcrumbList","@id":"https:\/\/www.domainedurayol.org\/en\/primaires\/voyageons-avec-les-plantes\/#breadcrumb","itemListElement":[{"@type":"ListItem","position":1,"name":"Accueil","item":"https:\/\/www.domainedurayol.org\/en\/"},{"@type":"ListItem","position":2,"name":"Primaires","item":"https:\/\/www.domainedurayol.org\/en\/primaires\/"},{"@type":"ListItem","position":3,"name":"Voyageons avec les plantes"}]},{"@type":"WebSite","@id":"https:\/\/www.domainedurayol.org\/en\/#website","url":"https:\/\/www.domainedurayol.org\/en\/","name":"Domaine du Rayol","description":"Le Jardin des M\u00e9diterran\u00e9es","potentialAction":[{"@type":"SearchAction","target":{"@type":"EntryPoint","urlTemplate":"https:\/\/www.domainedurayol.org\/en\/?s={search_term_string}"},"query-input":{"@type":"PropertyValueSpecification","valueRequired":true,"valueName":"search_term_string"}}],"inLanguage":"en-EN"}]}},"_links":{"self":[{"href":"https:\/\/www.domainedurayol.org\/en\/wp-json\/wp\/v2\/pages\/2891","targetHints":{"allow":["GET"]}}],"collection":[{"href":"https:\/\/www.domainedurayol.org\/en\/wp-json\/wp\/v2\/pages"}],"about":[{"href":"https:\/\/www.domainedurayol.org\/en\/wp-json\/wp\/v2\/types\/page"}],"author":[{"embeddable":true,"href":"https:\/\/www.domainedurayol.org\/en\/wp-json\/wp\/v2\/users\/2"}],"replies":[{"embeddable":true,"href":"https:\/\/www.domainedurayol.org\/en\/wp-json\/wp\/v2\/comments?post=2891"}],"version-history":[{"count":0,"href":"https:\/\/www.domainedurayol.org\/en\/wp-json\/wp\/v2\/pages\/2891\/revisions"}],"up":[{"embeddable":true,"href":"https:\/\/www.domainedurayol.org\/en\/wp-json\/wp\/v2\/pages\/53"}],"wp:featuredmedia":[{"embeddable":true,"href":"https:\/\/www.domainedurayol.org\/en\/wp-json\/wp\/v2\/media\/3362"}],"wp:attachment":[{"href":"https:\/\/www.domainedurayol.org\/en\/wp-json\/wp\/v2\/media?parent=2891"}],"curies":[{"name":"wp","href":"https:\/\/api.w.org\/{rel}","templated":true}]}}