{"id":2889,"date":"2017-05-14T18:15:35","date_gmt":"2017-05-14T16:15:35","guid":{"rendered":"https:\/\/www.domainedurayol.org\/?page_id=2889"},"modified":"2022-02-08T23:01:01","modified_gmt":"2022-02-08T22:01:01","slug":"eveil-sens-a-mer","status":"publish","type":"page","link":"https:\/\/www.domainedurayol.org\/en\/maternelles\/eveil-sens-a-mer\/","title":{"rendered":"Eveil des sens \u00e0 la mer"},"content":{"rendered":"<h2>Objectif<\/h2>\n<p>D\u00e9couvrir le littoral de mani\u00e8re ludique et sensorielle.<br \/>\nV\u00e9ritable &#8220;\u00e9veil des sens \u00e0 la mer&#8221;, cette activit\u00e9 \u00e9ducative se d\u00e9roule dans un espace naturel prot\u00e9g\u00e9, propri\u00e9t\u00e9 du Conservatoire du littoral.<\/p>\n<hr \/>\n<h2>Contenu<\/h2>\n<p>Les origines de la plan\u00e8te bleue.<\/p>\n<h3>\u00c9veil des sens \u00e0 la mer :<\/h3>\n<ul>\n<li>Silence, on \u00e9coute la mer !<\/li>\n<li>D\u00e9couvre les secrets du &#8220;sac \u00e0 toucher&#8221;.<\/li>\n<li>Observe la mer, ses couleurs, ses habitants.<\/li>\n<li>Utilise tes narines pour capter les odeurs du milieu marin.<\/li>\n<li>Rep\u00e8re et devine les saveurs de la mer.<\/li>\n<\/ul>\n<p>Bilan des ateliers en r\u00e9capitulant les sens utilis\u00e9s.<\/p>\n<hr \/>\n<div class=\"gallery gallery-split\"><div class=\"gallery-captions\"><p class=\"gallery-captions__item\"><span class=\"gallery-captions__item__number\">01.<\/span> Visite de maternelles \u00a9 Domaine du Rayol<\/p><p class=\"gallery-captions__item\"><span class=\"gallery-captions__item__number\">02.<\/span> Visite scolaire, maternelles \n<\/p><\/div><a class=\"gallery__item\" href=\"https:\/\/www.domainedurayol.org\/en\/wp-content\/uploads\/sites\/4\/2017\/05\/Accueil-maternelles-domaine-du-rayol-2-e1493735862657.jpg\" title=\"Accueil-maternelles-domaine-du-rayol\">\n                    <div class=\"gallery__item__thumbnail\" style=\"background-image: url(https:\/\/www.domainedurayol.org\/en\/wp-content\/uploads\/sites\/4\/2017\/05\/Accueil-maternelles-domaine-du-rayol-2-e1493735862657.jpg)\"><\/div>\n                    <span class=\"gallery__item__number\">01<\/span>\n                <\/a><a class=\"gallery__item\" href=\"https:\/\/www.domainedurayol.org\/en\/wp-content\/uploads\/sites\/4\/2017\/05\/accueil-maternelles-domaine-du-rayol-5.jpg\" title=\"\u00a9 Domaine du Rayol\">\n                    <div class=\"gallery__item__thumbnail\" style=\"background-image: url(https:\/\/www.domainedurayol.org\/en\/wp-content\/uploads\/sites\/4\/2017\/05\/accueil-maternelles-domaine-du-rayol-5.jpg)\"><\/div>\n                    <span class=\"gallery__item__number\">02<\/span>\n                <\/a><\/div>\n<h2>Comp\u00e9tences abord\u00e9es<\/h2>\n<ul>\n<li>D\u00e9couvrir le vivant et les cinq sens.<\/li>\n<li>Coop\u00e9rer et accepter des contraintes collectives.<\/li>\n<li>Adopter un comportement \u00e9thique et responsable.<\/li>\n<\/ul>\n<p><strong>Dur\u00e9e de l&#8217;activit\u00e9 :<\/strong> Environ 1h (en fonction de l\u2019attention des \u00e9l\u00e8ves)<\/p>\n<pre style=\"text-align: left\">Tarif : 4,50 \u20ac par enfant<\/pre>\n<p style=\"text-align: center\"><a class=\"btn\" href=\"https:\/\/www.domainedurayol.org\/visites-et-activites\/visites-scolaires\/\">CONTACTEZ NOTRE ESPACE R\u00c9SERVATION <\/a><\/p>\n<p><em>Toutes les activit\u00e9s sont soumises \u00e0 r\u00e9servation. Les possibilit\u00e9s de visite guid\u00e9e d\u00e9pendent de la disponibilit\u00e9 de nos guides, veuillez nous consulter.<\/em><\/p>\n","protected":false},"excerpt":{"rendered":"Objectif D\u00e9couvrir le littoral de mani\u00e8re ludique et sensorielle. V\u00e9ritable &#8220;\u00e9veil des sens \u00e0 la mer&#8221;, cette activit\u00e9 \u00e9ducative se d\u00e9roule dans un espace naturel prot\u00e9g\u00e9, propri\u00e9t\u00e9 du Conservatoire du littoral. Contenu Les origines de la plan\u00e8te bleue. \u00c9veil des sens \u00e0 la mer : Silence, on \u00e9coute la mer ! D\u00e9couvre les secrets du {&#8230;}","protected":false},"author":2,"featured_media":3357,"parent":52,"menu_order":10,"comment_status":"closed","ping_status":"closed","template":"","meta":{"_acf_changed":false,"footnotes":""},"class_list":["post-2889","page","type-page","status-publish","has-post-thumbnail","hentry"],"acf":[],"yoast_head":"<!-- This site is optimized with the Yoast SEO plugin v24.1 - https:\/\/yoast.com\/wordpress\/plugins\/seo\/ -->\n<title>Eveil des sens \u00e0 la mer - Domaine du Rayol<\/title>\n<meta name=\"robots\" content=\"index, follow, max-snippet:-1, max-image-preview:large, max-video-preview:-1\" \/>\n<link rel=\"canonical\" href=\"https:\/\/www.domainedurayol.org\/en\/maternelles\/eveil-sens-a-mer\/\" \/>\n<meta property=\"og:locale\" content=\"en_US\" \/>\n<meta property=\"og:type\" content=\"article\" \/>\n<meta property=\"og:title\" content=\"Eveil des sens \u00e0 la mer - Domaine du Rayol\" \/>\n<meta property=\"og:description\" content=\"Objectif D\u00e9couvrir le littoral de mani\u00e8re ludique et sensorielle. V\u00e9ritable &#8220;\u00e9veil des sens \u00e0 la mer&#8221;, cette activit\u00e9 \u00e9ducative se d\u00e9roule dans un espace naturel prot\u00e9g\u00e9, propri\u00e9t\u00e9 du Conservatoire du littoral. Contenu Les origines de la plan\u00e8te bleue. \u00c9veil des sens \u00e0 la mer : Silence, on \u00e9coute la mer ! D\u00e9couvre les secrets du {...}\" \/>\n<meta property=\"og:url\" content=\"https:\/\/www.domainedurayol.org\/en\/maternelles\/eveil-sens-a-mer\/\" \/>\n<meta property=\"og:site_name\" content=\"Domaine du Rayol\" \/>\n<meta property=\"article:modified_time\" content=\"2022-02-08T22:01:01+00:00\" \/>\n<meta property=\"og:image\" content=\"https:\/\/www.domainedurayol.org\/en\/wp-content\/uploads\/sites\/4\/2017\/06\/eveil-des-sens-a-la-mer-visite-guidee-domaine-du-rayol-.jpg\" \/>\n\t<meta property=\"og:image:width\" content=\"1000\" \/>\n\t<meta property=\"og:image:height\" content=\"667\" \/>\n\t<meta property=\"og:image:type\" content=\"image\/jpeg\" \/>\n<meta name=\"twitter:card\" content=\"summary_large_image\" \/>\n<meta name=\"twitter:label1\" content=\"Est. reading time\" \/>\n\t<meta name=\"twitter:data1\" content=\"1 minute\" \/>\n<script type=\"application\/ld+json\" class=\"yoast-schema-graph\">{\"@context\":\"https:\/\/schema.org\",\"@graph\":[{\"@type\":\"WebPage\",\"@id\":\"https:\/\/www.domainedurayol.org\/en\/maternelles\/eveil-sens-a-mer\/\",\"url\":\"https:\/\/www.domainedurayol.org\/en\/maternelles\/eveil-sens-a-mer\/\",\"name\":\"Eveil des sens \u00e0 la mer - Domaine du Rayol\",\"isPartOf\":{\"@id\":\"https:\/\/www.domainedurayol.org\/en\/#website\"},\"primaryImageOfPage\":{\"@id\":\"https:\/\/www.domainedurayol.org\/en\/maternelles\/eveil-sens-a-mer\/#primaryimage\"},\"image\":{\"@id\":\"https:\/\/www.domainedurayol.org\/en\/maternelles\/eveil-sens-a-mer\/#primaryimage\"},\"thumbnailUrl\":\"https:\/\/www.domainedurayol.org\/en\/wp-content\/uploads\/sites\/4\/2017\/06\/eveil-des-sens-a-la-mer-visite-guidee-domaine-du-rayol-.jpg\",\"datePublished\":\"2017-05-14T16:15:35+00:00\",\"dateModified\":\"2022-02-08T22:01:01+00:00\",\"breadcrumb\":{\"@id\":\"https:\/\/www.domainedurayol.org\/en\/maternelles\/eveil-sens-a-mer\/#breadcrumb\"},\"inLanguage\":\"en-EN\",\"potentialAction\":[{\"@type\":\"ReadAction\",\"target\":[\"https:\/\/www.domainedurayol.org\/en\/maternelles\/eveil-sens-a-mer\/\"]}]},{\"@type\":\"ImageObject\",\"inLanguage\":\"en-EN\",\"@id\":\"https:\/\/www.domainedurayol.org\/en\/maternelles\/eveil-sens-a-mer\/#primaryimage\",\"url\":\"https:\/\/www.domainedurayol.org\/en\/wp-content\/uploads\/sites\/4\/2017\/06\/eveil-des-sens-a-la-mer-visite-guidee-domaine-du-rayol-.jpg\",\"contentUrl\":\"https:\/\/www.domainedurayol.org\/en\/wp-content\/uploads\/sites\/4\/2017\/06\/eveil-des-sens-a-la-mer-visite-guidee-domaine-du-rayol-.jpg\",\"width\":1000,\"height\":667,\"caption\":\"Visite scolaire \u00c9veil des sens \u00e0 la mer\"},{\"@type\":\"BreadcrumbList\",\"@id\":\"https:\/\/www.domainedurayol.org\/en\/maternelles\/eveil-sens-a-mer\/#breadcrumb\",\"itemListElement\":[{\"@type\":\"ListItem\",\"position\":1,\"name\":\"Accueil\",\"item\":\"https:\/\/www.domainedurayol.org\/en\/\"},{\"@type\":\"ListItem\",\"position\":2,\"name\":\"Maternelles\",\"item\":\"https:\/\/www.domainedurayol.org\/en\/maternelles\/\"},{\"@type\":\"ListItem\",\"position\":3,\"name\":\"Eveil des sens \u00e0 la mer\"}]},{\"@type\":\"WebSite\",\"@id\":\"https:\/\/www.domainedurayol.org\/en\/#website\",\"url\":\"https:\/\/www.domainedurayol.org\/en\/\",\"name\":\"Domaine du Rayol\",\"description\":\"Le Jardin des M\u00e9diterran\u00e9es\",\"potentialAction\":[{\"@type\":\"SearchAction\",\"target\":{\"@type\":\"EntryPoint\",\"urlTemplate\":\"https:\/\/www.domainedurayol.org\/en\/?s={search_term_string}\"},\"query-input\":{\"@type\":\"PropertyValueSpecification\",\"valueRequired\":true,\"valueName\":\"search_term_string\"}}],\"inLanguage\":\"en-EN\"}]}<\/script>\n<!-- \/ Yoast SEO plugin. -->","yoast_head_json":{"title":"Eveil des sens \u00e0 la mer - Domaine du Rayol","robots":{"index":"index","follow":"follow","max-snippet":"max-snippet:-1","max-image-preview":"max-image-preview:large","max-video-preview":"max-video-preview:-1"},"canonical":"https:\/\/www.domainedurayol.org\/en\/maternelles\/eveil-sens-a-mer\/","og_locale":"en_US","og_type":"article","og_title":"Eveil des sens \u00e0 la mer - Domaine du Rayol","og_description":"Objectif D\u00e9couvrir le littoral de mani\u00e8re ludique et sensorielle. V\u00e9ritable &#8220;\u00e9veil des sens \u00e0 la mer&#8221;, cette activit\u00e9 \u00e9ducative se d\u00e9roule dans un espace naturel prot\u00e9g\u00e9, propri\u00e9t\u00e9 du Conservatoire du littoral. Contenu Les origines de la plan\u00e8te bleue. \u00c9veil des sens \u00e0 la mer : Silence, on \u00e9coute la mer ! D\u00e9couvre les secrets du {...}","og_url":"https:\/\/www.domainedurayol.org\/en\/maternelles\/eveil-sens-a-mer\/","og_site_name":"Domaine du Rayol","article_modified_time":"2022-02-08T22:01:01+00:00","og_image":[{"width":1000,"height":667,"url":"https:\/\/www.domainedurayol.org\/en\/wp-content\/uploads\/sites\/4\/2017\/06\/eveil-des-sens-a-la-mer-visite-guidee-domaine-du-rayol-.jpg","type":"image\/jpeg"}],"twitter_card":"summary_large_image","twitter_misc":{"Est. reading time":"1 minute"},"schema":{"@context":"https:\/\/schema.org","@graph":[{"@type":"WebPage","@id":"https:\/\/www.domainedurayol.org\/en\/maternelles\/eveil-sens-a-mer\/","url":"https:\/\/www.domainedurayol.org\/en\/maternelles\/eveil-sens-a-mer\/","name":"Eveil des sens \u00e0 la mer - Domaine du Rayol","isPartOf":{"@id":"https:\/\/www.domainedurayol.org\/en\/#website"},"primaryImageOfPage":{"@id":"https:\/\/www.domainedurayol.org\/en\/maternelles\/eveil-sens-a-mer\/#primaryimage"},"image":{"@id":"https:\/\/www.domainedurayol.org\/en\/maternelles\/eveil-sens-a-mer\/#primaryimage"},"thumbnailUrl":"https:\/\/www.domainedurayol.org\/en\/wp-content\/uploads\/sites\/4\/2017\/06\/eveil-des-sens-a-la-mer-visite-guidee-domaine-du-rayol-.jpg","datePublished":"2017-05-14T16:15:35+00:00","dateModified":"2022-02-08T22:01:01+00:00","breadcrumb":{"@id":"https:\/\/www.domainedurayol.org\/en\/maternelles\/eveil-sens-a-mer\/#breadcrumb"},"inLanguage":"en-EN","potentialAction":[{"@type":"ReadAction","target":["https:\/\/www.domainedurayol.org\/en\/maternelles\/eveil-sens-a-mer\/"]}]},{"@type":"ImageObject","inLanguage":"en-EN","@id":"https:\/\/www.domainedurayol.org\/en\/maternelles\/eveil-sens-a-mer\/#primaryimage","url":"https:\/\/www.domainedurayol.org\/en\/wp-content\/uploads\/sites\/4\/2017\/06\/eveil-des-sens-a-la-mer-visite-guidee-domaine-du-rayol-.jpg","contentUrl":"https:\/\/www.domainedurayol.org\/en\/wp-content\/uploads\/sites\/4\/2017\/06\/eveil-des-sens-a-la-mer-visite-guidee-domaine-du-rayol-.jpg","width":1000,"height":667,"caption":"Visite scolaire \u00c9veil des sens \u00e0 la mer"},{"@type":"BreadcrumbList","@id":"https:\/\/www.domainedurayol.org\/en\/maternelles\/eveil-sens-a-mer\/#breadcrumb","itemListElement":[{"@type":"ListItem","position":1,"name":"Accueil","item":"https:\/\/www.domainedurayol.org\/en\/"},{"@type":"ListItem","position":2,"name":"Maternelles","item":"https:\/\/www.domainedurayol.org\/en\/maternelles\/"},{"@type":"ListItem","position":3,"name":"Eveil des sens \u00e0 la mer"}]},{"@type":"WebSite","@id":"https:\/\/www.domainedurayol.org\/en\/#website","url":"https:\/\/www.domainedurayol.org\/en\/","name":"Domaine du Rayol","description":"Le Jardin des M\u00e9diterran\u00e9es","potentialAction":[{"@type":"SearchAction","target":{"@type":"EntryPoint","urlTemplate":"https:\/\/www.domainedurayol.org\/en\/?s={search_term_string}"},"query-input":{"@type":"PropertyValueSpecification","valueRequired":true,"valueName":"search_term_string"}}],"inLanguage":"en-EN"}]}},"_links":{"self":[{"href":"https:\/\/www.domainedurayol.org\/en\/wp-json\/wp\/v2\/pages\/2889","targetHints":{"allow":["GET"]}}],"collection":[{"href":"https:\/\/www.domainedurayol.org\/en\/wp-json\/wp\/v2\/pages"}],"about":[{"href":"https:\/\/www.domainedurayol.org\/en\/wp-json\/wp\/v2\/types\/page"}],"author":[{"embeddable":true,"href":"https:\/\/www.domainedurayol.org\/en\/wp-json\/wp\/v2\/users\/2"}],"replies":[{"embeddable":true,"href":"https:\/\/www.domainedurayol.org\/en\/wp-json\/wp\/v2\/comments?post=2889"}],"version-history":[{"count":0,"href":"https:\/\/www.domainedurayol.org\/en\/wp-json\/wp\/v2\/pages\/2889\/revisions"}],"up":[{"embeddable":true,"href":"https:\/\/www.domainedurayol.org\/en\/wp-json\/wp\/v2\/pages\/52"}],"wp:featuredmedia":[{"embeddable":true,"href":"https:\/\/www.domainedurayol.org\/en\/wp-json\/wp\/v2\/media\/3357"}],"wp:attachment":[{"href":"https:\/\/www.domainedurayol.org\/en\/wp-json\/wp\/v2\/media?parent=2889"}],"curies":[{"name":"wp","href":"https:\/\/api.w.org\/{rel}","templated":true}]}}