{"id":2881,"date":"2017-05-14T13:07:03","date_gmt":"2017-05-14T11:07:03","guid":{"rendered":"https:\/\/www.domainedurayol.org\/?page_id=2881"},"modified":"2022-02-08T23:10:11","modified_gmt":"2022-02-08T22:10:11","slug":"levolution-plantes-cours-temps","status":"publish","type":"page","link":"https:\/\/www.domainedurayol.org\/en\/colleges\/levolution-plantes-cours-temps\/","title":{"rendered":"L&#8217;\u00e9volution des plantes au cours du temps"},"content":{"rendered":"<h2>Objectif<\/h2>\n<p>Faire comprendre aux \u00e9l\u00e8ves comment les plantes ont colonis\u00e9 l\u2019ensemble des milieux sur terre. Les v\u00e9g\u00e9taux, pour s\u2019adapter aux changements dans leur environnement, ont invent\u00e9 des strat\u00e9gies de reproduction de plus en plus pouss\u00e9es.<\/p>\n<hr \/>\n<h2>Contenu<\/h2>\n<h3>Pr\u00e9sentation du Domaine du Rayol<\/h3>\n<ul>\n<li>Histoire du site.<\/li>\n<li>Un jardin de paysages, entre terre et mer.<\/li>\n<li>Caract\u00e9ristiques du climat m\u00e9diterran\u00e9en<\/li>\n<\/ul>\n<h3>Histoire de la vie sur terre<\/h3>\n<ul>\n<li>L\u2019apparition de la vie sur terre.<\/li>\n<li>Les v\u00e9g\u00e9taux et la photosynth\u00e8se.<\/li>\n<li>La reproduction des plantes : des plantes \u00e0 spores \u00e0 l\u2019invention des plantes \u00e0 fleurs.<\/li>\n<li>D\u00e9couverte dans le jardin des v\u00e9g\u00e9taux caract\u00e9ristiques de cette \u00e9volution (l\u2019eucalyptus, l\u2019araucaria, les cycas, le ginkgo, les foug\u00e8res, les algues\u2026).<\/li>\n<\/ul>\n<h3>L\u2019\u00e9volution des paysages<\/h3>\n<ul>\n<li>Comparaison des plantes fossiles et actuelles.<\/li>\n<\/ul>\n<hr \/>\n<h2>Comp\u00e9tences abord\u00e9es<\/h2>\n<ul>\n<li>Se rep\u00e9rer dans l\u2019espace et dans le temps.<\/li>\n<li>D\u00e9velopper le sens de l\u2019observation et manifester sa curiosit\u00e9.<\/li>\n<li>Pratiquer des d\u00e9marches et des langages scientifiques.<\/li>\n<li>Adopter un comportement \u00e9thique et responsable.<\/li>\n<\/ul>\n<div class=\"gallery\"><div class=\"gallery-captions\"><p class=\"gallery-captions__item\"><span class=\"gallery-captions__item__number\">01.<\/span> Visite scolaire, coll\u00e8ge <\/p><\/div><a class=\"gallery__item\" href=\"https:\/\/www.domainedurayol.org\/en\/wp-content\/uploads\/sites\/4\/2017\/05\/accueil-de-colleges-domaine-du-rayol-26-e1494927236978.jpg\" title=\"\u00a9 Domaine du Rayol\">\n                    <div class=\"gallery__item__thumbnail\" style=\"background-image: url(https:\/\/www.domainedurayol.org\/en\/wp-content\/uploads\/sites\/4\/2017\/05\/accueil-de-colleges-domaine-du-rayol-26-e1494927236978.jpg)\"><\/div>\n                    <span class=\"gallery__item__number\">01<\/span>\n                <\/a><\/div>\n<hr \/>\n<h2>Mat\u00e9riel fourni<\/h2>\n<p>Livret p\u00e9dagogique remis \u00e0 l&#8217;enseignant pour assurer un prolongement de l\u2019activit\u00e9 en classe.<\/p>\n<p><strong>Dur\u00e9e de l&#8217;activit\u00e9 :<\/strong> environ 2h<\/p>\n<pre>Tarif : 4,50 \u20ac \/ enfant<\/pre>\n<p style=\"text-align: center\"><a class=\"btn\" href=\"https:\/\/www.domainedurayol.org\/visites-et-activites\/visites-scolaires\/\">CONTACTER NOTRE SERVICE R\u00c9SERVATION<\/a><\/p>\n<p><em>Toutes les activit\u00e9s sont soumises \u00e0 r\u00e9servation. Les possibilit\u00e9s de visite guid\u00e9e d\u00e9pendent de la disponibilit\u00e9 de nos guides, veuillez nous consulter.<\/em><\/p>\n","protected":false},"excerpt":{"rendered":"Objectif Faire comprendre aux \u00e9l\u00e8ves comment les plantes ont colonis\u00e9 l\u2019ensemble des milieux sur terre. Les v\u00e9g\u00e9taux, pour s\u2019adapter aux changements dans leur environnement, ont invent\u00e9 des strat\u00e9gies de reproduction de plus en plus pouss\u00e9es. Contenu Pr\u00e9sentation du Domaine du Rayol Histoire du site. Un jardin de paysages, entre terre et mer. Caract\u00e9ristiques du climat {&#8230;}","protected":false},"author":2,"featured_media":0,"parent":54,"menu_order":40,"comment_status":"closed","ping_status":"closed","template":"","meta":{"_acf_changed":false,"footnotes":""},"class_list":["post-2881","page","type-page","status-publish","hentry"],"acf":[],"yoast_head":"<!-- This site is optimized with the Yoast SEO plugin v24.1 - https:\/\/yoast.com\/wordpress\/plugins\/seo\/ -->\n<title>L&#039;\u00e9volution des plantes au cours du temps - Domaine du Rayol<\/title>\n<meta name=\"robots\" content=\"index, follow, max-snippet:-1, max-image-preview:large, max-video-preview:-1\" \/>\n<link rel=\"canonical\" href=\"https:\/\/www.domainedurayol.org\/en\/colleges\/levolution-plantes-cours-temps\/\" \/>\n<meta property=\"og:locale\" content=\"en_US\" \/>\n<meta property=\"og:type\" content=\"article\" \/>\n<meta property=\"og:title\" content=\"L&#039;\u00e9volution des plantes au cours du temps - Domaine du Rayol\" \/>\n<meta property=\"og:description\" content=\"Objectif Faire comprendre aux \u00e9l\u00e8ves comment les plantes ont colonis\u00e9 l\u2019ensemble des milieux sur terre. Les v\u00e9g\u00e9taux, pour s\u2019adapter aux changements dans leur environnement, ont invent\u00e9 des strat\u00e9gies de reproduction de plus en plus pouss\u00e9es. Contenu Pr\u00e9sentation du Domaine du Rayol Histoire du site. Un jardin de paysages, entre terre et mer. Caract\u00e9ristiques du climat {...}\" \/>\n<meta property=\"og:url\" content=\"https:\/\/www.domainedurayol.org\/en\/colleges\/levolution-plantes-cours-temps\/\" \/>\n<meta property=\"og:site_name\" content=\"Domaine du Rayol\" \/>\n<meta property=\"article:modified_time\" content=\"2022-02-08T22:10:11+00:00\" \/>\n<meta name=\"twitter:card\" content=\"summary_large_image\" \/>\n<meta name=\"twitter:label1\" content=\"Est. reading time\" \/>\n\t<meta name=\"twitter:data1\" content=\"1 minute\" \/>\n<script type=\"application\/ld+json\" class=\"yoast-schema-graph\">{\"@context\":\"https:\/\/schema.org\",\"@graph\":[{\"@type\":\"WebPage\",\"@id\":\"https:\/\/www.domainedurayol.org\/en\/colleges\/levolution-plantes-cours-temps\/\",\"url\":\"https:\/\/www.domainedurayol.org\/en\/colleges\/levolution-plantes-cours-temps\/\",\"name\":\"L'\u00e9volution des plantes au cours du temps - Domaine du Rayol\",\"isPartOf\":{\"@id\":\"https:\/\/www.domainedurayol.org\/en\/#website\"},\"datePublished\":\"2017-05-14T11:07:03+00:00\",\"dateModified\":\"2022-02-08T22:10:11+00:00\",\"breadcrumb\":{\"@id\":\"https:\/\/www.domainedurayol.org\/en\/colleges\/levolution-plantes-cours-temps\/#breadcrumb\"},\"inLanguage\":\"en-EN\",\"potentialAction\":[{\"@type\":\"ReadAction\",\"target\":[\"https:\/\/www.domainedurayol.org\/en\/colleges\/levolution-plantes-cours-temps\/\"]}]},{\"@type\":\"BreadcrumbList\",\"@id\":\"https:\/\/www.domainedurayol.org\/en\/colleges\/levolution-plantes-cours-temps\/#breadcrumb\",\"itemListElement\":[{\"@type\":\"ListItem\",\"position\":1,\"name\":\"Accueil\",\"item\":\"https:\/\/www.domainedurayol.org\/en\/\"},{\"@type\":\"ListItem\",\"position\":2,\"name\":\"Coll\u00e8ges\",\"item\":\"https:\/\/www.domainedurayol.org\/en\/colleges\/\"},{\"@type\":\"ListItem\",\"position\":3,\"name\":\"L&#8217;\u00e9volution des plantes au cours du temps\"}]},{\"@type\":\"WebSite\",\"@id\":\"https:\/\/www.domainedurayol.org\/en\/#website\",\"url\":\"https:\/\/www.domainedurayol.org\/en\/\",\"name\":\"Domaine du Rayol\",\"description\":\"Le Jardin des M\u00e9diterran\u00e9es\",\"potentialAction\":[{\"@type\":\"SearchAction\",\"target\":{\"@type\":\"EntryPoint\",\"urlTemplate\":\"https:\/\/www.domainedurayol.org\/en\/?s={search_term_string}\"},\"query-input\":{\"@type\":\"PropertyValueSpecification\",\"valueRequired\":true,\"valueName\":\"search_term_string\"}}],\"inLanguage\":\"en-EN\"}]}<\/script>\n<!-- \/ Yoast SEO plugin. -->","yoast_head_json":{"title":"L'\u00e9volution des plantes au cours du temps - Domaine du Rayol","robots":{"index":"index","follow":"follow","max-snippet":"max-snippet:-1","max-image-preview":"max-image-preview:large","max-video-preview":"max-video-preview:-1"},"canonical":"https:\/\/www.domainedurayol.org\/en\/colleges\/levolution-plantes-cours-temps\/","og_locale":"en_US","og_type":"article","og_title":"L'\u00e9volution des plantes au cours du temps - Domaine du Rayol","og_description":"Objectif Faire comprendre aux \u00e9l\u00e8ves comment les plantes ont colonis\u00e9 l\u2019ensemble des milieux sur terre. Les v\u00e9g\u00e9taux, pour s\u2019adapter aux changements dans leur environnement, ont invent\u00e9 des strat\u00e9gies de reproduction de plus en plus pouss\u00e9es. Contenu Pr\u00e9sentation du Domaine du Rayol Histoire du site. Un jardin de paysages, entre terre et mer. Caract\u00e9ristiques du climat {...}","og_url":"https:\/\/www.domainedurayol.org\/en\/colleges\/levolution-plantes-cours-temps\/","og_site_name":"Domaine du Rayol","article_modified_time":"2022-02-08T22:10:11+00:00","twitter_card":"summary_large_image","twitter_misc":{"Est. reading time":"1 minute"},"schema":{"@context":"https:\/\/schema.org","@graph":[{"@type":"WebPage","@id":"https:\/\/www.domainedurayol.org\/en\/colleges\/levolution-plantes-cours-temps\/","url":"https:\/\/www.domainedurayol.org\/en\/colleges\/levolution-plantes-cours-temps\/","name":"L'\u00e9volution des plantes au cours du temps - Domaine du Rayol","isPartOf":{"@id":"https:\/\/www.domainedurayol.org\/en\/#website"},"datePublished":"2017-05-14T11:07:03+00:00","dateModified":"2022-02-08T22:10:11+00:00","breadcrumb":{"@id":"https:\/\/www.domainedurayol.org\/en\/colleges\/levolution-plantes-cours-temps\/#breadcrumb"},"inLanguage":"en-EN","potentialAction":[{"@type":"ReadAction","target":["https:\/\/www.domainedurayol.org\/en\/colleges\/levolution-plantes-cours-temps\/"]}]},{"@type":"BreadcrumbList","@id":"https:\/\/www.domainedurayol.org\/en\/colleges\/levolution-plantes-cours-temps\/#breadcrumb","itemListElement":[{"@type":"ListItem","position":1,"name":"Accueil","item":"https:\/\/www.domainedurayol.org\/en\/"},{"@type":"ListItem","position":2,"name":"Coll\u00e8ges","item":"https:\/\/www.domainedurayol.org\/en\/colleges\/"},{"@type":"ListItem","position":3,"name":"L&#8217;\u00e9volution des plantes au cours du temps"}]},{"@type":"WebSite","@id":"https:\/\/www.domainedurayol.org\/en\/#website","url":"https:\/\/www.domainedurayol.org\/en\/","name":"Domaine du Rayol","description":"Le Jardin des M\u00e9diterran\u00e9es","potentialAction":[{"@type":"SearchAction","target":{"@type":"EntryPoint","urlTemplate":"https:\/\/www.domainedurayol.org\/en\/?s={search_term_string}"},"query-input":{"@type":"PropertyValueSpecification","valueRequired":true,"valueName":"search_term_string"}}],"inLanguage":"en-EN"}]}},"_links":{"self":[{"href":"https:\/\/www.domainedurayol.org\/en\/wp-json\/wp\/v2\/pages\/2881","targetHints":{"allow":["GET"]}}],"collection":[{"href":"https:\/\/www.domainedurayol.org\/en\/wp-json\/wp\/v2\/pages"}],"about":[{"href":"https:\/\/www.domainedurayol.org\/en\/wp-json\/wp\/v2\/types\/page"}],"author":[{"embeddable":true,"href":"https:\/\/www.domainedurayol.org\/en\/wp-json\/wp\/v2\/users\/2"}],"replies":[{"embeddable":true,"href":"https:\/\/www.domainedurayol.org\/en\/wp-json\/wp\/v2\/comments?post=2881"}],"version-history":[{"count":0,"href":"https:\/\/www.domainedurayol.org\/en\/wp-json\/wp\/v2\/pages\/2881\/revisions"}],"up":[{"embeddable":true,"href":"https:\/\/www.domainedurayol.org\/en\/wp-json\/wp\/v2\/pages\/54"}],"wp:attachment":[{"href":"https:\/\/www.domainedurayol.org\/en\/wp-json\/wp\/v2\/media?parent=2881"}],"curies":[{"name":"wp","href":"https:\/\/api.w.org\/{rel}","templated":true}]}}