{"id":2878,"date":"2017-05-14T13:03:37","date_gmt":"2017-05-14T11:03:37","guid":{"rendered":"https:\/\/www.domainedurayol.org\/?page_id=2878"},"modified":"2022-02-08T23:07:52","modified_gmt":"2022-02-08T22:07:52","slug":"visite-decouverte-jardin-mediterranees","status":"publish","type":"page","link":"https:\/\/www.domainedurayol.org\/en\/colleges\/visite-decouverte-jardin-mediterranees\/","title":{"rendered":"Visite d\u00e9couverte du Jardin des M\u00e9diterran\u00e9es"},"content":{"rendered":"<h2>Objectif<\/h2>\n<p style=\"text-align: justify\">D\u00e9couvrir le<em> Jardin des M\u00e9diterran\u00e9es<\/em> et sa mosa\u00efque de paysages \u00e9voquant les r\u00e9gions m\u00e9diterran\u00e9ennes du monde. Con\u00e7u par le paysagiste Gilles Cl\u00e9ment, le site offre un nouveau regard sur la conception et la gestion des jardins ainsi que sur les rapports de l&#8217;homme avec la nature.<\/p>\n<hr \/>\n<h2>Contenu<\/h2>\n<h3>Pr\u00e9sentation du Domaine du Rayol<\/h3>\n<ul>\n<li>Histoire du lieu.<\/li>\n<li>Origine du concept du Jardin des M\u00e9diterran\u00e9es.<\/li>\n<li>Caract\u00e9ristiques du climat m\u00e9diterran\u00e9en.<\/li>\n<li>Visite guid\u00e9e du Jardin des M\u00e9diterran\u00e9es, \u00e0 travers ses paysages :<br \/>\nLe jardin des Canaries,<br \/>\nLe jardin d&#8217;Australie,<br \/>\nLe jardin du Chili,<br \/>\nEtc.<\/li>\n<\/ul>\n<h3>Th\u00e8mes \u00e9voqu\u00e9s<\/h3>\n<ul>\n<li>D\u00e9couverte de la flore m\u00e9diterran\u00e9enne du monde.<\/li>\n<li>L&#8217;adaptation des plantes \u00e0 la s\u00e9cheresse et au feu.<\/li>\n<li>Une gestion \u00e9co-responsable du jardin.<\/li>\n<\/ul>\n<div class=\"gallery\"><div class=\"gallery-captions\"><p class=\"gallery-captions__item\"><span class=\"gallery-captions__item__number\">01.<\/span> Visite scolaire, coll\u00e8ges<\/p><\/div><a class=\"gallery__item\" href=\"https:\/\/www.domainedurayol.org\/en\/wp-content\/uploads\/sites\/4\/2017\/05\/Accueil-coll\u00e9ge-22.10.2009\u00a9-Domaine-du-Rayol-2-e1495017746826.jpg\" title=\"\u00a9 Domaine du Rayol\">\n                    <div class=\"gallery__item__thumbnail\" style=\"background-image: url(https:\/\/www.domainedurayol.org\/en\/wp-content\/uploads\/sites\/4\/2017\/05\/Accueil-coll\u00e9ge-22.10.2009\u00a9-Domaine-du-Rayol-2-e1495017746826.jpg)\"><\/div>\n                    <span class=\"gallery__item__number\">01<\/span>\n                <\/a><\/div>\n<hr \/>\n<h3>Mat\u00e9riel fourni<\/h3>\n<p>Livret p\u00e9dagogique remis \u00e0 l&#8217;enseignant pour assurer un prolongement de l\u2019activit\u00e9 en classe.<\/p>\n<hr \/>\n<h3>Comp\u00e9tences abord\u00e9es<\/h3>\n<ul>\n<li>Observer le vivant.<\/li>\n<li>Pratiquer des d\u00e9marches scientifiques.<\/li>\n<li>Se rep\u00e9rer dans l\u2019espace et dans le temps.<\/li>\n<li>Adopter un comportement \u00e9thique et responsable.<\/li>\n<\/ul>\n<hr \/>\n<p><strong>Dur\u00e9e de l&#8217;activit\u00e9:<\/strong> 1h30 \u00e0 2h<\/p>\n<pre>Tarif : 4,50 \u20ac \/ enfant cycles 2\/3\/4 ou 6 \u20ac par lyc\u00e9en ou \u00e9tudiant<\/pre>\n<p style=\"text-align: center\"><a class=\"btn\" href=\"https:\/\/www.domainedurayol.org\/visites-et-activites\/visites-scolaires\/\">CONTACTEZ NOTRE SERVICE RESERVATION<\/a><\/p>\n<p style=\"text-align: left\"><em>Toutes les activit\u00e9s sont soumises \u00e0 r\u00e9servation. Les possibilit\u00e9s de visite guid\u00e9e d\u00e9pendent de la disponibilit\u00e9 de nos guides, veuillez nous consulter.<\/em><\/p>\n","protected":false},"excerpt":{"rendered":"Objectif D\u00e9couvrir le Jardin des M\u00e9diterran\u00e9es et sa mosa\u00efque de paysages \u00e9voquant les r\u00e9gions m\u00e9diterran\u00e9ennes du monde. Con\u00e7u par le paysagiste Gilles Cl\u00e9ment, le site offre un nouveau regard sur la conception et la gestion des jardins ainsi que sur les rapports de l&#8217;homme avec la nature. Contenu Pr\u00e9sentation du Domaine du Rayol Histoire du {&#8230;}","protected":false},"author":2,"featured_media":2155,"parent":54,"menu_order":0,"comment_status":"closed","ping_status":"closed","template":"","meta":{"_acf_changed":false,"footnotes":""},"class_list":["post-2878","page","type-page","status-publish","has-post-thumbnail","hentry"],"acf":[],"yoast_head":"<!-- This site is optimized with the Yoast SEO plugin v24.1 - https:\/\/yoast.com\/wordpress\/plugins\/seo\/ -->\n<title>Visite d\u00e9couverte du Jardin des M\u00e9diterran\u00e9es - Domaine du Rayol<\/title>\n<meta name=\"robots\" content=\"index, follow, max-snippet:-1, max-image-preview:large, max-video-preview:-1\" \/>\n<link rel=\"canonical\" href=\"https:\/\/www.domainedurayol.org\/en\/colleges\/visite-decouverte-jardin-mediterranees\/\" \/>\n<meta property=\"og:locale\" content=\"en_US\" \/>\n<meta property=\"og:type\" content=\"article\" \/>\n<meta property=\"og:title\" content=\"Visite d\u00e9couverte du Jardin des M\u00e9diterran\u00e9es - Domaine du Rayol\" \/>\n<meta property=\"og:description\" content=\"Objectif D\u00e9couvrir le Jardin des M\u00e9diterran\u00e9es et sa mosa\u00efque de paysages \u00e9voquant les r\u00e9gions m\u00e9diterran\u00e9ennes du monde. Con\u00e7u par le paysagiste Gilles Cl\u00e9ment, le site offre un nouveau regard sur la conception et la gestion des jardins ainsi que sur les rapports de l&#8217;homme avec la nature. Contenu Pr\u00e9sentation du Domaine du Rayol Histoire du {...}\" \/>\n<meta property=\"og:url\" content=\"https:\/\/www.domainedurayol.org\/en\/colleges\/visite-decouverte-jardin-mediterranees\/\" \/>\n<meta property=\"og:site_name\" content=\"Domaine du Rayol\" \/>\n<meta property=\"article:modified_time\" content=\"2022-02-08T22:07:52+00:00\" \/>\n<meta property=\"og:image\" content=\"https:\/\/www.domainedurayol.org\/en\/wp-content\/uploads\/sites\/4\/2017\/04\/Maquis-\u00a9-Domaine-du-Rayol-3-e1493371733241.jpg\" \/>\n\t<meta property=\"og:image:width\" content=\"1000\" \/>\n\t<meta property=\"og:image:height\" content=\"605\" \/>\n\t<meta property=\"og:image:type\" content=\"image\/jpeg\" \/>\n<meta name=\"twitter:card\" content=\"summary_large_image\" \/>\n<meta name=\"twitter:label1\" content=\"Est. reading time\" \/>\n\t<meta name=\"twitter:data1\" content=\"1 minute\" \/>\n<script type=\"application\/ld+json\" class=\"yoast-schema-graph\">{\"@context\":\"https:\/\/schema.org\",\"@graph\":[{\"@type\":\"WebPage\",\"@id\":\"https:\/\/www.domainedurayol.org\/en\/colleges\/visite-decouverte-jardin-mediterranees\/\",\"url\":\"https:\/\/www.domainedurayol.org\/en\/colleges\/visite-decouverte-jardin-mediterranees\/\",\"name\":\"Visite d\u00e9couverte du Jardin des M\u00e9diterran\u00e9es - Domaine du Rayol\",\"isPartOf\":{\"@id\":\"https:\/\/www.domainedurayol.org\/en\/#website\"},\"primaryImageOfPage\":{\"@id\":\"https:\/\/www.domainedurayol.org\/en\/colleges\/visite-decouverte-jardin-mediterranees\/#primaryimage\"},\"image\":{\"@id\":\"https:\/\/www.domainedurayol.org\/en\/colleges\/visite-decouverte-jardin-mediterranees\/#primaryimage\"},\"thumbnailUrl\":\"https:\/\/www.domainedurayol.org\/en\/wp-content\/uploads\/sites\/4\/2017\/04\/Maquis-\u00a9-Domaine-du-Rayol-3-e1493371733241.jpg\",\"datePublished\":\"2017-05-14T11:03:37+00:00\",\"dateModified\":\"2022-02-08T22:07:52+00:00\",\"breadcrumb\":{\"@id\":\"https:\/\/www.domainedurayol.org\/en\/colleges\/visite-decouverte-jardin-mediterranees\/#breadcrumb\"},\"inLanguage\":\"en-EN\",\"potentialAction\":[{\"@type\":\"ReadAction\",\"target\":[\"https:\/\/www.domainedurayol.org\/en\/colleges\/visite-decouverte-jardin-mediterranees\/\"]}]},{\"@type\":\"ImageObject\",\"inLanguage\":\"en-EN\",\"@id\":\"https:\/\/www.domainedurayol.org\/en\/colleges\/visite-decouverte-jardin-mediterranees\/#primaryimage\",\"url\":\"https:\/\/www.domainedurayol.org\/en\/wp-content\/uploads\/sites\/4\/2017\/04\/Maquis-\u00a9-Domaine-du-Rayol-3-e1493371733241.jpg\",\"contentUrl\":\"https:\/\/www.domainedurayol.org\/en\/wp-content\/uploads\/sites\/4\/2017\/04\/Maquis-\u00a9-Domaine-du-Rayol-3-e1493371733241.jpg\",\"width\":1000,\"height\":605,\"caption\":\"In the heart of the Domaine du Rayol's maquis\"},{\"@type\":\"BreadcrumbList\",\"@id\":\"https:\/\/www.domainedurayol.org\/en\/colleges\/visite-decouverte-jardin-mediterranees\/#breadcrumb\",\"itemListElement\":[{\"@type\":\"ListItem\",\"position\":1,\"name\":\"Accueil\",\"item\":\"https:\/\/www.domainedurayol.org\/en\/\"},{\"@type\":\"ListItem\",\"position\":2,\"name\":\"Coll\u00e8ges\",\"item\":\"https:\/\/www.domainedurayol.org\/en\/colleges\/\"},{\"@type\":\"ListItem\",\"position\":3,\"name\":\"Visite d\u00e9couverte du Jardin des M\u00e9diterran\u00e9es\"}]},{\"@type\":\"WebSite\",\"@id\":\"https:\/\/www.domainedurayol.org\/en\/#website\",\"url\":\"https:\/\/www.domainedurayol.org\/en\/\",\"name\":\"Domaine du Rayol\",\"description\":\"Le Jardin des M\u00e9diterran\u00e9es\",\"potentialAction\":[{\"@type\":\"SearchAction\",\"target\":{\"@type\":\"EntryPoint\",\"urlTemplate\":\"https:\/\/www.domainedurayol.org\/en\/?s={search_term_string}\"},\"query-input\":{\"@type\":\"PropertyValueSpecification\",\"valueRequired\":true,\"valueName\":\"search_term_string\"}}],\"inLanguage\":\"en-EN\"}]}<\/script>\n<!-- \/ Yoast SEO plugin. -->","yoast_head_json":{"title":"Visite d\u00e9couverte du Jardin des M\u00e9diterran\u00e9es - Domaine du Rayol","robots":{"index":"index","follow":"follow","max-snippet":"max-snippet:-1","max-image-preview":"max-image-preview:large","max-video-preview":"max-video-preview:-1"},"canonical":"https:\/\/www.domainedurayol.org\/en\/colleges\/visite-decouverte-jardin-mediterranees\/","og_locale":"en_US","og_type":"article","og_title":"Visite d\u00e9couverte du Jardin des M\u00e9diterran\u00e9es - Domaine du Rayol","og_description":"Objectif D\u00e9couvrir le Jardin des M\u00e9diterran\u00e9es et sa mosa\u00efque de paysages \u00e9voquant les r\u00e9gions m\u00e9diterran\u00e9ennes du monde. Con\u00e7u par le paysagiste Gilles Cl\u00e9ment, le site offre un nouveau regard sur la conception et la gestion des jardins ainsi que sur les rapports de l&#8217;homme avec la nature. Contenu Pr\u00e9sentation du Domaine du Rayol Histoire du {...}","og_url":"https:\/\/www.domainedurayol.org\/en\/colleges\/visite-decouverte-jardin-mediterranees\/","og_site_name":"Domaine du Rayol","article_modified_time":"2022-02-08T22:07:52+00:00","og_image":[{"width":1000,"height":605,"url":"https:\/\/www.domainedurayol.org\/en\/wp-content\/uploads\/sites\/4\/2017\/04\/Maquis-\u00a9-Domaine-du-Rayol-3-e1493371733241.jpg","type":"image\/jpeg"}],"twitter_card":"summary_large_image","twitter_misc":{"Est. reading time":"1 minute"},"schema":{"@context":"https:\/\/schema.org","@graph":[{"@type":"WebPage","@id":"https:\/\/www.domainedurayol.org\/en\/colleges\/visite-decouverte-jardin-mediterranees\/","url":"https:\/\/www.domainedurayol.org\/en\/colleges\/visite-decouverte-jardin-mediterranees\/","name":"Visite d\u00e9couverte du Jardin des M\u00e9diterran\u00e9es - Domaine du Rayol","isPartOf":{"@id":"https:\/\/www.domainedurayol.org\/en\/#website"},"primaryImageOfPage":{"@id":"https:\/\/www.domainedurayol.org\/en\/colleges\/visite-decouverte-jardin-mediterranees\/#primaryimage"},"image":{"@id":"https:\/\/www.domainedurayol.org\/en\/colleges\/visite-decouverte-jardin-mediterranees\/#primaryimage"},"thumbnailUrl":"https:\/\/www.domainedurayol.org\/en\/wp-content\/uploads\/sites\/4\/2017\/04\/Maquis-\u00a9-Domaine-du-Rayol-3-e1493371733241.jpg","datePublished":"2017-05-14T11:03:37+00:00","dateModified":"2022-02-08T22:07:52+00:00","breadcrumb":{"@id":"https:\/\/www.domainedurayol.org\/en\/colleges\/visite-decouverte-jardin-mediterranees\/#breadcrumb"},"inLanguage":"en-EN","potentialAction":[{"@type":"ReadAction","target":["https:\/\/www.domainedurayol.org\/en\/colleges\/visite-decouverte-jardin-mediterranees\/"]}]},{"@type":"ImageObject","inLanguage":"en-EN","@id":"https:\/\/www.domainedurayol.org\/en\/colleges\/visite-decouverte-jardin-mediterranees\/#primaryimage","url":"https:\/\/www.domainedurayol.org\/en\/wp-content\/uploads\/sites\/4\/2017\/04\/Maquis-\u00a9-Domaine-du-Rayol-3-e1493371733241.jpg","contentUrl":"https:\/\/www.domainedurayol.org\/en\/wp-content\/uploads\/sites\/4\/2017\/04\/Maquis-\u00a9-Domaine-du-Rayol-3-e1493371733241.jpg","width":1000,"height":605,"caption":"In the heart of the Domaine du Rayol's maquis"},{"@type":"BreadcrumbList","@id":"https:\/\/www.domainedurayol.org\/en\/colleges\/visite-decouverte-jardin-mediterranees\/#breadcrumb","itemListElement":[{"@type":"ListItem","position":1,"name":"Accueil","item":"https:\/\/www.domainedurayol.org\/en\/"},{"@type":"ListItem","position":2,"name":"Coll\u00e8ges","item":"https:\/\/www.domainedurayol.org\/en\/colleges\/"},{"@type":"ListItem","position":3,"name":"Visite d\u00e9couverte du Jardin des M\u00e9diterran\u00e9es"}]},{"@type":"WebSite","@id":"https:\/\/www.domainedurayol.org\/en\/#website","url":"https:\/\/www.domainedurayol.org\/en\/","name":"Domaine du Rayol","description":"Le Jardin des M\u00e9diterran\u00e9es","potentialAction":[{"@type":"SearchAction","target":{"@type":"EntryPoint","urlTemplate":"https:\/\/www.domainedurayol.org\/en\/?s={search_term_string}"},"query-input":{"@type":"PropertyValueSpecification","valueRequired":true,"valueName":"search_term_string"}}],"inLanguage":"en-EN"}]}},"_links":{"self":[{"href":"https:\/\/www.domainedurayol.org\/en\/wp-json\/wp\/v2\/pages\/2878","targetHints":{"allow":["GET"]}}],"collection":[{"href":"https:\/\/www.domainedurayol.org\/en\/wp-json\/wp\/v2\/pages"}],"about":[{"href":"https:\/\/www.domainedurayol.org\/en\/wp-json\/wp\/v2\/types\/page"}],"author":[{"embeddable":true,"href":"https:\/\/www.domainedurayol.org\/en\/wp-json\/wp\/v2\/users\/2"}],"replies":[{"embeddable":true,"href":"https:\/\/www.domainedurayol.org\/en\/wp-json\/wp\/v2\/comments?post=2878"}],"version-history":[{"count":0,"href":"https:\/\/www.domainedurayol.org\/en\/wp-json\/wp\/v2\/pages\/2878\/revisions"}],"up":[{"embeddable":true,"href":"https:\/\/www.domainedurayol.org\/en\/wp-json\/wp\/v2\/pages\/54"}],"wp:featuredmedia":[{"embeddable":true,"href":"https:\/\/www.domainedurayol.org\/en\/wp-json\/wp\/v2\/media\/2155"}],"wp:attachment":[{"href":"https:\/\/www.domainedurayol.org\/en\/wp-json\/wp\/v2\/media?parent=2878"}],"curies":[{"name":"wp","href":"https:\/\/api.w.org\/{rel}","templated":true}]}}