{"id":2877,"date":"2017-05-14T13:02:52","date_gmt":"2017-05-14T11:02:52","guid":{"rendered":"https:\/\/www.domainedurayol.org\/?page_id=2877"},"modified":"2022-02-08T23:05:39","modified_gmt":"2022-02-08T22:05:39","slug":"initiation-land-art","status":"publish","type":"page","link":"https:\/\/www.domainedurayol.org\/en\/initiation-land-art\/","title":{"rendered":"Initiation au land-art"},"content":{"rendered":"<h2>Objectif<\/h2>\n<p>Cr\u00e9er des \u0153uvres \u00e0 l\u2019aide de mat\u00e9riaux naturels et mise en valeur dans le cadre du <em>Jardin des M\u00e9diterran\u00e9es<\/em>.<\/p>\n<hr \/>\n<h2>Programme<\/h2>\n<ul>\n<li>\u00a0Pr\u00e9sentation du land-art et \u00e9volution de ce courant artistique.<\/li>\n<li>D\u00e9couverte d\u2019\u0153uvres in situ (uniquement lors de notre festival land art)<\/li>\n<li>Mise \u00e0 disposition de mat\u00e9riaux pour r\u00e9aliser une \u0153uvre en groupe.<\/li>\n<li>Mise en valeur et photographie de l\u2019\u0153uvre dans le cadre du jardin.<\/li>\n<li>Bilan et pr\u00e9sentation des \u0153uvres.<\/li>\n<\/ul>\n<div class=\"gallery\"><div class=\"gallery-captions\"><p class=\"gallery-captions__item\"><span class=\"gallery-captions__item__number\">01.<\/span> Visite scolaire, coll\u00e8ge <\/p><\/div><a class=\"gallery__item\" href=\"https:\/\/www.domainedurayol.org\/en\/wp-content\/uploads\/sites\/4\/2017\/05\/accueil-de-colleges-domaine-du-rayol-24-e1494927155606.jpg\" title=\"\u00a9 Domaine du Rayol\">\n                    <div class=\"gallery__item__thumbnail\" style=\"background-image: url(https:\/\/www.domainedurayol.org\/en\/wp-content\/uploads\/sites\/4\/2017\/05\/accueil-de-colleges-domaine-du-rayol-24-e1494927155606.jpg)\"><\/div>\n                    <span class=\"gallery__item__number\">01<\/span>\n                <\/a><\/div>\n<hr \/>\n<h2>Mat\u00e9riel fourni<\/h2>\n<p>Mat\u00e9riaux naturels<br \/>\nLivret p\u00e9dagogique remis \u00e0 l&#8217;enseignant pour assurer un prolongement de l\u2019activit\u00e9 en classe.<\/p>\n<hr \/>\n<h2>Mat\u00e9riel \u00e0 apporter<\/h2>\n<p>Appareil photo (smart-phone, num\u00e9rique \u2026)<\/p>\n<hr \/>\n<h2>Comp\u00e9tences abord\u00e9es<\/h2>\n<ul>\n<li>Observer le vivant.<\/li>\n<li>Mise en \u0153uvre d\u2019un projet artistique.<\/li>\n<li>Exp\u00e9rimenter, produire, cr\u00e9er.<\/li>\n<li>Adopter un comportement \u00e9thique et responsable.<\/li>\n<\/ul>\n<hr \/>\n<p><strong>Dur\u00e9e de l&#8217;activit\u00e9 :<\/strong> Environ 2h<\/p>\n<pre>Tarif : 4,50 \u20ac par enfant<\/pre>\n<p style=\"text-align: center\"><a class=\"btn\" href=\"https:\/\/www.domainedurayol.org\/visites-et-activites\/visites-scolaires\/\">CONTACTEZ NOTRE SERVICE R\u00c9SERVATION<\/a><\/p>\n<p><em>Toutes les activit\u00e9s sont soumises \u00e0 r\u00e9servation. Les possibilit\u00e9s de visite guid\u00e9e d\u00e9pendent de la disponibilit\u00e9 de nos guides, veuillez nous consulter.<\/em><\/p>\n","protected":false},"excerpt":{"rendered":"Objectif Cr\u00e9er des \u0153uvres \u00e0 l\u2019aide de mat\u00e9riaux naturels et mise en valeur dans le cadre du Jardin des M\u00e9diterran\u00e9es. Programme \u00a0Pr\u00e9sentation du land-art et \u00e9volution de ce courant artistique. D\u00e9couverte d\u2019\u0153uvres in situ (uniquement lors de notre festival land art) Mise \u00e0 disposition de mat\u00e9riaux pour r\u00e9aliser une \u0153uvre en groupe. Mise en valeur {&#8230;}","protected":false},"author":2,"featured_media":3359,"parent":0,"menu_order":70,"comment_status":"closed","ping_status":"closed","template":"","meta":{"_acf_changed":false,"footnotes":""},"class_list":["post-2877","page","type-page","status-publish","has-post-thumbnail","hentry"],"acf":[],"yoast_head":"<!-- This site is optimized with the Yoast SEO plugin v24.1 - https:\/\/yoast.com\/wordpress\/plugins\/seo\/ -->\n<title>Initiation au land-art - Domaine du Rayol<\/title>\n<meta name=\"robots\" content=\"index, follow, max-snippet:-1, max-image-preview:large, max-video-preview:-1\" \/>\n<link rel=\"canonical\" href=\"https:\/\/www.domainedurayol.org\/en\/initiation-land-art\/\" \/>\n<meta property=\"og:locale\" content=\"en_US\" \/>\n<meta property=\"og:type\" content=\"article\" \/>\n<meta property=\"og:title\" content=\"Initiation au land-art - Domaine du Rayol\" \/>\n<meta property=\"og:description\" content=\"Objectif Cr\u00e9er des \u0153uvres \u00e0 l\u2019aide de mat\u00e9riaux naturels et mise en valeur dans le cadre du Jardin des M\u00e9diterran\u00e9es. Programme \u00a0Pr\u00e9sentation du land-art et \u00e9volution de ce courant artistique. D\u00e9couverte d\u2019\u0153uvres in situ (uniquement lors de notre festival land art) Mise \u00e0 disposition de mat\u00e9riaux pour r\u00e9aliser une \u0153uvre en groupe. Mise en valeur {...}\" \/>\n<meta property=\"og:url\" content=\"https:\/\/www.domainedurayol.org\/en\/initiation-land-art\/\" \/>\n<meta property=\"og:site_name\" content=\"Domaine du Rayol\" \/>\n<meta property=\"article:modified_time\" content=\"2022-02-08T22:05:39+00:00\" \/>\n<meta property=\"og:image\" content=\"https:\/\/www.domainedurayol.org\/en\/wp-content\/uploads\/sites\/4\/2017\/06\/initiation-au-land-art-visite-guidee-domaine-du-rayol-.jpg\" \/>\n\t<meta property=\"og:image:width\" content=\"800\" \/>\n\t<meta property=\"og:image:height\" content=\"1066\" \/>\n\t<meta property=\"og:image:type\" content=\"image\/jpeg\" \/>\n<meta name=\"twitter:card\" content=\"summary_large_image\" \/>\n<meta name=\"twitter:label1\" content=\"Est. reading time\" \/>\n\t<meta name=\"twitter:data1\" content=\"1 minute\" \/>\n<script type=\"application\/ld+json\" class=\"yoast-schema-graph\">{\"@context\":\"https:\/\/schema.org\",\"@graph\":[{\"@type\":\"WebPage\",\"@id\":\"https:\/\/www.domainedurayol.org\/en\/initiation-land-art\/\",\"url\":\"https:\/\/www.domainedurayol.org\/en\/initiation-land-art\/\",\"name\":\"Initiation au land-art - Domaine du Rayol\",\"isPartOf\":{\"@id\":\"https:\/\/www.domainedurayol.org\/en\/#website\"},\"primaryImageOfPage\":{\"@id\":\"https:\/\/www.domainedurayol.org\/en\/initiation-land-art\/#primaryimage\"},\"image\":{\"@id\":\"https:\/\/www.domainedurayol.org\/en\/initiation-land-art\/#primaryimage\"},\"thumbnailUrl\":\"https:\/\/www.domainedurayol.org\/en\/wp-content\/uploads\/sites\/4\/2017\/06\/initiation-au-land-art-visite-guidee-domaine-du-rayol-.jpg\",\"datePublished\":\"2017-05-14T11:02:52+00:00\",\"dateModified\":\"2022-02-08T22:05:39+00:00\",\"breadcrumb\":{\"@id\":\"https:\/\/www.domainedurayol.org\/en\/initiation-land-art\/#breadcrumb\"},\"inLanguage\":\"en-EN\",\"potentialAction\":[{\"@type\":\"ReadAction\",\"target\":[\"https:\/\/www.domainedurayol.org\/en\/initiation-land-art\/\"]}]},{\"@type\":\"ImageObject\",\"inLanguage\":\"en-EN\",\"@id\":\"https:\/\/www.domainedurayol.org\/en\/initiation-land-art\/#primaryimage\",\"url\":\"https:\/\/www.domainedurayol.org\/en\/wp-content\/uploads\/sites\/4\/2017\/06\/initiation-au-land-art-visite-guidee-domaine-du-rayol-.jpg\",\"contentUrl\":\"https:\/\/www.domainedurayol.org\/en\/wp-content\/uploads\/sites\/4\/2017\/06\/initiation-au-land-art-visite-guidee-domaine-du-rayol-.jpg\",\"width\":800,\"height\":1066,\"caption\":\"Visite scolaire Initiation au land art\"},{\"@type\":\"BreadcrumbList\",\"@id\":\"https:\/\/www.domainedurayol.org\/en\/initiation-land-art\/#breadcrumb\",\"itemListElement\":[{\"@type\":\"ListItem\",\"position\":1,\"name\":\"Accueil\",\"item\":\"https:\/\/www.domainedurayol.org\/en\/\"},{\"@type\":\"ListItem\",\"position\":2,\"name\":\"Initiation au land-art\"}]},{\"@type\":\"WebSite\",\"@id\":\"https:\/\/www.domainedurayol.org\/en\/#website\",\"url\":\"https:\/\/www.domainedurayol.org\/en\/\",\"name\":\"Domaine du Rayol\",\"description\":\"Le Jardin des M\u00e9diterran\u00e9es\",\"potentialAction\":[{\"@type\":\"SearchAction\",\"target\":{\"@type\":\"EntryPoint\",\"urlTemplate\":\"https:\/\/www.domainedurayol.org\/en\/?s={search_term_string}\"},\"query-input\":{\"@type\":\"PropertyValueSpecification\",\"valueRequired\":true,\"valueName\":\"search_term_string\"}}],\"inLanguage\":\"en-EN\"}]}<\/script>\n<!-- \/ Yoast SEO plugin. -->","yoast_head_json":{"title":"Initiation au land-art - Domaine du Rayol","robots":{"index":"index","follow":"follow","max-snippet":"max-snippet:-1","max-image-preview":"max-image-preview:large","max-video-preview":"max-video-preview:-1"},"canonical":"https:\/\/www.domainedurayol.org\/en\/initiation-land-art\/","og_locale":"en_US","og_type":"article","og_title":"Initiation au land-art - Domaine du Rayol","og_description":"Objectif Cr\u00e9er des \u0153uvres \u00e0 l\u2019aide de mat\u00e9riaux naturels et mise en valeur dans le cadre du Jardin des M\u00e9diterran\u00e9es. Programme \u00a0Pr\u00e9sentation du land-art et \u00e9volution de ce courant artistique. D\u00e9couverte d\u2019\u0153uvres in situ (uniquement lors de notre festival land art) Mise \u00e0 disposition de mat\u00e9riaux pour r\u00e9aliser une \u0153uvre en groupe. Mise en valeur {...}","og_url":"https:\/\/www.domainedurayol.org\/en\/initiation-land-art\/","og_site_name":"Domaine du Rayol","article_modified_time":"2022-02-08T22:05:39+00:00","og_image":[{"width":800,"height":1066,"url":"https:\/\/www.domainedurayol.org\/en\/wp-content\/uploads\/sites\/4\/2017\/06\/initiation-au-land-art-visite-guidee-domaine-du-rayol-.jpg","type":"image\/jpeg"}],"twitter_card":"summary_large_image","twitter_misc":{"Est. reading time":"1 minute"},"schema":{"@context":"https:\/\/schema.org","@graph":[{"@type":"WebPage","@id":"https:\/\/www.domainedurayol.org\/en\/initiation-land-art\/","url":"https:\/\/www.domainedurayol.org\/en\/initiation-land-art\/","name":"Initiation au land-art - Domaine du Rayol","isPartOf":{"@id":"https:\/\/www.domainedurayol.org\/en\/#website"},"primaryImageOfPage":{"@id":"https:\/\/www.domainedurayol.org\/en\/initiation-land-art\/#primaryimage"},"image":{"@id":"https:\/\/www.domainedurayol.org\/en\/initiation-land-art\/#primaryimage"},"thumbnailUrl":"https:\/\/www.domainedurayol.org\/en\/wp-content\/uploads\/sites\/4\/2017\/06\/initiation-au-land-art-visite-guidee-domaine-du-rayol-.jpg","datePublished":"2017-05-14T11:02:52+00:00","dateModified":"2022-02-08T22:05:39+00:00","breadcrumb":{"@id":"https:\/\/www.domainedurayol.org\/en\/initiation-land-art\/#breadcrumb"},"inLanguage":"en-EN","potentialAction":[{"@type":"ReadAction","target":["https:\/\/www.domainedurayol.org\/en\/initiation-land-art\/"]}]},{"@type":"ImageObject","inLanguage":"en-EN","@id":"https:\/\/www.domainedurayol.org\/en\/initiation-land-art\/#primaryimage","url":"https:\/\/www.domainedurayol.org\/en\/wp-content\/uploads\/sites\/4\/2017\/06\/initiation-au-land-art-visite-guidee-domaine-du-rayol-.jpg","contentUrl":"https:\/\/www.domainedurayol.org\/en\/wp-content\/uploads\/sites\/4\/2017\/06\/initiation-au-land-art-visite-guidee-domaine-du-rayol-.jpg","width":800,"height":1066,"caption":"Visite scolaire Initiation au land art"},{"@type":"BreadcrumbList","@id":"https:\/\/www.domainedurayol.org\/en\/initiation-land-art\/#breadcrumb","itemListElement":[{"@type":"ListItem","position":1,"name":"Accueil","item":"https:\/\/www.domainedurayol.org\/en\/"},{"@type":"ListItem","position":2,"name":"Initiation au land-art"}]},{"@type":"WebSite","@id":"https:\/\/www.domainedurayol.org\/en\/#website","url":"https:\/\/www.domainedurayol.org\/en\/","name":"Domaine du Rayol","description":"Le Jardin des M\u00e9diterran\u00e9es","potentialAction":[{"@type":"SearchAction","target":{"@type":"EntryPoint","urlTemplate":"https:\/\/www.domainedurayol.org\/en\/?s={search_term_string}"},"query-input":{"@type":"PropertyValueSpecification","valueRequired":true,"valueName":"search_term_string"}}],"inLanguage":"en-EN"}]}},"_links":{"self":[{"href":"https:\/\/www.domainedurayol.org\/en\/wp-json\/wp\/v2\/pages\/2877","targetHints":{"allow":["GET"]}}],"collection":[{"href":"https:\/\/www.domainedurayol.org\/en\/wp-json\/wp\/v2\/pages"}],"about":[{"href":"https:\/\/www.domainedurayol.org\/en\/wp-json\/wp\/v2\/types\/page"}],"author":[{"embeddable":true,"href":"https:\/\/www.domainedurayol.org\/en\/wp-json\/wp\/v2\/users\/2"}],"replies":[{"embeddable":true,"href":"https:\/\/www.domainedurayol.org\/en\/wp-json\/wp\/v2\/comments?post=2877"}],"version-history":[{"count":0,"href":"https:\/\/www.domainedurayol.org\/en\/wp-json\/wp\/v2\/pages\/2877\/revisions"}],"wp:featuredmedia":[{"embeddable":true,"href":"https:\/\/www.domainedurayol.org\/en\/wp-json\/wp\/v2\/media\/3359"}],"wp:attachment":[{"href":"https:\/\/www.domainedurayol.org\/en\/wp-json\/wp\/v2\/media?parent=2877"}],"curies":[{"name":"wp","href":"https:\/\/api.w.org\/{rel}","templated":true}]}}