{"id":2308,"date":"2017-05-02T11:27:40","date_gmt":"2017-05-02T09:27:40","guid":{"rendered":"https:\/\/www.domainedurayol.org\/?page_id=2308"},"modified":"2018-02-08T19:12:49","modified_gmt":"2018-02-08T18:12:49","slug":"formule-seminaires","status":"publish","type":"page","link":"https:\/\/www.domainedurayol.org\/en\/the-garden\/business-events\/formule-seminaires\/","title":{"rendered":"Formule S\u00e9minaires"},"content":{"rendered":"<p><del>A<\/del>u c\u0153ur du Jardin, le restaurant <a href=\"https:\/\/www.domainedurayol.org\/le-jardin\/le-cafe-des-jardiniers\/\"><em>Le Caf\u00e9 des Jardiniers<\/em>\u00a0<\/a>vous propose de d\u00e9guster \u00e0 l\u2019heure du d\u00e9jeuner une cuisine inspir\u00e9e des jardins de M\u00e9diterran\u00e9e et d\u2019ailleurs.<\/p>\n<h2>Un caf\u00e9-restaurant \u00e9co-responsable<\/h2>\n<p>L&#8217;\u00e9quipe du restaurant <em>Le<\/em>\u00a0<em>Caf\u00e9 des Jardiniers<\/em> \u0153uvre pour r\u00e9jouir vos palais en vous proposant des mets de qualit\u00e9, aux saveurs subtiles, en harmonie avec le <em>Jardin des M\u00e9diterran\u00e9es<\/em>.<br \/>\nDans une d\u00e9marche \u00e9co-responsable, les produits frais, de saison, de proximit\u00e9 sont privil\u00e9gi\u00e9s.<br \/>\nTous les plats et desserts sont confectionn\u00e9s sur place. Un grand soin est apport\u00e9 \u00e0 leur pr\u00e9paration.<\/p>\n<hr \/>\n<h2>La formule d\u00e9jeuner<\/h2>\n<pre>Entr\u00e9e + plat + dessert + boissons* : 29,50 \u20ac\/pers.\r\n\r\n<\/pre>\n<div class=\"gallery gallery-split\"><div class=\"gallery-captions\"><p class=\"gallery-captions__item\"><span class=\"gallery-captions__item__number\">01.<\/span> Mixed salad<\/p><p class=\"gallery-captions__item\"><span class=\"gallery-captions__item__number\">02.<\/span> Dessert <\/p><\/div><a class=\"gallery__item\" href=\"https:\/\/www.domainedurayol.org\/en\/wp-content\/uploads\/sites\/4\/2017\/05\/Cafe-Domaine-du-Rayol-Chloe-ARREGOCES-9-e1493820975774.jpg\" title=\"Mixed salad \u00a9 Domaine du Rayol, Chlo\u00e9 ARREGOCES\">\n                    <div class=\"gallery__item__thumbnail\" style=\"background-image: url(https:\/\/www.domainedurayol.org\/en\/wp-content\/uploads\/sites\/4\/2017\/05\/Cafe-Domaine-du-Rayol-Chloe-ARREGOCES-9-e1493820975774.jpg)\"><\/div>\n                    <span class=\"gallery__item__number\">01<\/span>\n                <\/a><a class=\"gallery__item\" href=\"https:\/\/www.domainedurayol.org\/en\/wp-content\/uploads\/sites\/4\/2017\/05\/Cafe-Domaine-du-Rayol-Chloe-ARREGOCES-5-e1493820941482.jpg\" title=\"\u00a9 Domaine du Rayol, Chlo\u00e9 ARREGOCES\">\n                    <div class=\"gallery__item__thumbnail\" style=\"background-image: url(https:\/\/www.domainedurayol.org\/en\/wp-content\/uploads\/sites\/4\/2017\/05\/Cafe-Domaine-du-Rayol-Chloe-ARREGOCES-5-e1493820941482.jpg)\"><\/div>\n                    <span class=\"gallery__item__number\">02<\/span>\n                <\/a><\/div>\n<hr \/>\n<h3>Entr\u00e9es :<\/h3>\n<p>Cagette des Jardiniers (contenu adapt\u00e9 selon les saisons).<br \/>\nExemple de composition : gaspacho tomate\/menthe, cake aux olives, rougail au pistou, tapenade noire ou verte, houmous, caviar d\u2019aubergine, l\u00e9gumes du soleil marin\u00e9s \u00e0 l\u2019ail.<\/p>\n<h3>Plats :<\/h3>\n<p>Brochette de poulet marin\u00e9 servie avec sa cr\u00e8me citronn\u00e9e,\u00a0timbale de riz basmati et ses l\u00e9gumes de saison.<br \/>\nou<br \/>\nFilet mignon de porc caram\u00e9lis\u00e9 au miel et thym servi avec son jus,\u00a0\u00e9cras\u00e9 de pommes de terre \u00e0 l\u2019huile d\u2019olive et ciboulette et ses l\u00e9gumes de saison.<br \/>\nou<br \/>\nFilet de dorade cuit \u00e0 l\u2019unilat\u00e9rale sauce vierge,\u00a0riz parfum\u00e9 et l\u00e9gumes croquants.<br \/>\nou<br \/>\nDos de cabillaud r\u00f4ti sauce aux agrumes et sa farandole de pur\u00e9es de l\u00e9gumes.<\/p>\n<h3>Desserts :<\/h3>\n<p>Fondant au chocolat, cr\u00e8me anglaise et sa tuile maison.<br \/>\nou<br \/>\nTarte en bande aux fruits de saison.<\/p>\n<p><em>*1\/4 de vin AB \/ pers. ou eau \u00ab Fresh \u00bb plate ou gazeuse + caf\u00e9<\/em><\/p>\n","protected":false},"excerpt":{"rendered":"Au c\u0153ur du Jardin, le restaurant Le Caf\u00e9 des Jardiniers\u00a0vous propose de d\u00e9guster \u00e0 l\u2019heure du d\u00e9jeuner une cuisine inspir\u00e9e des jardins de M\u00e9diterran\u00e9e et d\u2019ailleurs. Un caf\u00e9-restaurant \u00e9co-responsable L&#8217;\u00e9quipe du restaurant Le\u00a0Caf\u00e9 des Jardiniers \u0153uvre pour r\u00e9jouir vos palais en vous proposant des mets de qualit\u00e9, aux saveurs subtiles, en harmonie avec le Jardin {&#8230;}","protected":false},"author":2,"featured_media":2390,"parent":85,"menu_order":40,"comment_status":"closed","ping_status":"closed","template":"","meta":{"_acf_changed":false,"footnotes":""},"class_list":["post-2308","page","type-page","status-publish","has-post-thumbnail","hentry"],"acf":[],"yoast_head":"<!-- This site is optimized with the Yoast SEO plugin v24.1 - https:\/\/yoast.com\/wordpress\/plugins\/seo\/ -->\n<title>Formule S\u00e9minaires - Domaine du Rayol<\/title>\n<meta name=\"robots\" content=\"index, follow, max-snippet:-1, max-image-preview:large, max-video-preview:-1\" \/>\n<link rel=\"canonical\" href=\"https:\/\/www.domainedurayol.org\/en\/the-garden\/business-events\/formule-seminaires\/\" \/>\n<meta property=\"og:locale\" content=\"en_US\" \/>\n<meta property=\"og:type\" content=\"article\" \/>\n<meta property=\"og:title\" content=\"Formule S\u00e9minaires - Domaine du Rayol\" \/>\n<meta property=\"og:description\" content=\"Au c\u0153ur du Jardin, le restaurant Le Caf\u00e9 des Jardiniers\u00a0vous propose de d\u00e9guster \u00e0 l\u2019heure du d\u00e9jeuner une cuisine inspir\u00e9e des jardins de M\u00e9diterran\u00e9e et d\u2019ailleurs. Un caf\u00e9-restaurant \u00e9co-responsable L&#8217;\u00e9quipe du restaurant Le\u00a0Caf\u00e9 des Jardiniers \u0153uvre pour r\u00e9jouir vos palais en vous proposant des mets de qualit\u00e9, aux saveurs subtiles, en harmonie avec le Jardin {...}\" \/>\n<meta property=\"og:url\" content=\"https:\/\/www.domainedurayol.org\/en\/the-garden\/business-events\/formule-seminaires\/\" \/>\n<meta property=\"og:site_name\" content=\"Domaine du Rayol\" \/>\n<meta property=\"article:modified_time\" content=\"2018-02-08T18:12:49+00:00\" \/>\n<meta property=\"og:image\" content=\"https:\/\/www.domainedurayol.org\/en\/wp-content\/uploads\/sites\/4\/2017\/05\/Cafe-Domaine-du-Rayol-Cristina-JIMENEZ-GOMES-5-e1493820914440.jpg\" \/>\n\t<meta property=\"og:image:width\" content=\"1000\" \/>\n\t<meta property=\"og:image:height\" content=\"765\" \/>\n\t<meta property=\"og:image:type\" content=\"image\/jpeg\" \/>\n<meta name=\"twitter:card\" content=\"summary_large_image\" \/>\n<meta name=\"twitter:label1\" content=\"Est. reading time\" \/>\n\t<meta name=\"twitter:data1\" content=\"1 minute\" \/>\n<script type=\"application\/ld+json\" class=\"yoast-schema-graph\">{\"@context\":\"https:\/\/schema.org\",\"@graph\":[{\"@type\":\"WebPage\",\"@id\":\"https:\/\/www.domainedurayol.org\/en\/the-garden\/business-events\/formule-seminaires\/\",\"url\":\"https:\/\/www.domainedurayol.org\/en\/the-garden\/business-events\/formule-seminaires\/\",\"name\":\"Formule S\u00e9minaires - Domaine du Rayol\",\"isPartOf\":{\"@id\":\"https:\/\/www.domainedurayol.org\/en\/#website\"},\"primaryImageOfPage\":{\"@id\":\"https:\/\/www.domainedurayol.org\/en\/the-garden\/business-events\/formule-seminaires\/#primaryimage\"},\"image\":{\"@id\":\"https:\/\/www.domainedurayol.org\/en\/the-garden\/business-events\/formule-seminaires\/#primaryimage\"},\"thumbnailUrl\":\"https:\/\/www.domainedurayol.org\/en\/wp-content\/uploads\/sites\/4\/2017\/05\/Cafe-Domaine-du-Rayol-Cristina-JIMENEZ-GOMES-5-e1493820914440.jpg\",\"datePublished\":\"2017-05-02T09:27:40+00:00\",\"dateModified\":\"2018-02-08T18:12:49+00:00\",\"breadcrumb\":{\"@id\":\"https:\/\/www.domainedurayol.org\/en\/the-garden\/business-events\/formule-seminaires\/#breadcrumb\"},\"inLanguage\":\"en-EN\",\"potentialAction\":[{\"@type\":\"ReadAction\",\"target\":[\"https:\/\/www.domainedurayol.org\/en\/the-garden\/business-events\/formule-seminaires\/\"]}]},{\"@type\":\"ImageObject\",\"inLanguage\":\"en-EN\",\"@id\":\"https:\/\/www.domainedurayol.org\/en\/the-garden\/business-events\/formule-seminaires\/#primaryimage\",\"url\":\"https:\/\/www.domainedurayol.org\/en\/wp-content\/uploads\/sites\/4\/2017\/05\/Cafe-Domaine-du-Rayol-Cristina-JIMENEZ-GOMES-5-e1493820914440.jpg\",\"contentUrl\":\"https:\/\/www.domainedurayol.org\/en\/wp-content\/uploads\/sites\/4\/2017\/05\/Cafe-Domaine-du-Rayol-Cristina-JIMENEZ-GOMES-5-e1493820914440.jpg\",\"width\":1000,\"height\":765,\"caption\":\"Plat du jour\"},{\"@type\":\"BreadcrumbList\",\"@id\":\"https:\/\/www.domainedurayol.org\/en\/the-garden\/business-events\/formule-seminaires\/#breadcrumb\",\"itemListElement\":[{\"@type\":\"ListItem\",\"position\":1,\"name\":\"Accueil\",\"item\":\"https:\/\/www.domainedurayol.org\/en\/\"},{\"@type\":\"ListItem\",\"position\":2,\"name\":\"More than a garden\",\"item\":\"https:\/\/www.domainedurayol.org\/en\/the-garden\/\"},{\"@type\":\"ListItem\",\"position\":3,\"name\":\"Business events\",\"item\":\"https:\/\/www.domainedurayol.org\/en\/the-garden\/business-events\/\"},{\"@type\":\"ListItem\",\"position\":4,\"name\":\"Formule S\u00e9minaires\"}]},{\"@type\":\"WebSite\",\"@id\":\"https:\/\/www.domainedurayol.org\/en\/#website\",\"url\":\"https:\/\/www.domainedurayol.org\/en\/\",\"name\":\"Domaine du Rayol\",\"description\":\"Le Jardin des M\u00e9diterran\u00e9es\",\"potentialAction\":[{\"@type\":\"SearchAction\",\"target\":{\"@type\":\"EntryPoint\",\"urlTemplate\":\"https:\/\/www.domainedurayol.org\/en\/?s={search_term_string}\"},\"query-input\":{\"@type\":\"PropertyValueSpecification\",\"valueRequired\":true,\"valueName\":\"search_term_string\"}}],\"inLanguage\":\"en-EN\"}]}<\/script>\n<!-- \/ Yoast SEO plugin. -->","yoast_head_json":{"title":"Formule S\u00e9minaires - Domaine du Rayol","robots":{"index":"index","follow":"follow","max-snippet":"max-snippet:-1","max-image-preview":"max-image-preview:large","max-video-preview":"max-video-preview:-1"},"canonical":"https:\/\/www.domainedurayol.org\/en\/the-garden\/business-events\/formule-seminaires\/","og_locale":"en_US","og_type":"article","og_title":"Formule S\u00e9minaires - Domaine du Rayol","og_description":"Au c\u0153ur du Jardin, le restaurant Le Caf\u00e9 des Jardiniers\u00a0vous propose de d\u00e9guster \u00e0 l\u2019heure du d\u00e9jeuner une cuisine inspir\u00e9e des jardins de M\u00e9diterran\u00e9e et d\u2019ailleurs. Un caf\u00e9-restaurant \u00e9co-responsable L&#8217;\u00e9quipe du restaurant Le\u00a0Caf\u00e9 des Jardiniers \u0153uvre pour r\u00e9jouir vos palais en vous proposant des mets de qualit\u00e9, aux saveurs subtiles, en harmonie avec le Jardin {...}","og_url":"https:\/\/www.domainedurayol.org\/en\/the-garden\/business-events\/formule-seminaires\/","og_site_name":"Domaine du Rayol","article_modified_time":"2018-02-08T18:12:49+00:00","og_image":[{"width":1000,"height":765,"url":"https:\/\/www.domainedurayol.org\/en\/wp-content\/uploads\/sites\/4\/2017\/05\/Cafe-Domaine-du-Rayol-Cristina-JIMENEZ-GOMES-5-e1493820914440.jpg","type":"image\/jpeg"}],"twitter_card":"summary_large_image","twitter_misc":{"Est. reading time":"1 minute"},"schema":{"@context":"https:\/\/schema.org","@graph":[{"@type":"WebPage","@id":"https:\/\/www.domainedurayol.org\/en\/the-garden\/business-events\/formule-seminaires\/","url":"https:\/\/www.domainedurayol.org\/en\/the-garden\/business-events\/formule-seminaires\/","name":"Formule S\u00e9minaires - Domaine du Rayol","isPartOf":{"@id":"https:\/\/www.domainedurayol.org\/en\/#website"},"primaryImageOfPage":{"@id":"https:\/\/www.domainedurayol.org\/en\/the-garden\/business-events\/formule-seminaires\/#primaryimage"},"image":{"@id":"https:\/\/www.domainedurayol.org\/en\/the-garden\/business-events\/formule-seminaires\/#primaryimage"},"thumbnailUrl":"https:\/\/www.domainedurayol.org\/en\/wp-content\/uploads\/sites\/4\/2017\/05\/Cafe-Domaine-du-Rayol-Cristina-JIMENEZ-GOMES-5-e1493820914440.jpg","datePublished":"2017-05-02T09:27:40+00:00","dateModified":"2018-02-08T18:12:49+00:00","breadcrumb":{"@id":"https:\/\/www.domainedurayol.org\/en\/the-garden\/business-events\/formule-seminaires\/#breadcrumb"},"inLanguage":"en-EN","potentialAction":[{"@type":"ReadAction","target":["https:\/\/www.domainedurayol.org\/en\/the-garden\/business-events\/formule-seminaires\/"]}]},{"@type":"ImageObject","inLanguage":"en-EN","@id":"https:\/\/www.domainedurayol.org\/en\/the-garden\/business-events\/formule-seminaires\/#primaryimage","url":"https:\/\/www.domainedurayol.org\/en\/wp-content\/uploads\/sites\/4\/2017\/05\/Cafe-Domaine-du-Rayol-Cristina-JIMENEZ-GOMES-5-e1493820914440.jpg","contentUrl":"https:\/\/www.domainedurayol.org\/en\/wp-content\/uploads\/sites\/4\/2017\/05\/Cafe-Domaine-du-Rayol-Cristina-JIMENEZ-GOMES-5-e1493820914440.jpg","width":1000,"height":765,"caption":"Plat du jour"},{"@type":"BreadcrumbList","@id":"https:\/\/www.domainedurayol.org\/en\/the-garden\/business-events\/formule-seminaires\/#breadcrumb","itemListElement":[{"@type":"ListItem","position":1,"name":"Accueil","item":"https:\/\/www.domainedurayol.org\/en\/"},{"@type":"ListItem","position":2,"name":"More than a garden","item":"https:\/\/www.domainedurayol.org\/en\/the-garden\/"},{"@type":"ListItem","position":3,"name":"Business events","item":"https:\/\/www.domainedurayol.org\/en\/the-garden\/business-events\/"},{"@type":"ListItem","position":4,"name":"Formule S\u00e9minaires"}]},{"@type":"WebSite","@id":"https:\/\/www.domainedurayol.org\/en\/#website","url":"https:\/\/www.domainedurayol.org\/en\/","name":"Domaine du Rayol","description":"Le Jardin des M\u00e9diterran\u00e9es","potentialAction":[{"@type":"SearchAction","target":{"@type":"EntryPoint","urlTemplate":"https:\/\/www.domainedurayol.org\/en\/?s={search_term_string}"},"query-input":{"@type":"PropertyValueSpecification","valueRequired":true,"valueName":"search_term_string"}}],"inLanguage":"en-EN"}]}},"_links":{"self":[{"href":"https:\/\/www.domainedurayol.org\/en\/wp-json\/wp\/v2\/pages\/2308","targetHints":{"allow":["GET"]}}],"collection":[{"href":"https:\/\/www.domainedurayol.org\/en\/wp-json\/wp\/v2\/pages"}],"about":[{"href":"https:\/\/www.domainedurayol.org\/en\/wp-json\/wp\/v2\/types\/page"}],"author":[{"embeddable":true,"href":"https:\/\/www.domainedurayol.org\/en\/wp-json\/wp\/v2\/users\/2"}],"replies":[{"embeddable":true,"href":"https:\/\/www.domainedurayol.org\/en\/wp-json\/wp\/v2\/comments?post=2308"}],"version-history":[{"count":0,"href":"https:\/\/www.domainedurayol.org\/en\/wp-json\/wp\/v2\/pages\/2308\/revisions"}],"up":[{"embeddable":true,"href":"https:\/\/www.domainedurayol.org\/en\/wp-json\/wp\/v2\/pages\/85"}],"wp:featuredmedia":[{"embeddable":true,"href":"https:\/\/www.domainedurayol.org\/en\/wp-json\/wp\/v2\/media\/2390"}],"wp:attachment":[{"href":"https:\/\/www.domainedurayol.org\/en\/wp-json\/wp\/v2\/media?parent=2308"}],"curies":[{"name":"wp","href":"https:\/\/api.w.org\/{rel}","templated":true}]}}