{"id":12334,"date":"2024-06-19T14:42:22","date_gmt":"2024-06-19T12:42:22","guid":{"rendered":"https:\/\/www.domainedurayol.org\/en\/?page_id=12334"},"modified":"2024-06-19T15:46:01","modified_gmt":"2024-06-19T13:46:01","slug":"shootings","status":"publish","type":"page","link":"https:\/\/www.domainedurayol.org\/en\/the-garden\/shootings\/","title":{"rendered":"Shootings"},"content":{"rendered":"<p><del>D<\/del>ue to its enchanting setting and its balcony overlooking the sea, the Domaine du Rayol is regularly a shooting location.<\/p>\n<h3>They trusted us<\/h3>\n<p>Catherine Andr\u00e9, Devernois, Fid\u00e9lit\u00e9 Films (long-m\u00e9trage &#8220;Renoir&#8221; de Gilles Bourdos avec Michel Bouquet, Christa Th\u00e9ret, Vincent Rottiers), Program 33 (docu-fiction &#8220;Bon baisers de la C\u00f4te d&#8217;Azur&#8221; avec Emma de Caunes pour France 5), Roland Central Europe, World Location (Bugatti Fashion), Et Dieu cr\u00e9a la C\u00f4te d&#8217;Azur, etc.<\/p>\n<p><iframe loading=\"lazy\" title=\"Renoir - Bande annonce\" width=\"900\" height=\"506\" src=\"https:\/\/www.youtube.com\/embed\/0qjvHejixZg?feature=oembed\" frameborder=\"0\" allow=\"accelerometer; autoplay; clipboard-write; encrypted-media; gyroscope; picture-in-picture; web-share\" referrerpolicy=\"strict-origin-when-cross-origin\" allowfullscreen><\/iframe><\/p>\n<h3>And also&#8230;<\/h3>\n<p>C&#8217;est pas sorcier (France 3), Des Racines &amp; Des Ailes (France 3), Douces Frances (Arte), E=M6 (M6), T\u00e9l\u00e9matin (France 2), Truffaut TV, Vu d&#8217;ici (Carson Prod &#8211; Gulli), Le jardin pr\u00e9f\u00e9r\u00e9 des fran\u00e7ais (France 2), Thalassa (France 3), Jardin d&#8217;ici et d&#8217;ailleurs (Arte), Les 100 lieux qu&#8217;il faut voir (France 5), Comme une envie de Jardins (France 3), etc.<\/p>\n<div class=\"gallery gallery-split\"><div class=\"gallery-captions\"><p class=\"gallery-captions__item\"><span class=\"gallery-captions__item__number\">01.<\/span> Renoir by Gilles Bourdos, filmed at the Domaine<\/p><p class=\"gallery-captions__item\"><span class=\"gallery-captions__item__number\">02.<\/span> Lights... Camera... Action!<\/p><\/div><a class=\"gallery__item\" href=\"https:\/\/www.domainedurayol.org\/en\/wp-content\/uploads\/sites\/4\/2024\/06\/Renoir.jpg\" title=\"Renoir\">\n                    <div class=\"gallery__item__thumbnail\" style=\"background-image: url(https:\/\/www.domainedurayol.org\/en\/wp-content\/uploads\/sites\/4\/2024\/06\/Renoir.jpg)\"><\/div>\n                    <span class=\"gallery__item__number\">01<\/span>\n                <\/a><a class=\"gallery__item\" href=\"https:\/\/www.domainedurayol.org\/en\/wp-content\/uploads\/sites\/4\/2024\/06\/IMG_0835.jpg\" title=\"IMG_0835\">\n                    <div class=\"gallery__item__thumbnail\" style=\"background-image: url(https:\/\/www.domainedurayol.org\/en\/wp-content\/uploads\/sites\/4\/2024\/06\/IMG_0835.jpg)\"><\/div>\n                    <span class=\"gallery__item__number\">02<\/span>\n                <\/a><\/div>\n<p style=\"text-align: center\"><a class=\"btn\" href=\"https:\/\/www.domainedurayol.org\/infos-pratiques\/seminaires-location-despaces\/\" target=\"_blank\" rel=\"noopener noreferrer\">Catalog (French Website)<\/a><\/p>\n<h3>Contact us<\/h3>\n<p style=\"text-align: left\">\n<div class=\"wpcf7 no-js\" id=\"wpcf7-f2588-o1\" lang=\"fr-FR\" dir=\"ltr\" data-wpcf7-id=\"2588\">\n<div class=\"screen-reader-response\"><p role=\"status\" aria-live=\"polite\" aria-atomic=\"true\"><\/p> <ul><\/ul><\/div>\n<form action=\"\/en\/wp-json\/wp\/v2\/pages\/12334#wpcf7-f2588-o1\" method=\"post\" class=\"wpcf7-form init\" aria-label=\"Contact form\" novalidate=\"novalidate\" data-status=\"init\">\n<div style=\"display: none;\">\n<input type=\"hidden\" name=\"_wpcf7\" value=\"2588\" \/>\n<input type=\"hidden\" name=\"_wpcf7_version\" value=\"6.0.2\" \/>\n<input type=\"hidden\" name=\"_wpcf7_locale\" value=\"fr_FR\" \/>\n<input type=\"hidden\" name=\"_wpcf7_unit_tag\" value=\"wpcf7-f2588-o1\" \/>\n<input type=\"hidden\" name=\"_wpcf7_container_post\" value=\"0\" \/>\n<input type=\"hidden\" name=\"_wpcf7_posted_data_hash\" value=\"\" \/>\n<input type=\"hidden\" name=\"_wpcf7_recaptcha_response\" value=\"\" \/>\n<\/div>\n<div class=\"form form--cf7\">\n\t<div class=\"form-group\">\n\t\t<p><label class=\"u-sr-only\">Nom<\/label><span class=\"wpcf7-form-control-wrap\" data-name=\"contact-nom\"><input size=\"40\" maxlength=\"400\" class=\"wpcf7-form-control wpcf7-text wpcf7-validates-as-required\" aria-required=\"true\" aria-invalid=\"false\" placeholder=\"Nom*\" value=\"\" type=\"text\" name=\"contact-nom\" \/><\/span>\n\t\t<\/p>\n\t<\/div>\n\t<div class=\"form-group\">\n\t\t<p><label class=\"u-sr-only\">Pr\u00e9nom<\/label><span class=\"wpcf7-form-control-wrap\" data-name=\"contact-prenom\"><input size=\"40\" maxlength=\"400\" class=\"wpcf7-form-control wpcf7-text wpcf7-validates-as-required\" aria-required=\"true\" aria-invalid=\"false\" placeholder=\"Pr\u00e9nom*\" value=\"\" type=\"text\" name=\"contact-prenom\" \/><\/span>\n\t\t<\/p>\n\t<\/div>\n\t<div class=\"form-group\">\n\t\t<p><label class=\"u-sr-only\">Structure<\/label><span class=\"wpcf7-form-control-wrap\" data-name=\"nom-structure\"><input size=\"40\" maxlength=\"400\" class=\"wpcf7-form-control wpcf7-text\" aria-invalid=\"false\" placeholder=\"Structure\" value=\"\" type=\"text\" name=\"nom-structure\" \/><\/span>\n\t\t<\/p>\n\t<\/div>\n\t<div class=\"form-group\">\n\t\t<p><label class=\"u-sr-only\">E-mail<\/label><span class=\"wpcf7-form-control-wrap\" data-name=\"contact-email\"><input size=\"40\" maxlength=\"400\" class=\"wpcf7-form-control wpcf7-email wpcf7-validates-as-required wpcf7-text wpcf7-validates-as-email\" aria-required=\"true\" aria-invalid=\"false\" placeholder=\"E-mail*\" value=\"\" type=\"email\" name=\"contact-email\" \/><\/span>\n\t\t<\/p>\n\t<\/div>\n\t<div class=\"form-group\">\n\t\t<p><label class=\"u-sr-only\">Message<\/label><span class=\"wpcf7-form-control-wrap\" data-name=\"contact-message\"><textarea cols=\"40\" rows=\"10\" maxlength=\"2000\" class=\"wpcf7-form-control wpcf7-textarea wpcf7-validates-as-required\" aria-required=\"true\" aria-invalid=\"false\" placeholder=\"Message*\" name=\"contact-message\"><\/textarea><\/span>\n\t\t<\/p>\n\t<\/div>\n\t<div class=\"form-group form-group--no-label\">\n\t\t<p><span class=\"wpcf7-form-control-wrap\" data-name=\"contact-newsletter\"><span class=\"wpcf7-form-control wpcf7-checkbox\"><span class=\"wpcf7-list-item first last\"><input type=\"checkbox\" name=\"contact-newsletter[]\" value=\"Je m&#039;abonne \u00e0 la newsletter du Domaine du Rayol\" \/><span class=\"wpcf7-list-item-label\">Je m&#039;abonne \u00e0 la newsletter du Domaine du Rayol<\/span><\/span><\/span><\/span>\n\t\t<\/p>\n\t<\/div>\n\t<div class=\"form-group form-group--no-label\">\n\t\t<p class=\"required\">* Les champs marqu\u00e9s par un ast\u00e9risque sont obligatoires.\n\t\t<\/p>\n\t<\/div>\n\t<div class=\"form-group form-group--no-label\">\n\t\n\t<\/div>\n\t<div class=\"form-group form-group--no-label\">\n\t\t<p><button class=\"btn btn--submit\" type=\"submit\">Envoyer<\/button>\n\t\t<\/p>\n\t<\/div>\n<\/div><div class=\"wpcf7-response-output\" aria-hidden=\"true\"><\/div>\n<\/form>\n<\/div>\n<\/p>\n","protected":false},"excerpt":{"rendered":"Due to its enchanting setting and its balcony overlooking the sea, the Domaine du Rayol is regularly a shooting location. They trusted us Catherine Andr\u00e9, Devernois, Fid\u00e9lit\u00e9 Films (long-m\u00e9trage &#8220;Renoir&#8221; de Gilles Bourdos avec Michel Bouquet, Christa Th\u00e9ret, Vincent Rottiers), Program 33 (docu-fiction &#8220;Bon baisers de la C\u00f4te d&#8217;Azur&#8221; avec Emma de Caunes pour France {&#8230;}","protected":false},"author":9,"featured_media":12350,"parent":3,"menu_order":90,"comment_status":"closed","ping_status":"closed","template":"","meta":{"_acf_changed":false,"footnotes":""},"class_list":["post-12334","page","type-page","status-publish","has-post-thumbnail","hentry"],"acf":[],"yoast_head":"<!-- This site is optimized with the Yoast SEO plugin v24.1 - https:\/\/yoast.com\/wordpress\/plugins\/seo\/ -->\n<title>Shootings - Domaine du Rayol<\/title>\n<meta name=\"robots\" content=\"index, follow, max-snippet:-1, max-image-preview:large, max-video-preview:-1\" \/>\n<link rel=\"canonical\" href=\"https:\/\/www.domainedurayol.org\/en\/the-garden\/shootings\/\" \/>\n<meta property=\"og:locale\" content=\"en_US\" \/>\n<meta property=\"og:type\" content=\"article\" \/>\n<meta property=\"og:title\" content=\"Shootings - Domaine du Rayol\" \/>\n<meta property=\"og:description\" content=\"Due to its enchanting setting and its balcony overlooking the sea, the Domaine du Rayol is regularly a shooting location. They trusted us Catherine Andr\u00e9, Devernois, Fid\u00e9lit\u00e9 Films (long-m\u00e9trage &#8220;Renoir&#8221; de Gilles Bourdos avec Michel Bouquet, Christa Th\u00e9ret, Vincent Rottiers), Program 33 (docu-fiction &#8220;Bon baisers de la C\u00f4te d&#8217;Azur&#8221; avec Emma de Caunes pour France {...}\" \/>\n<meta property=\"og:url\" content=\"https:\/\/www.domainedurayol.org\/en\/the-garden\/shootings\/\" \/>\n<meta property=\"og:site_name\" content=\"Domaine du Rayol\" \/>\n<meta property=\"article:modified_time\" content=\"2024-06-19T13:46:01+00:00\" \/>\n<meta property=\"og:image\" content=\"https:\/\/www.domainedurayol.org\/en\/wp-content\/uploads\/sites\/4\/2024\/06\/37853450_627624747638549_4346224251754250240_n.jpg\" \/>\n\t<meta property=\"og:image:width\" content=\"800\" \/>\n\t<meta property=\"og:image:height\" content=\"534\" \/>\n\t<meta property=\"og:image:type\" content=\"image\/jpeg\" \/>\n<meta name=\"twitter:card\" content=\"summary_large_image\" \/>\n<meta name=\"twitter:label1\" content=\"Est. reading time\" \/>\n\t<meta name=\"twitter:data1\" content=\"1 minute\" \/>\n<script type=\"application\/ld+json\" class=\"yoast-schema-graph\">{\"@context\":\"https:\/\/schema.org\",\"@graph\":[{\"@type\":\"WebPage\",\"@id\":\"https:\/\/www.domainedurayol.org\/en\/the-garden\/shootings\/\",\"url\":\"https:\/\/www.domainedurayol.org\/en\/the-garden\/shootings\/\",\"name\":\"Shootings - Domaine du Rayol\",\"isPartOf\":{\"@id\":\"https:\/\/www.domainedurayol.org\/en\/#website\"},\"primaryImageOfPage\":{\"@id\":\"https:\/\/www.domainedurayol.org\/en\/the-garden\/shootings\/#primaryimage\"},\"image\":{\"@id\":\"https:\/\/www.domainedurayol.org\/en\/the-garden\/shootings\/#primaryimage\"},\"thumbnailUrl\":\"https:\/\/www.domainedurayol.org\/en\/wp-content\/uploads\/sites\/4\/2024\/06\/37853450_627624747638549_4346224251754250240_n.jpg\",\"datePublished\":\"2024-06-19T12:42:22+00:00\",\"dateModified\":\"2024-06-19T13:46:01+00:00\",\"breadcrumb\":{\"@id\":\"https:\/\/www.domainedurayol.org\/en\/the-garden\/shootings\/#breadcrumb\"},\"inLanguage\":\"en-EN\",\"potentialAction\":[{\"@type\":\"ReadAction\",\"target\":[\"https:\/\/www.domainedurayol.org\/en\/the-garden\/shootings\/\"]}]},{\"@type\":\"ImageObject\",\"inLanguage\":\"en-EN\",\"@id\":\"https:\/\/www.domainedurayol.org\/en\/the-garden\/shootings\/#primaryimage\",\"url\":\"https:\/\/www.domainedurayol.org\/en\/wp-content\/uploads\/sites\/4\/2024\/06\/37853450_627624747638549_4346224251754250240_n.jpg\",\"contentUrl\":\"https:\/\/www.domainedurayol.org\/en\/wp-content\/uploads\/sites\/4\/2024\/06\/37853450_627624747638549_4346224251754250240_n.jpg\",\"width\":800,\"height\":534},{\"@type\":\"BreadcrumbList\",\"@id\":\"https:\/\/www.domainedurayol.org\/en\/the-garden\/shootings\/#breadcrumb\",\"itemListElement\":[{\"@type\":\"ListItem\",\"position\":1,\"name\":\"Accueil\",\"item\":\"https:\/\/www.domainedurayol.org\/en\/\"},{\"@type\":\"ListItem\",\"position\":2,\"name\":\"More than a garden\",\"item\":\"https:\/\/www.domainedurayol.org\/en\/the-garden\/\"},{\"@type\":\"ListItem\",\"position\":3,\"name\":\"Shootings\"}]},{\"@type\":\"WebSite\",\"@id\":\"https:\/\/www.domainedurayol.org\/en\/#website\",\"url\":\"https:\/\/www.domainedurayol.org\/en\/\",\"name\":\"Domaine du Rayol\",\"description\":\"Le Jardin des M\u00e9diterran\u00e9es\",\"potentialAction\":[{\"@type\":\"SearchAction\",\"target\":{\"@type\":\"EntryPoint\",\"urlTemplate\":\"https:\/\/www.domainedurayol.org\/en\/?s={search_term_string}\"},\"query-input\":{\"@type\":\"PropertyValueSpecification\",\"valueRequired\":true,\"valueName\":\"search_term_string\"}}],\"inLanguage\":\"en-EN\"}]}<\/script>\n<!-- \/ Yoast SEO plugin. -->","yoast_head_json":{"title":"Shootings - Domaine du Rayol","robots":{"index":"index","follow":"follow","max-snippet":"max-snippet:-1","max-image-preview":"max-image-preview:large","max-video-preview":"max-video-preview:-1"},"canonical":"https:\/\/www.domainedurayol.org\/en\/the-garden\/shootings\/","og_locale":"en_US","og_type":"article","og_title":"Shootings - Domaine du Rayol","og_description":"Due to its enchanting setting and its balcony overlooking the sea, the Domaine du Rayol is regularly a shooting location. They trusted us Catherine Andr\u00e9, Devernois, Fid\u00e9lit\u00e9 Films (long-m\u00e9trage &#8220;Renoir&#8221; de Gilles Bourdos avec Michel Bouquet, Christa Th\u00e9ret, Vincent Rottiers), Program 33 (docu-fiction &#8220;Bon baisers de la C\u00f4te d&#8217;Azur&#8221; avec Emma de Caunes pour France {...}","og_url":"https:\/\/www.domainedurayol.org\/en\/the-garden\/shootings\/","og_site_name":"Domaine du Rayol","article_modified_time":"2024-06-19T13:46:01+00:00","og_image":[{"width":800,"height":534,"url":"https:\/\/www.domainedurayol.org\/en\/wp-content\/uploads\/sites\/4\/2024\/06\/37853450_627624747638549_4346224251754250240_n.jpg","type":"image\/jpeg"}],"twitter_card":"summary_large_image","twitter_misc":{"Est. reading time":"1 minute"},"schema":{"@context":"https:\/\/schema.org","@graph":[{"@type":"WebPage","@id":"https:\/\/www.domainedurayol.org\/en\/the-garden\/shootings\/","url":"https:\/\/www.domainedurayol.org\/en\/the-garden\/shootings\/","name":"Shootings - Domaine du Rayol","isPartOf":{"@id":"https:\/\/www.domainedurayol.org\/en\/#website"},"primaryImageOfPage":{"@id":"https:\/\/www.domainedurayol.org\/en\/the-garden\/shootings\/#primaryimage"},"image":{"@id":"https:\/\/www.domainedurayol.org\/en\/the-garden\/shootings\/#primaryimage"},"thumbnailUrl":"https:\/\/www.domainedurayol.org\/en\/wp-content\/uploads\/sites\/4\/2024\/06\/37853450_627624747638549_4346224251754250240_n.jpg","datePublished":"2024-06-19T12:42:22+00:00","dateModified":"2024-06-19T13:46:01+00:00","breadcrumb":{"@id":"https:\/\/www.domainedurayol.org\/en\/the-garden\/shootings\/#breadcrumb"},"inLanguage":"en-EN","potentialAction":[{"@type":"ReadAction","target":["https:\/\/www.domainedurayol.org\/en\/the-garden\/shootings\/"]}]},{"@type":"ImageObject","inLanguage":"en-EN","@id":"https:\/\/www.domainedurayol.org\/en\/the-garden\/shootings\/#primaryimage","url":"https:\/\/www.domainedurayol.org\/en\/wp-content\/uploads\/sites\/4\/2024\/06\/37853450_627624747638549_4346224251754250240_n.jpg","contentUrl":"https:\/\/www.domainedurayol.org\/en\/wp-content\/uploads\/sites\/4\/2024\/06\/37853450_627624747638549_4346224251754250240_n.jpg","width":800,"height":534},{"@type":"BreadcrumbList","@id":"https:\/\/www.domainedurayol.org\/en\/the-garden\/shootings\/#breadcrumb","itemListElement":[{"@type":"ListItem","position":1,"name":"Accueil","item":"https:\/\/www.domainedurayol.org\/en\/"},{"@type":"ListItem","position":2,"name":"More than a garden","item":"https:\/\/www.domainedurayol.org\/en\/the-garden\/"},{"@type":"ListItem","position":3,"name":"Shootings"}]},{"@type":"WebSite","@id":"https:\/\/www.domainedurayol.org\/en\/#website","url":"https:\/\/www.domainedurayol.org\/en\/","name":"Domaine du Rayol","description":"Le Jardin des M\u00e9diterran\u00e9es","potentialAction":[{"@type":"SearchAction","target":{"@type":"EntryPoint","urlTemplate":"https:\/\/www.domainedurayol.org\/en\/?s={search_term_string}"},"query-input":{"@type":"PropertyValueSpecification","valueRequired":true,"valueName":"search_term_string"}}],"inLanguage":"en-EN"}]}},"_links":{"self":[{"href":"https:\/\/www.domainedurayol.org\/en\/wp-json\/wp\/v2\/pages\/12334","targetHints":{"allow":["GET"]}}],"collection":[{"href":"https:\/\/www.domainedurayol.org\/en\/wp-json\/wp\/v2\/pages"}],"about":[{"href":"https:\/\/www.domainedurayol.org\/en\/wp-json\/wp\/v2\/types\/page"}],"author":[{"embeddable":true,"href":"https:\/\/www.domainedurayol.org\/en\/wp-json\/wp\/v2\/users\/9"}],"replies":[{"embeddable":true,"href":"https:\/\/www.domainedurayol.org\/en\/wp-json\/wp\/v2\/comments?post=12334"}],"version-history":[{"count":0,"href":"https:\/\/www.domainedurayol.org\/en\/wp-json\/wp\/v2\/pages\/12334\/revisions"}],"up":[{"embeddable":true,"href":"https:\/\/www.domainedurayol.org\/en\/wp-json\/wp\/v2\/pages\/3"}],"wp:featuredmedia":[{"embeddable":true,"href":"https:\/\/www.domainedurayol.org\/en\/wp-json\/wp\/v2\/media\/12350"}],"wp:attachment":[{"href":"https:\/\/www.domainedurayol.org\/en\/wp-json\/wp\/v2\/media?parent=12334"}],"curies":[{"name":"wp","href":"https:\/\/api.w.org\/{rel}","templated":true}]}}