{"id":12295,"date":"2024-06-18T11:59:47","date_gmt":"2024-06-18T09:59:47","guid":{"rendered":"https:\/\/www.domainedurayol.org\/en\/?page_id=12295"},"modified":"2024-06-20T15:38:27","modified_gmt":"2024-06-20T13:38:27","slug":"gondwana-the-mediterranean-plant-festival","status":"publish","type":"page","link":"https:\/\/www.domainedurayol.org\/en\/events\/gondwana-the-mediterranean-plant-festival\/","title":{"rendered":"Gondwana, the Mediterranean Plant Festival"},"content":{"rendered":"<p><del>T<\/del>o celebrate the arrival of autumn, the Domaine du Rayol has been organising for the past two\u00a0decades : <strong>Gondwana, the Mediterranean Plant Festival.<\/strong><\/p>\n<div class=\"gallery gallery-split\"><div class=\"gallery-captions\"><p class=\"gallery-captions__item\"><span class=\"gallery-captions__item__number\">01.<\/span> A plant stand<\/p><p class=\"gallery-captions__item\"><span class=\"gallery-captions__item__number\">02.<\/span> Plant exhibitor stands<\/p><\/div><a class=\"gallery__item\" href=\"https:\/\/www.domainedurayol.org\/en\/wp-content\/uploads\/sites\/4\/2024\/06\/Gondwana-2023-\u00a9-Domaine-du-Rayol-Goscha-Besan\u00e7on-121-e1718704432364.jpg\" title=\"Gondwana 2023 \u00a9 Domaine du Rayol, Goscha Besan\u00e7on (121)\">\n                    <div class=\"gallery__item__thumbnail\" style=\"background-image: url(https:\/\/www.domainedurayol.org\/en\/wp-content\/uploads\/sites\/4\/2024\/06\/Gondwana-2023-\u00a9-Domaine-du-Rayol-Goscha-Besan\u00e7on-121-e1718704432364.jpg)\"><\/div>\n                    <span class=\"gallery__item__number\">01<\/span>\n                <\/a><a class=\"gallery__item\" href=\"https:\/\/www.domainedurayol.org\/en\/wp-content\/uploads\/sites\/4\/2024\/06\/Gondwana-2023-\u00a9-Domaine-du-Rayol-AT-17.jpg\" title=\"Gondwana 2023 \u00a9 Domaine du Rayol, AT (17)\">\n                    <div class=\"gallery__item__thumbnail\" style=\"background-image: url(https:\/\/www.domainedurayol.org\/en\/wp-content\/uploads\/sites\/4\/2024\/06\/Gondwana-2023-\u00a9-Domaine-du-Rayol-AT-17.jpg)\"><\/div>\n                    <span class=\"gallery__item__number\">02<\/span>\n                <\/a><\/div>\n<h3>An unmissable plant festival<\/h3>\n<p>Over the years, this event has become an unmissable event for all garden lovers, both for the quality of the nursery growers and exhibitors present and for the cultural and festive programming renewed each year.<\/p>\n<p>The heart of the event is of course the sale of plants. Nursery collectors will offer their most beautiful specimens: Mediterranean shrubs and perennials, cacti and succulents, aromatic plants, tropical plants, palm trees, acacias, etc.<\/p>\n<p>Local artisans and producers will also be welcome to present their creations and products in accordance with the ethics defended by Domaine du Rayol.<\/p>\n<div class=\"gallery gallery-split\"><div class=\"gallery-captions\"><p class=\"gallery-captions__item\"><span class=\"gallery-captions__item__number\">03.<\/span> One of Gondwana's attraction, La Belle Roue<\/p><p class=\"gallery-captions__item\"><span class=\"gallery-captions__item__number\">04.<\/span> Another attraction, \"Climb in the trees\"<\/p><\/div><a class=\"gallery__item\" href=\"https:\/\/www.domainedurayol.org\/en\/wp-content\/uploads\/sites\/4\/2024\/06\/Gondwana-2023-\u00a9-Domaine-du-Rayol-Nicolas-Mouny-142.jpg\" title=\"Gondwana 2023 \u00a9 Domaine du Rayol, Nicolas Mouny (142)\">\n                    <div class=\"gallery__item__thumbnail\" style=\"background-image: url(https:\/\/www.domainedurayol.org\/en\/wp-content\/uploads\/sites\/4\/2024\/06\/Gondwana-2023-\u00a9-Domaine-du-Rayol-Nicolas-Mouny-142.jpg)\"><\/div>\n                    <span class=\"gallery__item__number\">03<\/span>\n                <\/a><a class=\"gallery__item\" href=\"https:\/\/www.domainedurayol.org\/en\/wp-content\/uploads\/sites\/4\/2024\/06\/Gondwana-2023-\u00a9-Domaine-du-Rayol-AT-99-e1718704488846.jpg\" title=\"Gondwana 2023 \u00a9 Domaine du Rayol, AT (99)\">\n                    <div class=\"gallery__item__thumbnail\" style=\"background-image: url(https:\/\/www.domainedurayol.org\/en\/wp-content\/uploads\/sites\/4\/2024\/06\/Gondwana-2023-\u00a9-Domaine-du-Rayol-AT-99-e1718704488846.jpg)\"><\/div>\n                    <span class=\"gallery__item__number\">04<\/span>\n                <\/a><\/div>\n<h3>A new theme each year<\/h3>\n<p>Every year, a new theme is on the spotlight.<\/p>\n<p>For example, for its 20th edition, Gondwana is honoring the planetary gardeners, echoing the concept of \u201cPlanetary Garden\u201d created by the landscaper Gilles Cl\u00e9ment, designer of the <em>Jardin des M\u00e9diterran\u00e9es<\/em>: the planet seen as a garden, an enclosed space with limited resources, which Man, as a good gardener, must take care of.<\/p>\n<p>Around the theme \u201cPlanetary gardeners\u201d, conferences will be scheduled, a round table with Gilles Cl\u00e9ment, and talks which will punctuate the weekend.<\/p>\n<p>The flagship activities of the Domaine du Rayol will also be added to the program: guided tours of the garden, thematic exhibition, creative workshops and activities for young and old, meetings and signings at the Librairie des Jardiniers, on-site catering at the Caf\u00e9 des Jardiniers, etc.<\/p>\n<p style=\"text-align: center\"><a class=\"btn\" href=\"https:\/\/www.domainedurayol.org\/evenements\/gondwana\/\" target=\"_blank\" rel=\"noopener noreferrer\">This year&#8217;s program (French website)<\/a><\/p>\n","protected":false},"excerpt":{"rendered":"To celebrate the arrival of autumn, the Domaine du Rayol has been organising for the past two\u00a0decades : Gondwana, the Mediterranean Plant Festival. An unmissable plant festival Over the years, this event has become an unmissable event for all garden lovers, both for the quality of the nursery growers and exhibitors present and for the {&#8230;}","protected":false},"author":9,"featured_media":12299,"parent":68,"menu_order":0,"comment_status":"closed","ping_status":"closed","template":"","meta":{"_acf_changed":false,"footnotes":""},"class_list":["post-12295","page","type-page","status-publish","has-post-thumbnail","hentry"],"acf":[],"yoast_head":"<!-- This site is optimized with the Yoast SEO plugin v24.1 - https:\/\/yoast.com\/wordpress\/plugins\/seo\/ -->\n<title>Gondwana, the Mediterranean Plant Festival - Domaine du Rayol<\/title>\n<meta name=\"robots\" content=\"index, follow, max-snippet:-1, max-image-preview:large, max-video-preview:-1\" \/>\n<link rel=\"canonical\" href=\"https:\/\/www.domainedurayol.org\/en\/events\/gondwana-the-mediterranean-plant-festival\/\" \/>\n<meta property=\"og:locale\" content=\"en_US\" \/>\n<meta property=\"og:type\" content=\"article\" \/>\n<meta property=\"og:title\" content=\"Gondwana, the Mediterranean Plant Festival - Domaine du Rayol\" \/>\n<meta property=\"og:description\" content=\"To celebrate the arrival of autumn, the Domaine du Rayol has been organising for the past two\u00a0decades : Gondwana, the Mediterranean Plant Festival. An unmissable plant festival Over the years, this event has become an unmissable event for all garden lovers, both for the quality of the nursery growers and exhibitors present and for the {...}\" \/>\n<meta property=\"og:url\" content=\"https:\/\/www.domainedurayol.org\/en\/events\/gondwana-the-mediterranean-plant-festival\/\" \/>\n<meta property=\"og:site_name\" content=\"Domaine du Rayol\" \/>\n<meta property=\"article:modified_time\" content=\"2024-06-20T13:38:27+00:00\" \/>\n<meta property=\"og:image\" content=\"https:\/\/www.domainedurayol.org\/en\/wp-content\/uploads\/sites\/4\/2024\/06\/Gondwana-2023-\u00a9-Domaine-du-Rayol-AT-17.jpg\" \/>\n\t<meta property=\"og:image:width\" content=\"4000\" \/>\n\t<meta property=\"og:image:height\" content=\"3000\" \/>\n\t<meta property=\"og:image:type\" content=\"image\/jpeg\" \/>\n<meta name=\"twitter:card\" content=\"summary_large_image\" \/>\n<meta name=\"twitter:label1\" content=\"Est. reading time\" \/>\n\t<meta name=\"twitter:data1\" content=\"1 minute\" \/>\n<script type=\"application\/ld+json\" class=\"yoast-schema-graph\">{\"@context\":\"https:\/\/schema.org\",\"@graph\":[{\"@type\":\"WebPage\",\"@id\":\"https:\/\/www.domainedurayol.org\/en\/events\/gondwana-the-mediterranean-plant-festival\/\",\"url\":\"https:\/\/www.domainedurayol.org\/en\/events\/gondwana-the-mediterranean-plant-festival\/\",\"name\":\"Gondwana, the Mediterranean Plant Festival - Domaine du Rayol\",\"isPartOf\":{\"@id\":\"https:\/\/www.domainedurayol.org\/en\/#website\"},\"primaryImageOfPage\":{\"@id\":\"https:\/\/www.domainedurayol.org\/en\/events\/gondwana-the-mediterranean-plant-festival\/#primaryimage\"},\"image\":{\"@id\":\"https:\/\/www.domainedurayol.org\/en\/events\/gondwana-the-mediterranean-plant-festival\/#primaryimage\"},\"thumbnailUrl\":\"https:\/\/www.domainedurayol.org\/en\/wp-content\/uploads\/sites\/4\/2024\/06\/Gondwana-2023-\u00a9-Domaine-du-Rayol-AT-17.jpg\",\"datePublished\":\"2024-06-18T09:59:47+00:00\",\"dateModified\":\"2024-06-20T13:38:27+00:00\",\"breadcrumb\":{\"@id\":\"https:\/\/www.domainedurayol.org\/en\/events\/gondwana-the-mediterranean-plant-festival\/#breadcrumb\"},\"inLanguage\":\"en-EN\",\"potentialAction\":[{\"@type\":\"ReadAction\",\"target\":[\"https:\/\/www.domainedurayol.org\/en\/events\/gondwana-the-mediterranean-plant-festival\/\"]}]},{\"@type\":\"ImageObject\",\"inLanguage\":\"en-EN\",\"@id\":\"https:\/\/www.domainedurayol.org\/en\/events\/gondwana-the-mediterranean-plant-festival\/#primaryimage\",\"url\":\"https:\/\/www.domainedurayol.org\/en\/wp-content\/uploads\/sites\/4\/2024\/06\/Gondwana-2023-\u00a9-Domaine-du-Rayol-AT-17.jpg\",\"contentUrl\":\"https:\/\/www.domainedurayol.org\/en\/wp-content\/uploads\/sites\/4\/2024\/06\/Gondwana-2023-\u00a9-Domaine-du-Rayol-AT-17.jpg\",\"width\":4000,\"height\":3000,\"caption\":\"Plant exhibitor stands\"},{\"@type\":\"BreadcrumbList\",\"@id\":\"https:\/\/www.domainedurayol.org\/en\/events\/gondwana-the-mediterranean-plant-festival\/#breadcrumb\",\"itemListElement\":[{\"@type\":\"ListItem\",\"position\":1,\"name\":\"Accueil\",\"item\":\"https:\/\/www.domainedurayol.org\/en\/\"},{\"@type\":\"ListItem\",\"position\":2,\"name\":\"Events\",\"item\":\"https:\/\/www.domainedurayol.org\/en\/events\/\"},{\"@type\":\"ListItem\",\"position\":3,\"name\":\"Gondwana, the Mediterranean Plant Festival\"}]},{\"@type\":\"WebSite\",\"@id\":\"https:\/\/www.domainedurayol.org\/en\/#website\",\"url\":\"https:\/\/www.domainedurayol.org\/en\/\",\"name\":\"Domaine du Rayol\",\"description\":\"Le Jardin des M\u00e9diterran\u00e9es\",\"potentialAction\":[{\"@type\":\"SearchAction\",\"target\":{\"@type\":\"EntryPoint\",\"urlTemplate\":\"https:\/\/www.domainedurayol.org\/en\/?s={search_term_string}\"},\"query-input\":{\"@type\":\"PropertyValueSpecification\",\"valueRequired\":true,\"valueName\":\"search_term_string\"}}],\"inLanguage\":\"en-EN\"}]}<\/script>\n<!-- \/ Yoast SEO plugin. -->","yoast_head_json":{"title":"Gondwana, the Mediterranean Plant Festival - Domaine du Rayol","robots":{"index":"index","follow":"follow","max-snippet":"max-snippet:-1","max-image-preview":"max-image-preview:large","max-video-preview":"max-video-preview:-1"},"canonical":"https:\/\/www.domainedurayol.org\/en\/events\/gondwana-the-mediterranean-plant-festival\/","og_locale":"en_US","og_type":"article","og_title":"Gondwana, the Mediterranean Plant Festival - Domaine du Rayol","og_description":"To celebrate the arrival of autumn, the Domaine du Rayol has been organising for the past two\u00a0decades : Gondwana, the Mediterranean Plant Festival. An unmissable plant festival Over the years, this event has become an unmissable event for all garden lovers, both for the quality of the nursery growers and exhibitors present and for the {...}","og_url":"https:\/\/www.domainedurayol.org\/en\/events\/gondwana-the-mediterranean-plant-festival\/","og_site_name":"Domaine du Rayol","article_modified_time":"2024-06-20T13:38:27+00:00","og_image":[{"width":4000,"height":3000,"url":"https:\/\/www.domainedurayol.org\/en\/wp-content\/uploads\/sites\/4\/2024\/06\/Gondwana-2023-\u00a9-Domaine-du-Rayol-AT-17.jpg","type":"image\/jpeg"}],"twitter_card":"summary_large_image","twitter_misc":{"Est. reading time":"1 minute"},"schema":{"@context":"https:\/\/schema.org","@graph":[{"@type":"WebPage","@id":"https:\/\/www.domainedurayol.org\/en\/events\/gondwana-the-mediterranean-plant-festival\/","url":"https:\/\/www.domainedurayol.org\/en\/events\/gondwana-the-mediterranean-plant-festival\/","name":"Gondwana, the Mediterranean Plant Festival - Domaine du Rayol","isPartOf":{"@id":"https:\/\/www.domainedurayol.org\/en\/#website"},"primaryImageOfPage":{"@id":"https:\/\/www.domainedurayol.org\/en\/events\/gondwana-the-mediterranean-plant-festival\/#primaryimage"},"image":{"@id":"https:\/\/www.domainedurayol.org\/en\/events\/gondwana-the-mediterranean-plant-festival\/#primaryimage"},"thumbnailUrl":"https:\/\/www.domainedurayol.org\/en\/wp-content\/uploads\/sites\/4\/2024\/06\/Gondwana-2023-\u00a9-Domaine-du-Rayol-AT-17.jpg","datePublished":"2024-06-18T09:59:47+00:00","dateModified":"2024-06-20T13:38:27+00:00","breadcrumb":{"@id":"https:\/\/www.domainedurayol.org\/en\/events\/gondwana-the-mediterranean-plant-festival\/#breadcrumb"},"inLanguage":"en-EN","potentialAction":[{"@type":"ReadAction","target":["https:\/\/www.domainedurayol.org\/en\/events\/gondwana-the-mediterranean-plant-festival\/"]}]},{"@type":"ImageObject","inLanguage":"en-EN","@id":"https:\/\/www.domainedurayol.org\/en\/events\/gondwana-the-mediterranean-plant-festival\/#primaryimage","url":"https:\/\/www.domainedurayol.org\/en\/wp-content\/uploads\/sites\/4\/2024\/06\/Gondwana-2023-\u00a9-Domaine-du-Rayol-AT-17.jpg","contentUrl":"https:\/\/www.domainedurayol.org\/en\/wp-content\/uploads\/sites\/4\/2024\/06\/Gondwana-2023-\u00a9-Domaine-du-Rayol-AT-17.jpg","width":4000,"height":3000,"caption":"Plant exhibitor stands"},{"@type":"BreadcrumbList","@id":"https:\/\/www.domainedurayol.org\/en\/events\/gondwana-the-mediterranean-plant-festival\/#breadcrumb","itemListElement":[{"@type":"ListItem","position":1,"name":"Accueil","item":"https:\/\/www.domainedurayol.org\/en\/"},{"@type":"ListItem","position":2,"name":"Events","item":"https:\/\/www.domainedurayol.org\/en\/events\/"},{"@type":"ListItem","position":3,"name":"Gondwana, the Mediterranean Plant Festival"}]},{"@type":"WebSite","@id":"https:\/\/www.domainedurayol.org\/en\/#website","url":"https:\/\/www.domainedurayol.org\/en\/","name":"Domaine du Rayol","description":"Le Jardin des M\u00e9diterran\u00e9es","potentialAction":[{"@type":"SearchAction","target":{"@type":"EntryPoint","urlTemplate":"https:\/\/www.domainedurayol.org\/en\/?s={search_term_string}"},"query-input":{"@type":"PropertyValueSpecification","valueRequired":true,"valueName":"search_term_string"}}],"inLanguage":"en-EN"}]}},"_links":{"self":[{"href":"https:\/\/www.domainedurayol.org\/en\/wp-json\/wp\/v2\/pages\/12295","targetHints":{"allow":["GET"]}}],"collection":[{"href":"https:\/\/www.domainedurayol.org\/en\/wp-json\/wp\/v2\/pages"}],"about":[{"href":"https:\/\/www.domainedurayol.org\/en\/wp-json\/wp\/v2\/types\/page"}],"author":[{"embeddable":true,"href":"https:\/\/www.domainedurayol.org\/en\/wp-json\/wp\/v2\/users\/9"}],"replies":[{"embeddable":true,"href":"https:\/\/www.domainedurayol.org\/en\/wp-json\/wp\/v2\/comments?post=12295"}],"version-history":[{"count":0,"href":"https:\/\/www.domainedurayol.org\/en\/wp-json\/wp\/v2\/pages\/12295\/revisions"}],"up":[{"embeddable":true,"href":"https:\/\/www.domainedurayol.org\/en\/wp-json\/wp\/v2\/pages\/68"}],"wp:featuredmedia":[{"embeddable":true,"href":"https:\/\/www.domainedurayol.org\/en\/wp-json\/wp\/v2\/media\/12299"}],"wp:attachment":[{"href":"https:\/\/www.domainedurayol.org\/en\/wp-json\/wp\/v2\/media?parent=12295"}],"curies":[{"name":"wp","href":"https:\/\/api.w.org\/{rel}","templated":true}]}}